{"id":118503,"date":"2025-06-06T00:00:00","date_gmt":"2025-06-05T22:00:00","guid":{"rendered":"https:\/\/gpl-love.com\/fr\/produit\/ninja-forms-campaign-monitor\/"},"modified":"2026-04-10T18:34:02","modified_gmt":"2026-04-10T16:34:02","slug":"ninja-forms-campaign-monitor","status":"publish","type":"product","link":"https:\/\/gpl-love.com\/fr\/produit\/ninja-forms-campaign-monitor\/","title":{"rendered":"Ninja Forms Campaign Monitor 3.0.7"},"content":{"rendered":"<h3>Ninja Forms Campaign Monitor Traits<\/h3>\n<p>L&rsquo;int\u00e9gration entre les formulaires Ninja et Campaign Monitor offre aux entreprises une connexion transparente qui leur permet de fusionner efficacement leurs donn\u00e9es Ninja Forms avec leur compte de moniteur de campagne. Cette int\u00e9gration remarquable donne aux utilisateurs la possibilit\u00e9 de g\u00e9n\u00e9rer sans effort des formulaires sur mesure, de collecter des donn\u00e9es essentielles et de les transmettre directement \u00e0 leurs listes de diffusion de moniteur de campagne. En tirant parti de cette int\u00e9gration tr\u00e8s efficace, les entreprises peuvent optimiser leurs efforts de g\u00e9n\u00e9ration de leads et de marketing par e-mail \u00e0 travers la magie de l&rsquo;automatisation, conservant ainsi un temps et des ressources pr\u00e9cieux. De plus, Ninja Forms Campaign Monitor pr\u00e9sente une vaste gamme d&rsquo;options de personnalisation pour les formulaires et les mod\u00e8les de messagerie, facilitant la cr\u00e9ation sans effort de communications professionnelles et captivantes qui r\u00e9sonnent vraiment avec leur public cible. En fin de compte, il est tout \u00e0 fait \u00e9vident que Ninja Forms Campaign Monitor est un outil indispensable pour toute entreprise qui cherche \u00e0 propulser leurs initiatives de marketing par e-mail \u00e0 de nouveaux sommets et \u00e0 atteindre des taux de conversion remarquables.<\/p>\n<ul>\n<li>Connectez de mani\u00e8re transparente les formulaires Ninja \u00e0 Campaign Monitor pour une int\u00e9gration facile<\/li>\n<li>Ajoutez automatiquement les nouvelles donn\u00e9es de soumission de formulaire \u00e0 la liste des abonn\u00e9s du moniteur de campagne<\/li>\n<li>Choisissez les champs de donn\u00e9es de vos formulaires \u00e0 synchroniser avec Campaign Monitor<\/li>\n<li>Gagnez du temps et augmentez l&rsquo;efficacit\u00e9 en automatisant les processus de soumission et de marketing par e-mail de votre formulaire<\/li>\n<li>Suivez facilement le succ\u00e8s de vos campagnes par e-mail et des soumissions de formulaires dans un seul emplacement central<\/li>\n<li>Personnalisez vos campagnes de marketing par e-mail et ciblez les donn\u00e9es de soumission de formulaire sp\u00e9cifiques pour la messagerie personnalis\u00e9e<\/li>\n<li>Am\u00e9liorez la communication avec vos abonn\u00e9s en int\u00e9grant les donn\u00e9es de soumission des formulaires dans vos campagnes de messagerie<\/li>\n<li>\u00c9liminez le besoin de saisie manuelle des donn\u00e9es et r\u00e9duisez la probabilit\u00e9 d&rsquo;erreur humaine<\/li>\n<li>Profitez d&rsquo;une exp\u00e9rience d&rsquo;int\u00e9gration fluide et sans tracas avec le module compl\u00e9mentaire Ninja Forms Campaign Monitor.<\/li>\n<\/ul>\n","protected":false},"excerpt":{"rendered":"<p>L&rsquo;int\u00e9gration entre les formulaires Ninja et le moniteur de campagne est un outil incroyablement robuste et efficace qui facilite la connexion transparente de vos formulaires de contact Ninja Forms avec votre logiciel de marketing par e-mail de moniteur de campagne. En incorporant cette int\u00e9gration, vous avez la commodit\u00e9 de capturer sans effort les prospects et d&rsquo;automatiser vos campagnes de marketing par e-mail, le tout sans avoir besoin d&rsquo;un travail manuel fastidieux. C&rsquo;est ind\u00e9niablement un atout essentiel pour toute entreprise qui vise \u00e0 \u00e9tendre sa liste de diffusion et \u00e0 forger des connexions authentiques avec son public cible. Alors pourquoi tarder plus longtemps? Prenez l&rsquo;initiative de commencer votre voyage aujourd&rsquo;hui et assistez aux r\u00e9sultats tangibles que vous avez depuis longtemps envie!<\/p>\n","protected":false},"featured_media":144760,"comment_status":"open","ping_status":"open","template":"","meta":[],"product_brand":[2605],"product_cat":[1207,1181,1186],"product_tag":[1313],"class_list":{"0":"post-118503","1":"product","2":"type-product","3":"status-publish","4":"has-post-thumbnail","6":"product_brand-ninja-forms","7":"product_cat-commercialisation-wordpress-plugins","8":"product_cat-plugins","9":"product_cat-wordpress-plugins","10":"product_tag-ninja-forms","11":"member-discount","12":"discount-restricted","14":"first","15":"instock","16":"sale","17":"downloadable","18":"virtual","19":"sold-individually","20":"purchasable","21":"product-type-simple"},"_links":{"self":[{"href":"https:\/\/gpl-love.com\/fr\/wp-json\/wp\/v2\/product\/118503","targetHints":{"allow":["GET"]}}],"collection":[{"href":"https:\/\/gpl-love.com\/fr\/wp-json\/wp\/v2\/product"}],"about":[{"href":"https:\/\/gpl-love.com\/fr\/wp-json\/wp\/v2\/types\/product"}],"replies":[{"embeddable":true,"href":"https:\/\/gpl-love.com\/fr\/wp-json\/wp\/v2\/comments?post=118503"}],"wp:featuredmedia":[{"embeddable":true,"href":"https:\/\/gpl-love.com\/fr\/wp-json\/wp\/v2\/media\/144760"}],"wp:attachment":[{"href":"https:\/\/gpl-love.com\/fr\/wp-json\/wp\/v2\/media?parent=118503"}],"wp:term":[{"taxonomy":"product_brand","embeddable":true,"href":"https:\/\/gpl-love.com\/fr\/wp-json\/wp\/v2\/product_brand?post=118503"},{"taxonomy":"product_cat","embeddable":true,"href":"https:\/\/gpl-love.com\/fr\/wp-json\/wp\/v2\/product_cat?post=118503"},{"taxonomy":"product_tag","embeddable":true,"href":"https:\/\/gpl-love.com\/fr\/wp-json\/wp\/v2\/product_tag?post=118503"}],"curies":[{"name":"wp","href":"https:\/\/api.w.org\/{rel}","templated":true}]}}