{"id":118501,"date":"2021-10-11T00:00:00","date_gmt":"2021-10-10T22:00:00","guid":{"rendered":"https:\/\/gpl-love.com\/fr\/produit\/ninja-forms-batchbook-crm\/"},"modified":"2026-03-20T23:28:18","modified_gmt":"2026-03-20T22:28:18","slug":"ninja-forms-batchbook-crm","status":"publish","type":"product","link":"https:\/\/gpl-love.com\/fr\/produit\/ninja-forms-batchbook-crm\/","title":{"rendered":"Ninja Forms Batchbook CRM 1.3.3"},"content":{"rendered":"<h3>Ninja Forms Batchbook CRM Traits<\/h3>\n<p>Le Ninja forme BatchBook CRM, un outil robuste et efficace, amalgate sans effort les avantages des deux syst\u00e8mes pour aider les entreprises \u00e0 rationaliser leur gestion de la relation client. Ce logiciel r\u00e9volutionnaire accorde aux utilisateurs la commodit\u00e9 de capturer les prospects et les donn\u00e9es client de mani\u00e8re transparente gr\u00e2ce \u00e0 l&rsquo;utilisation de formulaires personnalisables g\u00e9n\u00e9r\u00e9s \u00e0 l&rsquo;aide de formulaires Ninja. De plus, les donn\u00e9es accumul\u00e9es sont int\u00e9gr\u00e9es de mani\u00e8re transparente \u00e0 BatchBook, un syst\u00e8me CRM global qui permet aux entreprises de surveiller et de suivre les interactions des clients, de g\u00e9rer efficacement les offres et d&rsquo;automatiser diverses t\u00e2ches. En vertu de cette int\u00e9gration transparente, les utilisateurs sont en mesure d&rsquo;administrer sans effort leurs donn\u00e9es clients et d&rsquo;optimiser leurs efforts de sensibilisation des clients, aboutissant ainsi \u00e0 un niveau am\u00e9lior\u00e9 de satisfaction client et \u00e0 une augmentation notable de la prosp\u00e9rit\u00e9 des entreprises.<\/p>\n<ul>\n<li>Organisez efficacement les donn\u00e9es des clients avec l&rsquo;int\u00e9gration des formulaires Ninja et de BatchBook CRM<\/li>\n<li>Transf\u00e9rer de mani\u00e8re transparente des formulaires soumis et des informations clients directement dans votre syst\u00e8me CRM<\/li>\n<li>Centraliser vos donn\u00e9es clients pour un acc\u00e8s facile et une gestion des clients am\u00e9lior\u00e9e<\/li>\n<li>Suivre les interactions des clients et l&rsquo;historique de la communication en un seul endroit<\/li>\n<li>Personnaliser les formulaires et les champs pour recueillir des informations sp\u00e9cifiques des clients<\/li>\n<li>Augmenter la productivit\u00e9 en \u00e9liminant la saisie manuelle des donn\u00e9es et en am\u00e9liorant le flux de travail<\/li>\n<li>Am\u00e9lioration de la pr\u00e9cision de la saisie des donn\u00e9es en raison du transfert automatis\u00e9 d&rsquo;informations<\/li>\n<li>Afficher les profils de clients individuels avec toutes les informations pertinentes en un seul endroit<\/li>\n<li>Am\u00e9liorez la communication et l&rsquo;engagement des clients avec la messagerie personnalis\u00e9e en fonction de leurs donn\u00e9es de profil client.<\/li>\n<\/ul>\n","protected":false},"excerpt":{"rendered":"<p>L&rsquo;int\u00e9gration entre Ninja Forms et BatchBook CRM offre une solution tr\u00e8s efficace et rationalis\u00e9e pour les entreprises visant \u00e0 recueillir des informations sur les clients et \u00e0 l&rsquo;int\u00e9grer de mani\u00e8re transparente dans leur syst\u00e8me CRM BatchBook. En tirant parti de cet outil robuste, les utilisateurs sont autoris\u00e9s \u00e0 g\u00e9rer efficacement leur relation client, \u00e0 suivre et \u00e0 surveiller les interactions du client, le tout dans une plate-forme unifi\u00e9e et pratique. Avec la possibilit\u00e9 de personnaliser les formulaires et de simplifier les processus gr\u00e2ce \u00e0 des fonctionnalit\u00e9s d&rsquo;automatisation conviviales, l&rsquo;int\u00e9gration Ninja Formes BatchBook CRM att\u00e9nue consid\u00e9rablement les charges associ\u00e9es \u00e0 la gestion de la relation client, permettant aux entreprises de hi\u00e9rarchiser leurs efforts d&rsquo;expansion et d&rsquo;atteindre un succ\u00e8s remarquable.<\/p>\n","protected":false},"featured_media":144759,"comment_status":"open","ping_status":"open","template":"","meta":[],"product_brand":[2605],"product_cat":[1207,1181,1186],"product_tag":[1313],"class_list":{"0":"post-118501","1":"product","2":"type-product","3":"status-publish","4":"has-post-thumbnail","6":"product_brand-ninja-forms","7":"product_cat-commercialisation-wordpress-plugins","8":"product_cat-plugins","9":"product_cat-wordpress-plugins","10":"product_tag-ninja-forms","11":"member-discount","12":"discount-restricted","14":"first","15":"instock","16":"sale","17":"downloadable","18":"virtual","19":"sold-individually","20":"purchasable","21":"product-type-simple"},"_links":{"self":[{"href":"https:\/\/gpl-love.com\/fr\/wp-json\/wp\/v2\/product\/118501","targetHints":{"allow":["GET"]}}],"collection":[{"href":"https:\/\/gpl-love.com\/fr\/wp-json\/wp\/v2\/product"}],"about":[{"href":"https:\/\/gpl-love.com\/fr\/wp-json\/wp\/v2\/types\/product"}],"replies":[{"embeddable":true,"href":"https:\/\/gpl-love.com\/fr\/wp-json\/wp\/v2\/comments?post=118501"}],"wp:featuredmedia":[{"embeddable":true,"href":"https:\/\/gpl-love.com\/fr\/wp-json\/wp\/v2\/media\/144759"}],"wp:attachment":[{"href":"https:\/\/gpl-love.com\/fr\/wp-json\/wp\/v2\/media?parent=118501"}],"wp:term":[{"taxonomy":"product_brand","embeddable":true,"href":"https:\/\/gpl-love.com\/fr\/wp-json\/wp\/v2\/product_brand?post=118501"},{"taxonomy":"product_cat","embeddable":true,"href":"https:\/\/gpl-love.com\/fr\/wp-json\/wp\/v2\/product_cat?post=118501"},{"taxonomy":"product_tag","embeddable":true,"href":"https:\/\/gpl-love.com\/fr\/wp-json\/wp\/v2\/product_tag?post=118501"}],"curies":[{"name":"wp","href":"https:\/\/api.w.org\/{rel}","templated":true}]}}