{"id":118499,"date":"2023-07-12T00:00:00","date_gmt":"2023-07-11T22:00:00","guid":{"rendered":"https:\/\/gpl-love.com\/fr\/produit\/ninja-forms-aweber\/"},"modified":"2026-04-10T18:34:01","modified_gmt":"2026-04-10T16:34:01","slug":"ninja-forms-aweber","status":"publish","type":"product","link":"https:\/\/gpl-love.com\/fr\/produit\/ninja-forms-aweber\/","title":{"rendered":"Ninja Forms AWeber 3.2.1"},"content":{"rendered":"<h3>Ninja Forms AWeber Traits<\/h3>\n<p>Ninja Forms Aweber est un plugin extr\u00eamement puissant, m\u00e9ticuleusement con\u00e7u pour faciliter l&rsquo;optimisation des efforts de marketing par e-mail des entreprises. En incorporant ce plugin dans leur bo\u00eete \u00e0 outils, les utilisateurs peuvent \u00e9tablir sans effort une connexion entre leurs formulaires WordPress et leur compte de marketing par e-mail Aweber. Cette int\u00e9gration permet de mani\u00e8re transparente aux entreprises d&rsquo;amasser une collection substantielle d&rsquo;adresses e-mail et d&rsquo;autres donn\u00e9es cruciales des visiteurs de leur site Web, en l&rsquo;utilisant par la suite pour organiser des campagnes d&rsquo;e-mail cibl\u00e9es avec pr\u00e9cision. Le plugin lui-m\u00eame est extr\u00eamement convivial, offrant un degr\u00e9 \u00e9lev\u00e9 de personnalisation qui r\u00e9pond aux exigences sur mesure de chaque entreprise individuelle. Que l&rsquo;on soit un propri\u00e9taire entreprenant de petites entreprises ou un professionnel chevronn\u00e9 du marketing, l&rsquo;indispensabilit\u00e9 des formulaires Ninja Aweber ne peut \u00eatre surestim\u00e9 pour quiconque s&rsquo;efforce d&rsquo;amplifier leurs triomphes dans le domaine du marketing par e-mail.<\/p>\n<ul>\n<li>Int\u00e9gration transparente entre les formulaires Ninja et Aweber<\/li>\n<li>Capacit\u00e9 \u00e0 cartographier Ninja Formes Fields aux champs Aweber correspondants<\/li>\n<li>Campagnes de marketing par e-mail automatis\u00e9es d\u00e9clench\u00e9es par les soumissions de formulaires<\/li>\n<li>Mod\u00e8les de messagerie personnalisables pour correspondre \u00e0 l&rsquo;identit\u00e9 de la marque<\/li>\n<li>Synchronisation en temps r\u00e9el de nouveaux abonn\u00e9s par e-mail \u00e0 Aweber List<\/li>\n<li>Option d&rsquo;envoyer diff\u00e9rents e-mails \u00e0 diff\u00e9rents segments d&rsquo;abonn\u00e9s en fonction des r\u00e9ponses au formulaire<\/li>\n<li>Suivez et analysez les performances des e-mails via les outils de rapport et d&rsquo;analyse d&rsquo;Aweber.<\/li>\n<\/ul>\n","protected":false},"excerpt":{"rendered":"<p>Ninja Forms Aweber est une int\u00e9gration incroyablement robuste, facilitant la connexion transparente entre vos formulaires Ninja et votre compte Aweber. Cette int\u00e9gration offre la commodit\u00e9 de capturer sans effort des donn\u00e9es et d&rsquo;\u00e9largir votre liste de marketing par e-mail. En utilisant les formulaires Ninja Aweber, vous pouvez g\u00e9n\u00e9rer efficacement de nouveaux abonn\u00e9s dans la soumission Aweber lors du formulaire, lier efficacement les champs de formulaire \u00e0 votre liste Aweber, et m\u00eame cat\u00e9goriser vos listes en fonction de l&rsquo;entr\u00e9e de l&rsquo;utilisateur. Que vous g\u00e9rez un blog, un magasin de commerce \u00e9lectronique ou une agence, Ninja Forms Aweber sert de solution id\u00e9ale pour amplifier et am\u00e9liorer vos efforts de marketing par e-mail.<\/p>\n","protected":false},"featured_media":144758,"comment_status":"open","ping_status":"open","template":"","meta":[],"product_brand":[2605],"product_cat":[1207,1181,1186],"product_tag":[1313],"class_list":{"0":"post-118499","1":"product","2":"type-product","3":"status-publish","4":"has-post-thumbnail","6":"product_brand-ninja-forms","7":"product_cat-commercialisation-wordpress-plugins","8":"product_cat-plugins","9":"product_cat-wordpress-plugins","10":"product_tag-ninja-forms","11":"member-discount","12":"discount-restricted","14":"first","15":"instock","16":"sale","17":"downloadable","18":"virtual","19":"sold-individually","20":"purchasable","21":"product-type-simple"},"_links":{"self":[{"href":"https:\/\/gpl-love.com\/fr\/wp-json\/wp\/v2\/product\/118499","targetHints":{"allow":["GET"]}}],"collection":[{"href":"https:\/\/gpl-love.com\/fr\/wp-json\/wp\/v2\/product"}],"about":[{"href":"https:\/\/gpl-love.com\/fr\/wp-json\/wp\/v2\/types\/product"}],"replies":[{"embeddable":true,"href":"https:\/\/gpl-love.com\/fr\/wp-json\/wp\/v2\/comments?post=118499"}],"wp:featuredmedia":[{"embeddable":true,"href":"https:\/\/gpl-love.com\/fr\/wp-json\/wp\/v2\/media\/144758"}],"wp:attachment":[{"href":"https:\/\/gpl-love.com\/fr\/wp-json\/wp\/v2\/media?parent=118499"}],"wp:term":[{"taxonomy":"product_brand","embeddable":true,"href":"https:\/\/gpl-love.com\/fr\/wp-json\/wp\/v2\/product_brand?post=118499"},{"taxonomy":"product_cat","embeddable":true,"href":"https:\/\/gpl-love.com\/fr\/wp-json\/wp\/v2\/product_cat?post=118499"},{"taxonomy":"product_tag","embeddable":true,"href":"https:\/\/gpl-love.com\/fr\/wp-json\/wp\/v2\/product_tag?post=118499"}],"curies":[{"name":"wp","href":"https:\/\/api.w.org\/{rel}","templated":true}]}}