{"id":118497,"date":"2025-06-06T00:00:00","date_gmt":"2025-06-05T22:00:00","guid":{"rendered":"https:\/\/gpl-love.com\/fr\/produit\/ninja-forms-activecampaign\/"},"modified":"2026-04-10T18:33:58","modified_gmt":"2026-04-10T16:33:58","slug":"ninja-forms-activecampaign","status":"publish","type":"product","link":"https:\/\/gpl-love.com\/fr\/produit\/ninja-forms-activecampaign\/","title":{"rendered":"Ninja Forms Active Campaign 3.1.3"},"content":{"rendered":"<h3>Ninja Forms Active Campaign Traits<\/h3>\n<p>Ninja Forms Campaign Active est un outil remarquablement exceptionnel qui a \u00e9t\u00e9 ing\u00e9nieusement con\u00e7u pour aider les entreprises \u00e0 rationaliser et \u00e0 optimiser leurs efforts de marketing gr\u00e2ce \u00e0 la campagne d&rsquo;int\u00e9gration transparente de la campagne active avec des formes Ninja. Cette int\u00e9gration impeccable permet sans aucun doute aux entreprises de capturer sans effort les prospects, d&rsquo;automatiser efficacement leurs campagnes marketing et de construire de mani\u00e8re approfondie leurs listes de diffusion. Gr\u00e2ce aux capacit\u00e9s remarquables de la campagne active des formulaires Ninja, les entreprises sont d\u00e9sormais accord\u00e9es \u00e0 la possibilit\u00e9 de fabriquer des formes personnalis\u00e9es de mani\u00e8re experte, d&rsquo;ajouter adroite et de lancer astucieusement les flux de travail d&rsquo;automatisation, le tout avec l&rsquo;objectif ultime de diffuser efficacement le message le plus appropri\u00e9 aux plus appropri\u00e9s au message le plus appropri\u00e9 au plus appropri\u00e9 au message le plus appropri\u00e9 aux plus appropri\u00e9s cibler le public pr\u00e9cis\u00e9ment au moment le plus opportun. La convivialit\u00e9 in\u00e9gal\u00e9e de cette plate-forme amplifie davantage son attrait, permettant m\u00eame aux personnes les plus difficiles sur le plan technologique de le configurer et de le man\u0153uvrer de mani\u00e8re transparente \u00e0 leur avantage. Par cons\u00e9quent, avec l&rsquo;adoption et l&rsquo;utilisation de la campagne active des formes Ninja, les entreprises peuvent sans aucun doute \u00e9lever l&rsquo;efficacit\u00e9 de leurs efforts de marketing \u00e0 des sommets sans pr\u00e9c\u00e9dent, manifestant ainsi dans des taux de conversion consid\u00e9rablement am\u00e9lior\u00e9s et un retour sur investissement consid\u00e9rablement am\u00e9lior\u00e9.<\/p>\n<ul>\n<li>Int\u00e9gration transparente entre les formulaires Ninja et la campagne active<\/li>\n<li>Ajouter automatiquement les nouvelles soumissions de formulaires aux listes de campagnes actives actives<\/li>\n<li>Synchroniser les contacts existants entre les formulaires Ninja et la campagne active<\/li>\n<li>Segmenter facilement les contacts en fonction des donn\u00e9es de soumission de formulaire<\/li>\n<li>Campagnes par e-mail automatis\u00e9es d\u00e9clench\u00e9es par des soumissions de formulaires ninja<\/li>\n<li>Mod\u00e8les de messagerie personnalisables pour les campagnes automatis\u00e9es<\/li>\n<li>Suivez les performances de la campagne avec les analyses de campagne actives<\/li>\n<\/ul>\n","protected":false},"excerpt":{"rendered":"<p>L&rsquo;int\u00e9gration des formulaires Ninja et de la campagne active offre des fonctionnalit\u00e9s incroyables, ouvrant la voie \u00e0 une connexion transparente entre vos soumissions Ninja Forms et votre compte de campagne actif. Cet outil puissant vous permet d&rsquo;automatiser vos efforts de marketing par e-mail, de surveiller efficacement le comportement des utilisateurs et d&rsquo;obtenir des informations inestimables sur le comportement et les pr\u00e9f\u00e9rences de votre client\u00e8le estim\u00e9e, le tout de mani\u00e8re sans tracas. Avec l&rsquo;avantage suppl\u00e9mentaire de pouvoir cartographier avec pr\u00e9cision les champs de formulaire aux \u00e9tiquettes et listes de campagne actives, vous \u00eates accord\u00e9 \u00e0 la possibilit\u00e9 de segmenter rapidement et sans effort sans effort, vous permettant ainsi de cr\u00e9er des campagnes hautement cibl\u00e9es qui sont garanties de produire des taux de conversion impressionnants. Cette int\u00e9gration est une v\u00e9ritable aubaine pour les entreprises et les sp\u00e9cialistes du marketing, car elle facilite la rationalisation des efforts de marketing par e-mail, entra\u00eenant finalement la croissance organique et l&rsquo;expansion de votre base d&rsquo;audience.<\/p>\n","protected":false},"featured_media":144754,"comment_status":"open","ping_status":"open","template":"","meta":[],"product_brand":[2605],"product_cat":[1207,1181,1186],"product_tag":[1313],"class_list":{"0":"post-118497","1":"product","2":"type-product","3":"status-publish","4":"has-post-thumbnail","6":"product_brand-ninja-forms","7":"product_cat-commercialisation-wordpress-plugins","8":"product_cat-plugins","9":"product_cat-wordpress-plugins","10":"product_tag-ninja-forms","11":"member-discount","12":"discount-restricted","14":"first","15":"instock","16":"sale","17":"downloadable","18":"virtual","19":"sold-individually","20":"purchasable","21":"product-type-simple"},"_links":{"self":[{"href":"https:\/\/gpl-love.com\/fr\/wp-json\/wp\/v2\/product\/118497","targetHints":{"allow":["GET"]}}],"collection":[{"href":"https:\/\/gpl-love.com\/fr\/wp-json\/wp\/v2\/product"}],"about":[{"href":"https:\/\/gpl-love.com\/fr\/wp-json\/wp\/v2\/types\/product"}],"replies":[{"embeddable":true,"href":"https:\/\/gpl-love.com\/fr\/wp-json\/wp\/v2\/comments?post=118497"}],"wp:featuredmedia":[{"embeddable":true,"href":"https:\/\/gpl-love.com\/fr\/wp-json\/wp\/v2\/media\/144754"}],"wp:attachment":[{"href":"https:\/\/gpl-love.com\/fr\/wp-json\/wp\/v2\/media?parent=118497"}],"wp:term":[{"taxonomy":"product_brand","embeddable":true,"href":"https:\/\/gpl-love.com\/fr\/wp-json\/wp\/v2\/product_brand?post=118497"},{"taxonomy":"product_cat","embeddable":true,"href":"https:\/\/gpl-love.com\/fr\/wp-json\/wp\/v2\/product_cat?post=118497"},{"taxonomy":"product_tag","embeddable":true,"href":"https:\/\/gpl-love.com\/fr\/wp-json\/wp\/v2\/product_tag?post=118497"}],"curies":[{"name":"wp","href":"https:\/\/api.w.org\/{rel}","templated":true}]}}