{"id":118495,"date":"2026-01-10T00:00:00","date_gmt":"2026-01-09T23:00:00","guid":{"rendered":"https:\/\/gpl-love.com\/fr\/produit\/mainwp-rocket\/"},"modified":"2026-03-20T23:23:27","modified_gmt":"2026-03-20T22:23:27","slug":"mainwp-rocket","status":"publish","type":"product","link":"https:\/\/gpl-love.com\/fr\/produit\/mainwp-rocket\/","title":{"rendered":"MainWP Rocket 5.1.6"},"content":{"rendered":"<h3>MainWP Rocket Traits<\/h3>\n<p>MainWP Rocket, un plugin WordPress robuste, offre aux propri\u00e9taires de sites Web la possibilit\u00e9 d&rsquo;am\u00e9liorer la vitesse et les performances de leur site Web dans une large mesure. En tirant parti des fonctionnalit\u00e9s de la fus\u00e9e MainWP, les utilisateurs peuvent activer de mani\u00e8re transparente la mise en cache et la minification des fichiers CSS et JavaScript, optimiser les images et s&rsquo;int\u00e9grer de mani\u00e8re transparente aux r\u00e9seaux de livraison de contenu (CDN). De plus, ce plugin exceptionnel permet le report du chargement JavaScript, facilite le chargement paresseux des images et optimise la base de donn\u00e9es pour garantir une efficacit\u00e9 maximale. Notamment, l&rsquo;installation et l&rsquo;utilisation de MainWP Rocket sont accomplies sans effort en raison de sa nature conviviale. De plus, l&rsquo;interface du plugin permet aux utilisateurs de surveiller les performances de leur site Web en temps r\u00e9el, ce qui en fait un atout indispensable pour tout propri\u00e9taire de site Web cherchant \u00e0 \u00e9lever la vitesse et les performances de leur site Web.<\/p>\n<ul>\n<li>MainWP Rocket est un plugin puissant con\u00e7u pour optimiser la vitesse et les performances de votre site WordPress<\/li>\n<li>Il offre des fonctionnalit\u00e9s de mise en cache intuitives et puissantes qui aident \u00e0 r\u00e9duire les temps de chargement, \u00e0 am\u00e9liorer l&rsquo;exp\u00e9rience utilisateur et \u00e0 augmenter les classements SEO<\/li>\n<li>Le plugin est \u00e9quip\u00e9 d&rsquo;une gamme de techniques d&rsquo;optimisation des performances, telles que la minification, la compression GZIP et le chargement paresseux, ce qui r\u00e9duit consid\u00e9rablement la taille de la page.<\/li>\n<li>MainWP Rocket fournit \u00e9galement une suite d&rsquo;outils d&rsquo;optimisation qui peuvent vous aider \u00e0 rationaliser les performances de votre site Web en optimisant les images, en nettoyant la base de donn\u00e9es de votre site, en r\u00e9duisant les demandes HTTP et plus encore.<\/li>\n<li>Le plugin est sans effort pour installer et configurer, et la plupart des utilisateurs \u00e9prouvent des temps de chargement de site am\u00e9lior\u00e9s en quelques minutes.<\/li>\n<li>MainWP Rocket est livr\u00e9 avec un support technique de premier ordre pour vous assurer que vous tirez toujours le meilleur parti de votre investissement.<\/li>\n<li>Il s&rsquo;agit d&rsquo;un plugin premium qui offre des frais uniques, sans abonnements ni paiements r\u00e9currents requis.<\/li>\n<li>En r\u00e9sum\u00e9, si vous souhaitez am\u00e9liorer la vitesse de votre site Web, l&rsquo;exp\u00e9rience utilisateur et le classement SEO, la fus\u00e9e MainWP est la solution ultime pour vous.<\/li>\n<\/ul>\n","protected":false},"excerpt":{"rendered":"<p>MainWP Rocket, un plugin tr\u00e8s efficace sp\u00e9cialement con\u00e7u pour les sites Web WordPress, a le but d&rsquo;optimiser les performances globales de votre site et d&rsquo;acc\u00e9l\u00e9rer son temps de chargement. Il accomplit cela gr\u00e2ce \u00e0 la mise en \u0153uvre d&rsquo;une myriade de techniques d&rsquo;optimisation, englobant la minification, la mise en cache du navigateur et la compression GZIP, qui fonctionnent tous harmonieusement pour fournir aux utilisateurs une rencontre de site Web exceptionnellement rapide et sans faille. En utilisant la fus\u00e9e MainWP, vous pouvez augmenter sans effort le score Google Pagespeed de votre site, diminuer les taux de rebond et amplifier les taux de conversion. De plus, ce plugin propose un processus de configuration convivial qui ne n\u00e9cessite aucune expertise de codage, ce qui en fait un choix id\u00e9al pour les propri\u00e9taires de sites Web cherchant \u00e0 accro\u00eetre la rapidit\u00e9 de leur site sans faire face \u00e0 des complications inutiles.<\/p>\n","protected":false},"featured_media":144439,"comment_status":"open","ping_status":"open","template":"","meta":[],"product_brand":[2587],"product_cat":[1187,1181,1186],"product_tag":[1299],"class_list":{"0":"post-118495","1":"product","2":"type-product","3":"status-publish","4":"has-post-thumbnail","6":"product_brand-main-wp","7":"product_cat-administration-wordpress-plugins","8":"product_cat-plugins","9":"product_cat-wordpress-plugins","10":"product_tag-main-wp","11":"member-discount","12":"discount-restricted","14":"first","15":"instock","16":"sale","17":"downloadable","18":"virtual","19":"sold-individually","20":"purchasable","21":"product-type-simple"},"_links":{"self":[{"href":"https:\/\/gpl-love.com\/fr\/wp-json\/wp\/v2\/product\/118495","targetHints":{"allow":["GET"]}}],"collection":[{"href":"https:\/\/gpl-love.com\/fr\/wp-json\/wp\/v2\/product"}],"about":[{"href":"https:\/\/gpl-love.com\/fr\/wp-json\/wp\/v2\/types\/product"}],"replies":[{"embeddable":true,"href":"https:\/\/gpl-love.com\/fr\/wp-json\/wp\/v2\/comments?post=118495"}],"wp:featuredmedia":[{"embeddable":true,"href":"https:\/\/gpl-love.com\/fr\/wp-json\/wp\/v2\/media\/144439"}],"wp:attachment":[{"href":"https:\/\/gpl-love.com\/fr\/wp-json\/wp\/v2\/media?parent=118495"}],"wp:term":[{"taxonomy":"product_brand","embeddable":true,"href":"https:\/\/gpl-love.com\/fr\/wp-json\/wp\/v2\/product_brand?post=118495"},{"taxonomy":"product_cat","embeddable":true,"href":"https:\/\/gpl-love.com\/fr\/wp-json\/wp\/v2\/product_cat?post=118495"},{"taxonomy":"product_tag","embeddable":true,"href":"https:\/\/gpl-love.com\/fr\/wp-json\/wp\/v2\/product_tag?post=118495"}],"curies":[{"name":"wp","href":"https:\/\/api.w.org\/{rel}","templated":true}]}}