{"id":118493,"date":"2024-05-30T00:00:00","date_gmt":"2024-05-29T22:00:00","guid":{"rendered":"https:\/\/gpl-love.com\/fr\/produit\/mainwp-post-plus\/"},"modified":"2026-03-20T23:23:26","modified_gmt":"2026-03-20T22:23:26","slug":"mainwp-post-plus","status":"publish","type":"product","link":"https:\/\/gpl-love.com\/fr\/produit\/mainwp-post-plus\/","title":{"rendered":"MainWP Post Plus 5.0.1"},"content":{"rendered":"<h3>MainWP Post Plus Traits<\/h3>\n<p>MainWP Post Plus propose une multitude de fonctionnalit\u00e9s puissantes pour g\u00e9rer efficacement vos sites Web WordPress, ce qui en fait un outil indispensable dans l&rsquo;arsenal de tout propri\u00e9taire de site. Ce plugin facilite la cr\u00e9ation et la publication transparentes de nouveaux publications sur un ou plusieurs sites simultan\u00e9ment, am\u00e9liorant consid\u00e9rablement la productivit\u00e9. En outre, il permet aux utilisateurs de planifier facilement les publications pour une version future, optimisant ainsi la gestion du temps et la r\u00e9duction de l&rsquo;effort inutile. De plus, MainWP Post Plus poss\u00e8de une vaste gamme d&rsquo;options de personnalisation, permettant aux utilisateurs d&rsquo;incorporer sans effort des champs personnalis\u00e9s, des images en vedette et des balises dans leurs publications, am\u00e9liorant finalement l&rsquo;esth\u00e9tique et la fonctionnalit\u00e9 globales. De plus, le plugin englobe la capacit\u00e9 inestimable pour \u00e9tablir des mod\u00e8les de poste par d\u00e9faut, assurant l&rsquo;uniformit\u00e9 et la coh\u00e9rence sur tous les sites. Essentiellement, MainWP Post Plus est un atout indispensable pour les propri\u00e9taires de sites WordPress cherchant \u00e0 rationaliser et \u00e0 acc\u00e9l\u00e9rer leur processus de cr\u00e9ation de contenu.<\/p>\n<ul>\n<li>Gave le temps en permettant la cr\u00e9ation en vrac et la publication de articles de blog sur plusieurs sites WordPress<\/li>\n<li>Rationalise le flux de travail en fournissant un tableau de bord unifi\u00e9 pour g\u00e9rer les publications et le contenu<\/li>\n<li>Augmente l&rsquo;efficacit\u00e9 en offrant des options pour planifier les postes<\/li>\n<li>Am\u00e9liore la personnalisation avec la possibilit\u00e9 d&rsquo;utiliser des types de poste et des taxonomies personnalis\u00e9s<\/li>\n<li>Am\u00e9liore le r\u00e9f\u00e9rencement avec l&rsquo;int\u00e9gration int\u00e9gr\u00e9e de Yoast<\/li>\n<li>Fournit des options de gestion des utilisateurs, y compris l&rsquo;attribution de publications \u00e0 des utilisateurs sp\u00e9cifiques<\/li>\n<li>Offre une protection contre la suppression accidentelle avec des fonctionnalit\u00e9s de sauvegarde automatique<\/li>\n<li>Permet une modification et une mise \u00e0 jour faciles des messages via le tableau de bord<\/li>\n<li>Compatible avec les th\u00e8mes et plugins WordPress les plus populaires<\/li>\n<li>Fournit une solution rentable pour g\u00e9rer plusieurs sites WordPress.<\/li>\n<\/ul>\n","protected":false},"excerpt":{"rendered":"<p>MainWP Post Plus, un plugin WordPress exceptionnellement robuste, vous accorde la capacit\u00e9 remarquable de g\u00e9n\u00e9rer et de publier des messages de mani\u00e8re transparente sur de nombreux sites WordPress simultan\u00e9ment. Gr\u00e2ce \u00e0 son interface remarquablement conviviale et \u00e0 ses fonctionnalit\u00e9s de pointe, superviser sans effort votre contenu dans tout votre r\u00e9seau de sites WordPress devient un jeu d&rsquo;enfant. En exploitant la puissance de MainWP Post Plus, non seulement vous pourrez \u00e9conomiser beaucoup de temps, mais vous assisterarez \u00e9galement \u00e0 une augmentation substantielle de la productivit\u00e9 et de l&rsquo;efficacit\u00e9.<\/p>\n","protected":false},"featured_media":144437,"comment_status":"open","ping_status":"open","template":"","meta":[],"product_brand":[2587],"product_cat":[1187,1181,1186],"product_tag":[1299],"class_list":{"0":"post-118493","1":"product","2":"type-product","3":"status-publish","4":"has-post-thumbnail","6":"product_brand-main-wp","7":"product_cat-administration-wordpress-plugins","8":"product_cat-plugins","9":"product_cat-wordpress-plugins","10":"product_tag-main-wp","11":"member-discount","12":"discount-restricted","14":"first","15":"instock","16":"sale","17":"downloadable","18":"virtual","19":"sold-individually","20":"purchasable","21":"product-type-simple"},"_links":{"self":[{"href":"https:\/\/gpl-love.com\/fr\/wp-json\/wp\/v2\/product\/118493","targetHints":{"allow":["GET"]}}],"collection":[{"href":"https:\/\/gpl-love.com\/fr\/wp-json\/wp\/v2\/product"}],"about":[{"href":"https:\/\/gpl-love.com\/fr\/wp-json\/wp\/v2\/types\/product"}],"replies":[{"embeddable":true,"href":"https:\/\/gpl-love.com\/fr\/wp-json\/wp\/v2\/comments?post=118493"}],"wp:featuredmedia":[{"embeddable":true,"href":"https:\/\/gpl-love.com\/fr\/wp-json\/wp\/v2\/media\/144437"}],"wp:attachment":[{"href":"https:\/\/gpl-love.com\/fr\/wp-json\/wp\/v2\/media?parent=118493"}],"wp:term":[{"taxonomy":"product_brand","embeddable":true,"href":"https:\/\/gpl-love.com\/fr\/wp-json\/wp\/v2\/product_brand?post=118493"},{"taxonomy":"product_cat","embeddable":true,"href":"https:\/\/gpl-love.com\/fr\/wp-json\/wp\/v2\/product_cat?post=118493"},{"taxonomy":"product_tag","embeddable":true,"href":"https:\/\/gpl-love.com\/fr\/wp-json\/wp\/v2\/product_tag?post=118493"}],"curies":[{"name":"wp","href":"https:\/\/api.w.org\/{rel}","templated":true}]}}