{"id":118491,"date":"2022-12-11T00:00:00","date_gmt":"2022-12-10T23:00:00","guid":{"rendered":"https:\/\/gpl-love.com\/fr\/produit\/mainwp-page-speed\/"},"modified":"2026-03-20T23:23:23","modified_gmt":"2026-03-20T22:23:23","slug":"mainwp-page-speed","status":"publish","type":"product","link":"https:\/\/gpl-love.com\/fr\/produit\/mainwp-page-speed\/","title":{"rendered":"MainWP Page Speed 4.0.3"},"content":{"rendered":"<h3>MainWP Page Speed Traits<\/h3>\n<p>La vitesse de la page MainWP est un outil incroyablement robuste et influent qui accorde aux propri\u00e9taires de sites Web la possibilit\u00e9 d&rsquo;optimiser et d&rsquo;am\u00e9liorer la vitesse et les performances globales de leurs sites Web. En utilisant cet outil exceptionnel, les utilisateurs sont autoris\u00e9s \u00e0 analyser m\u00e9ticuleusement les temps de chargement pr\u00e9sent\u00e9s par les pages de leur site Web, en discernant par cons\u00e9quent tous les probl\u00e8mes potentiels qui pourraient avoir un impact pr\u00e9judiciable \u00e0 la vitesse de leur site Web. Comprenant une gamme exhaustive de fonctionnalit\u00e9s, la vitesse de la page Mainwp accorde \u00e0 ses utilisateurs des v\u00e9rifications automatiques, des recommandations inestimables pour l&rsquo;augmentation de la vitesse de la page et des rapports tr\u00e8s d\u00e9taill\u00e9s qui d\u00e9crivent m\u00e9ticuleusement les performances du site Web. Gr\u00e2ce \u00e0 l&rsquo;utilisation de cet outil remarquable, les propri\u00e9taires de sites Web peuvent amplifier sans effort la vitesse de leur site Web, offrant ainsi \u00e0 leurs visiteurs estim\u00e9s une exp\u00e9rience utilisateur r\u00e9solument sup\u00e9rieure et am\u00e9lior\u00e9e. Collectivement, la vitesse de la page MainWP repr\u00e9sente ind\u00e9niablement une ressource indispensable pour toute personne cherchant \u00e0 am\u00e9liorer les performances de leur site Web et \u00e0 v\u00e9rifier qu&rsquo;elle fonctionne \u00e0 son meilleur.<\/p>\n<ul>\n<li>Augmente la vitesse du site Web en optimisant divers \u00e9l\u00e9ments<\/li>\n<li>Fonctionne avec plusieurs sites Web simultan\u00e9ment<\/li>\n<li>Fournit des rapports d\u00e9taill\u00e9s sur les am\u00e9liorations de la vitesse de la page<\/li>\n<li>Installation facile et interface conviviale<\/li>\n<li>Aide \u00e0 am\u00e9liorer le classement des moteurs de recherche et l&rsquo;exp\u00e9rience utilisateur<\/li>\n<li>Offre un support et des mises \u00e0 jour illimit\u00e9es<\/li>\n<li>Compatible avec divers fournisseurs d&rsquo;h\u00e9bergement et th\u00e8mes WordPress<\/li>\n<li>\u00c9conomisez du temps et des ressources en optimisant sans connaissances techniques<\/li>\n<\/ul>\n","protected":false},"excerpt":{"rendered":"<p>La vitesse de la page MainWP est un plugin incroyablement robuste et efficace qui a le but d&rsquo;aider les utilisateurs \u00e0 optimiser les temps de chargement de leurs sites Web WordPress, am\u00e9liorant ainsi consid\u00e9rablement les performances globales. \u00c0 l&rsquo;aide de ce plugin exceptionnel, les utilisateurs peuvent \u00e9valuer sans effort les diff\u00e9rentes mesures de performance de leurs sites Web et identifier par la suite des domaines sp\u00e9cifiques dans lesquels ils peuvent apporter des am\u00e9liorations. En outre, ce plugin offre \u00e9galement aux utilisateurs des rapports et des recommandations complets sur la fa\u00e7on dont ils peuvent acc\u00e9l\u00e9rer efficacement les temps de chargement de leurs pages Web, qui comprend des actions telles que la minimisation de l&rsquo;utilisation des fichiers CSS et JavaScript, de compression d&rsquo;images, ainsi que de l&rsquo;utilisation efficace de la mise en cache du navigateur. En utilisant la vitesse de la page MainWP, les utilisateurs sont ainsi en mesure d&rsquo;augmenter consid\u00e9rablement l&rsquo;exp\u00e9rience utilisateur de leur site Web, de renforcer leurs classements de moteurs de recherche et, finalement, de voir une augmentation substantielle des conversions et des revenus.<\/p>\n","protected":false},"featured_media":144434,"comment_status":"open","ping_status":"open","template":"","meta":[],"product_brand":[2587],"product_cat":[1187,1181,1186],"product_tag":[1299],"class_list":{"0":"post-118491","1":"product","2":"type-product","3":"status-publish","4":"has-post-thumbnail","6":"product_brand-main-wp","7":"product_cat-administration-wordpress-plugins","8":"product_cat-plugins","9":"product_cat-wordpress-plugins","10":"product_tag-main-wp","11":"member-discount","12":"discount-restricted","14":"first","15":"instock","16":"sale","17":"downloadable","18":"virtual","19":"sold-individually","20":"purchasable","21":"product-type-simple"},"_links":{"self":[{"href":"https:\/\/gpl-love.com\/fr\/wp-json\/wp\/v2\/product\/118491","targetHints":{"allow":["GET"]}}],"collection":[{"href":"https:\/\/gpl-love.com\/fr\/wp-json\/wp\/v2\/product"}],"about":[{"href":"https:\/\/gpl-love.com\/fr\/wp-json\/wp\/v2\/types\/product"}],"replies":[{"embeddable":true,"href":"https:\/\/gpl-love.com\/fr\/wp-json\/wp\/v2\/comments?post=118491"}],"wp:featuredmedia":[{"embeddable":true,"href":"https:\/\/gpl-love.com\/fr\/wp-json\/wp\/v2\/media\/144434"}],"wp:attachment":[{"href":"https:\/\/gpl-love.com\/fr\/wp-json\/wp\/v2\/media?parent=118491"}],"wp:term":[{"taxonomy":"product_brand","embeddable":true,"href":"https:\/\/gpl-love.com\/fr\/wp-json\/wp\/v2\/product_brand?post=118491"},{"taxonomy":"product_cat","embeddable":true,"href":"https:\/\/gpl-love.com\/fr\/wp-json\/wp\/v2\/product_cat?post=118491"},{"taxonomy":"product_tag","embeddable":true,"href":"https:\/\/gpl-love.com\/fr\/wp-json\/wp\/v2\/product_tag?post=118491"}],"curies":[{"name":"wp","href":"https:\/\/api.w.org\/{rel}","templated":true}]}}