{"id":118489,"date":"2026-03-20T00:00:00","date_gmt":"2026-03-19T23:00:00","guid":{"rendered":"https:\/\/gpl-love.com\/fr\/produit\/mainwp-maintenance\/"},"modified":"2026-03-20T23:23:21","modified_gmt":"2026-03-20T22:23:21","slug":"mainwp-maintenance","status":"publish","type":"product","link":"https:\/\/gpl-love.com\/fr\/produit\/mainwp-maintenance\/","title":{"rendered":"MainWP Maintenance 5.1.1"},"content":{"rendered":"<h3>MainWP Maintenance Traits<\/h3>\n<p>La maintenance MainWP est un outil remarquablement robuste et influent qui vous offre la commodit\u00e9 de g\u00e9rer et de maintenir sans effort votre gamme de sites Web WordPress. Cet outil remarquable vous permet d&rsquo;ex\u00e9cuter une large gamme de t\u00e2ches de maintenance, y compris, mais sans s&rsquo;y limiter, \u00e0 la mise \u00e0 jour des plugins et des th\u00e8mes, \u00e0 l&rsquo;optimisation des performances de votre base de donn\u00e9es, \u00e0 la sauvegarde avec diligence de votre site inestimable et \u00e0 une pl\u00e9thore d&rsquo;autres fonctions indispensables. La marque de marque de cet outil r\u00e9side dans son interface conviviale et con\u00e7ue intuitivement, qui facilite rapidement la gestion transparente de tous vos sites WordPress \u00e0 partir d&rsquo;un emplacement centralis\u00e9 et harmonieux. Il importe que vous soyez un d\u00e9veloppeur Web chevronn\u00e9 ou un propri\u00e9taire commercial charg\u00e9 de la responsabilit\u00e9 ardue de superviser plusieurs sites Web, car la maintenance MainWP est un outil indispensable et requis qui garantit \u00e0 la fois \u00e0 \u00e9conomiser votre temps pr\u00e9cieux et \u00e0 assurer le fonctionnement harmonieux de vos sites Web.<\/p>\n<ul>\n<li>Tableau de bord de maintenance centralis\u00e9 pour les sites WordPress<\/li>\n<li>Planifiez des sauvegardes automatis\u00e9es, des mises \u00e0 jour et des analyses de s\u00e9curit\u00e9<\/li>\n<li>Surveiller la disponibilit\u00e9 et les performances du site<\/li>\n<li>Acc\u00e8s en un clic \u00e0 chaque site individuel pour les t\u00e2ches de maintenance manuelle<\/li>\n<li>S\u00e9c\u00e9der la gestion des informations d&rsquo;identification de connexion pour chaque site<\/li>\n<li>Journal avanc\u00e9 des rapports et des activit\u00e9s<\/li>\n<li>Compatible avec les plugins de s\u00e9curit\u00e9 populaires et les plateformes d&rsquo;h\u00e9bergement<\/li>\n<li>Capacit\u00e9 de gestion multi-sites pour les agences et les d\u00e9veloppeurs<\/li>\n<li>Les mises \u00e0 jour r\u00e9guli\u00e8res et le support client inclus<\/li>\n<li>Plans de prix abordables pour les entreprises de toutes tailles<\/li>\n<\/ul>\n","protected":false},"excerpt":{"rendered":"<p>Mainwp Maintenance offre une pl\u00e9thore d&rsquo;outils et de fonctionnalit\u00e9s robustes qui facilitent la gestion et la maintenance efficaces de nombreux sites Web WordPress via un tableau de bord centralis\u00e9. Son interface conviviale am\u00e9liore la commodit\u00e9 et la facilit\u00e9 d&rsquo;utilisation, permettant aux utilisateurs d&rsquo;ex\u00e9cuter sans effort des t\u00e2ches de routine telles que les mises \u00e0 jour, les sauvegardes et les analyses de s\u00e9curit\u00e9 sur tous leurs sites avec un effort minimal. De plus, MainWP Maintenance fournit des rapports complets sur les performances du site Web et la disponibilit\u00e9, acc\u00e9l\u00e9rant l&rsquo;identification et la r\u00e9solution de tout probl\u00e8me potentiel. En exploitant la puissance de la maintenance MainWP, les utilisateurs peuvent optimiser leur temps et leur \u00e9nergie tout en garantissant un fonctionnement transparent et s\u00e9curis\u00e9 de leurs sites WordPress.<\/p>\n","protected":false},"featured_media":144433,"comment_status":"open","ping_status":"open","template":"","meta":[],"product_brand":[2587],"product_cat":[1187,1181,1186],"product_tag":[1299],"class_list":{"0":"post-118489","1":"product","2":"type-product","3":"status-publish","4":"has-post-thumbnail","6":"product_brand-main-wp","7":"product_cat-administration-wordpress-plugins","8":"product_cat-plugins","9":"product_cat-wordpress-plugins","10":"product_tag-main-wp","11":"member-discount","12":"discount-restricted","14":"first","15":"instock","16":"sale","17":"downloadable","18":"virtual","19":"sold-individually","20":"purchasable","21":"product-type-simple"},"_links":{"self":[{"href":"https:\/\/gpl-love.com\/fr\/wp-json\/wp\/v2\/product\/118489","targetHints":{"allow":["GET"]}}],"collection":[{"href":"https:\/\/gpl-love.com\/fr\/wp-json\/wp\/v2\/product"}],"about":[{"href":"https:\/\/gpl-love.com\/fr\/wp-json\/wp\/v2\/types\/product"}],"replies":[{"embeddable":true,"href":"https:\/\/gpl-love.com\/fr\/wp-json\/wp\/v2\/comments?post=118489"}],"wp:featuredmedia":[{"embeddable":true,"href":"https:\/\/gpl-love.com\/fr\/wp-json\/wp\/v2\/media\/144433"}],"wp:attachment":[{"href":"https:\/\/gpl-love.com\/fr\/wp-json\/wp\/v2\/media?parent=118489"}],"wp:term":[{"taxonomy":"product_brand","embeddable":true,"href":"https:\/\/gpl-love.com\/fr\/wp-json\/wp\/v2\/product_brand?post=118489"},{"taxonomy":"product_cat","embeddable":true,"href":"https:\/\/gpl-love.com\/fr\/wp-json\/wp\/v2\/product_cat?post=118489"},{"taxonomy":"product_tag","embeddable":true,"href":"https:\/\/gpl-love.com\/fr\/wp-json\/wp\/v2\/product_tag?post=118489"}],"curies":[{"name":"wp","href":"https:\/\/api.w.org\/{rel}","templated":true}]}}