{"id":118487,"date":"2021-10-11T00:00:00","date_gmt":"2021-10-10T22:00:00","guid":{"rendered":"https:\/\/gpl-love.com\/fr\/produit\/mainwp-links-manager\/"},"modified":"2026-03-20T23:23:20","modified_gmt":"2026-03-20T22:23:20","slug":"mainwp-links-manager","status":"publish","type":"product","link":"https:\/\/gpl-love.com\/fr\/produit\/mainwp-links-manager\/","title":{"rendered":"MainWP Links Manager 2.1"},"content":{"rendered":"<h3>MainWP Links Manager Traits<\/h3>\n<p>Le gestionnaire de liens Mainwp est un outil incroyablement robuste et influent qui a \u00e9t\u00e9 con\u00e7u de mani\u00e8re complexe pour fournir aux propri\u00e9taires de sites Web une aide la plus importante pour g\u00e9rer et organiser efficacement leurs liens. Ce plugin remarquable permet aux propri\u00e9taires de sites Web la possibilit\u00e9 de cr\u00e9er et de personnaliser sans effort leurs propres cat\u00e9gories de liens uniques, d&rsquo;ajouter de mani\u00e8re transparente de nouveaux liens, ainsi que de modifier sans effort tous les liens existants, le tout avec seulement quelques clics. En plus de ces fonctionnalit\u00e9s remarquables, cet outil poss\u00e8de \u00e9galement une gamme de capacit\u00e9s de recherche avanc\u00e9es qui permettent aux utilisateurs de localiser rapidement et efficacement des liens sp\u00e9cifiques au sein de leur vaste collection. Sans aucun doute, le gestionnaire de liens Mainwp est sans \u00e9quivoque un actif indispensable pour tous ceux qui cherchent \u00e0 rationaliser et \u00e0 optimiser leurs pratiques de gestion des liens, am\u00e9liorant ensuite l&rsquo;exp\u00e9rience utilisateur globale de leur site Web. Que vous soyez un blogueur d\u00e9di\u00e9, un propri\u00e9taire d&rsquo;entreprise astucieux ou un d\u00e9veloppeur Web hautement qualifi\u00e9, il est irr\u00e9futable que ce plugin exceptionnel est un ajout exceptionnel et inestimable \u00e0 votre bo\u00eete \u00e0 outils existante.<\/p>\n<ul>\n<li>G\u00e9rez de mani\u00e8re transparente tous les liens de votre site Web dans un seul emplacement central<\/li>\n<li>Ajouter, modifier facilement et supprimer des liens sur tous vos sites Web via un seul tableau de bord<\/li>\n<li>Classez et organisez rapidement vos liens pour une meilleure navigation et une meilleure exp\u00e9rience utilisateur<\/li>\n<li>Param\u00e8tres de liaison personnalisables, y compris si les liens doivent s&rsquo;ouvrir dans une nouvelle fen\u00eatre ou onglet<\/li>\n<li>Gagner du temps et augmenter l&rsquo;efficacit\u00e9 avec un processus de gestion des liens rationalis\u00e9s<\/li>\n<li>Compatible avec tous les sites WordPress, y compris les installations multisites<\/li>\n<li>Syst\u00e8me de gestion des liens s\u00e9curis\u00e9 et fiable pour vous assurer que vos liens sont toujours disponibles et \u00e0 jour<\/li>\n<li>Conception r\u00e9active mobile pour une gestion des liens faciles \u00e0 l&#8217;emploi<\/li>\n<li>\u00c9quipe d&rsquo;assistance d\u00e9di\u00e9e disponible pour aider \u00e0 toutes les questions ou probl\u00e8mes que vous pouvez rencontrer.<\/li>\n<\/ul>\n","protected":false},"excerpt":{"rendered":"<p>Le Manager Links Manager est un outil incroyablement robuste et riche en fonctionnalit\u00e9s qui offre une multitude d&rsquo;options pour g\u00e9rer efficacement les liens sortants sur votre site Web. En utilisant ce plugin exceptionnel, vous pourrez ajouter, supprimer et organiser sans effort tous les liens pr\u00e9sent\u00e9s sur votre site. Cela garantit que vos visiteurs estim\u00e9s auront toujours un acc\u00e8s sans entrave aux ressources les plus pertinentes et les plus \u00e0 jour disponibles. Que vous recherchiez une assistance pour g\u00e9rer les liens de blogroll, les liens d&rsquo;affiliation ou toute autre cat\u00e9gorie de liens sortants, vous pouvez \u00eatre convaincu que le gestionnaire de liens Mainwp d\u00e9passera vos attentes. B\u00e9n\u00e9ficiant d&rsquo;une interface \u00e0 la fois conviviale et rationalis\u00e9e, ce plugin est une n\u00e9cessit\u00e9 absolue pour tout propri\u00e9taire de site Web qui souhaite optimiser la structure de liaison de son domaine en ligne. Pourquoi reporter l&rsquo;in\u00e9vitable? Prenez la mesure d\u00e9cisive aujourd&rsquo;hui et acquiert le gestionnaire de liens Mainwp, obtenant ainsi un contr\u00f4le et une ma\u00eetrise sans pr\u00e9c\u00e9dent sur les liens sortants de votre site Web!<\/p>\n","protected":false},"featured_media":144432,"comment_status":"open","ping_status":"open","template":"","meta":[],"product_brand":[2587],"product_cat":[1187,1181,1186],"product_tag":[1299],"class_list":{"0":"post-118487","1":"product","2":"type-product","3":"status-publish","4":"has-post-thumbnail","6":"product_brand-main-wp","7":"product_cat-administration-wordpress-plugins","8":"product_cat-plugins","9":"product_cat-wordpress-plugins","10":"product_tag-main-wp","11":"member-discount","12":"discount-restricted","14":"first","15":"instock","16":"sale","17":"downloadable","18":"virtual","19":"sold-individually","20":"purchasable","21":"product-type-simple"},"_links":{"self":[{"href":"https:\/\/gpl-love.com\/fr\/wp-json\/wp\/v2\/product\/118487","targetHints":{"allow":["GET"]}}],"collection":[{"href":"https:\/\/gpl-love.com\/fr\/wp-json\/wp\/v2\/product"}],"about":[{"href":"https:\/\/gpl-love.com\/fr\/wp-json\/wp\/v2\/types\/product"}],"replies":[{"embeddable":true,"href":"https:\/\/gpl-love.com\/fr\/wp-json\/wp\/v2\/comments?post=118487"}],"wp:featuredmedia":[{"embeddable":true,"href":"https:\/\/gpl-love.com\/fr\/wp-json\/wp\/v2\/media\/144432"}],"wp:attachment":[{"href":"https:\/\/gpl-love.com\/fr\/wp-json\/wp\/v2\/media?parent=118487"}],"wp:term":[{"taxonomy":"product_brand","embeddable":true,"href":"https:\/\/gpl-love.com\/fr\/wp-json\/wp\/v2\/product_brand?post=118487"},{"taxonomy":"product_cat","embeddable":true,"href":"https:\/\/gpl-love.com\/fr\/wp-json\/wp\/v2\/product_cat?post=118487"},{"taxonomy":"product_tag","embeddable":true,"href":"https:\/\/gpl-love.com\/fr\/wp-json\/wp\/v2\/product_tag?post=118487"}],"curies":[{"name":"wp","href":"https:\/\/api.w.org\/{rel}","templated":true}]}}