{"id":118485,"date":"2026-04-18T00:00:00","date_gmt":"2026-04-17T22:00:00","guid":{"rendered":"https:\/\/gpl-love.com\/fr\/produit\/mainwp-ithemes-security\/"},"modified":"2026-04-19T00:30:44","modified_gmt":"2026-04-18T22:30:44","slug":"mainwp-ithemes-security","status":"publish","type":"product","link":"https:\/\/gpl-love.com\/fr\/produit\/mainwp-ithemes-security\/","title":{"rendered":"MainWP iThemes Security 5.0.3"},"content":{"rendered":"<h3>MainWP iThemes Security Traits<\/h3>\n<p>Mainwp Ithemes Security est un plugin de s\u00e9curit\u00e9 exceptionnellement robuste qui offre une protection approfondie contre une multitude de menaces en ligne qui peuvent compromettre les sites Web WordPress. Offrant une gamme de fonctionnalit\u00e9s avanc\u00e9es, notamment, mais sans s&rsquo;y limiter, la protection contre la force brute, l&rsquo;authentification \u00e0 deux facteurs et la num\u00e9risation des logiciels malveillants complets, la s\u00e9curit\u00e9 Mainwp iThemes \u00e9merge incontestablement comme un outil indispensable pour ceux qui cherchent \u00e0 fortifier leur site Web contre les machinations n\u00e9fastes de pirates et de cybercriminaux. De plus, le processus d&rsquo;installation et de configuration sans effort consolide encore son statut en tant qu&rsquo;actif convivial. Notamment, son int\u00e9gration transparente avec MainWP permet aux utilisateurs de superviser et de surveiller sans effort de nombreux sites WordPress via un tableau de bord singulier. Pour r\u00e9sumer, Mainwp ithemes Security est sans \u00e9quivoque comme une solution fiable et tr\u00e8s efficace pour assurer la s\u00e9curit\u00e9 et la s\u00e9curit\u00e9 ultimes des sites Web WordPress.<\/p>\n<ul>\n<li>Prot\u00e9gez votre site WordPress avec Ithemes Security, un plugin de s\u00e9curit\u00e9 puissant et facile \u00e0 utiliser.<\/li>\n<li>G\u00e9rez toutes les s\u00e9curit\u00e9 de vos sites WordPress \u00e0 partir d&rsquo;un emplacement central avec MainWP.<\/li>\n<li>Ithemes Security offre plus de 30 fa\u00e7ons de s\u00e9curiser et de prot\u00e9ger votre site, y compris les analyses de logiciels malveillants, le blocage IP et l&rsquo;authentification \u00e0 deux facteurs.<\/li>\n<li>Avec MainWP et Ithemes Security, vous pouvez surveiller l&rsquo;\u00e9tat de s\u00e9curit\u00e9 de tous vos sites et recevoir des notifications instantan\u00e9es de toute menace potentielle.<\/li>\n<li>Ithemes Security comprend \u00e9galement un outil de gestion de mot de passe et d\u00e9tecte et bloque automatiquement les tentatives de connexion \u00e0 partir d&rsquo;adresses IP malveillantes connues.<\/li>\n<li>Mainwp et Ithemes Security font de la gestion de la s\u00e9curit\u00e9 un jeu d&rsquo;enfant, vous faisant gagner du temps et garantir que vos sites sont s\u00e9curis\u00e9s.<\/li>\n<\/ul>\n","protected":false},"excerpt":{"rendered":"<p>Mainwp Ithemes Security est un plugin de s\u00e9curit\u00e9 exceptionnellement robuste qui a \u00e9t\u00e9 con\u00e7u de mani\u00e8re experte pour prot\u00e9ger votre site Web WordPress \u00e0 partir de diverses tentatives de piratage, de logiciels malveillants insidieux et d&rsquo;un \u00e9ventail de menaces de s\u00e9curit\u00e9 mena\u00e7antes qui peuvent potentiellement compromettre l&rsquo;int\u00e9grit\u00e9 et la fonctionnalit\u00e9 de votre site Web bien-aim\u00e9. Ce plugin ph\u00e9nom\u00e9nal vous permet de examiner et d&rsquo;\u00e9valuer efficacement la sensibilit\u00e9 de votre site Web aux vuln\u00e9rabilit\u00e9s, \u00e0 fortifier et \u00e0 prot\u00e9ger votre page de connexion cruciale, \u00e0 pr\u00e9server et \u00e0 prot\u00e9ger avec diligence vos pr\u00e9cieux fichiers et r\u00e9pertoires, ainsi qu&rsquo;\u00e0 entreprendre une myriade d&rsquo;autres mesures de s\u00e9curit\u00e9 vitale pour soutenir la d\u00e9fense impr\u00e9vable M\u00e9canismes de votre site Web estim\u00e9. L&rsquo;utilisation et la gestion transparentes de ce plugin sont facilit\u00e9es par un tableau de bord sophistiqu\u00e9 et centralis\u00e9, une v\u00e9ritable panac\u00e9e pour les propri\u00e9taires de sites Web, les webmasters estim\u00e9s et les d\u00e9veloppeurs diligents qui s&rsquo;efforcent perp\u00e9tuellement de maintenir la saintet\u00e9 imperm\u00e9able et l&rsquo;invuln\u00e9rabilit\u00e9 de leurs sites Web ch\u00e9ris. Par cons\u00e9quent, si votre objectif primordial est d&rsquo;assurer la s\u00e9curit\u00e9 in\u00e9branlable et la s\u00e9curit\u00e9 imprenable de votre site Web pr\u00e9cieux, il n&rsquo;y a tout simplement pas de meilleur outil que la s\u00e9curit\u00e9 incomparable du Mainwp ithemes.<\/p>\n","protected":false},"featured_media":144431,"comment_status":"open","ping_status":"open","template":"","meta":[],"product_brand":[2587],"product_cat":[1187,1181,1186],"product_tag":[1299],"class_list":{"0":"post-118485","1":"product","2":"type-product","3":"status-publish","4":"has-post-thumbnail","6":"product_brand-main-wp","7":"product_cat-administration-wordpress-plugins","8":"product_cat-plugins","9":"product_cat-wordpress-plugins","10":"product_tag-main-wp","11":"member-discount","12":"discount-restricted","14":"first","15":"instock","16":"sale","17":"downloadable","18":"virtual","19":"sold-individually","20":"purchasable","21":"product-type-simple"},"_links":{"self":[{"href":"https:\/\/gpl-love.com\/fr\/wp-json\/wp\/v2\/product\/118485","targetHints":{"allow":["GET"]}}],"collection":[{"href":"https:\/\/gpl-love.com\/fr\/wp-json\/wp\/v2\/product"}],"about":[{"href":"https:\/\/gpl-love.com\/fr\/wp-json\/wp\/v2\/types\/product"}],"replies":[{"embeddable":true,"href":"https:\/\/gpl-love.com\/fr\/wp-json\/wp\/v2\/comments?post=118485"}],"wp:featuredmedia":[{"embeddable":true,"href":"https:\/\/gpl-love.com\/fr\/wp-json\/wp\/v2\/media\/144431"}],"wp:attachment":[{"href":"https:\/\/gpl-love.com\/fr\/wp-json\/wp\/v2\/media?parent=118485"}],"wp:term":[{"taxonomy":"product_brand","embeddable":true,"href":"https:\/\/gpl-love.com\/fr\/wp-json\/wp\/v2\/product_brand?post=118485"},{"taxonomy":"product_cat","embeddable":true,"href":"https:\/\/gpl-love.com\/fr\/wp-json\/wp\/v2\/product_cat?post=118485"},{"taxonomy":"product_tag","embeddable":true,"href":"https:\/\/gpl-love.com\/fr\/wp-json\/wp\/v2\/product_tag?post=118485"}],"curies":[{"name":"wp","href":"https:\/\/api.w.org\/{rel}","templated":true}]}}