{"id":118483,"date":"2024-03-16T00:00:00","date_gmt":"2024-03-15T23:00:00","guid":{"rendered":"https:\/\/gpl-love.com\/fr\/produit\/mainwp-google-analytics\/"},"modified":"2026-03-20T23:23:18","modified_gmt":"2026-03-20T22:23:18","slug":"mainwp-google-analytics","status":"publish","type":"product","link":"https:\/\/gpl-love.com\/fr\/produit\/mainwp-google-analytics\/","title":{"rendered":"MainWP Google Analytics 5.0.1"},"content":{"rendered":"<h3>MainWP Google Analytics Traits<\/h3>\n<p>Le plugin Mainwp Google Analytics est un outil extr\u00eamement puissant et efficace qui permet aux propri\u00e9taires de sites Web de suivre et d&rsquo;analyser compl\u00e8tement le trafic sur leurs sites Web. En int\u00e9grant de mani\u00e8re transparente leur compte Google Analytics \u00e0 leur tableau de bord WordPress, les propri\u00e9taires de sites Web sont accord\u00e9s \u00e0 la possibilit\u00e9 de surveiller et d&rsquo;\u00e9valuer m\u00e9ticuleusement des mesures vitales telles que les pages vues, le taux de rebond et le comportement des utilisateurs en temps r\u00e9el. Le plugin MainWP Google Analytics propose non seulement une interface remarquablement intuitive et conviviale qui facilite l&rsquo;interpr\u00e9tation des donn\u00e9es d&rsquo;analyse, mais il pr\u00e9sente \u00e9galement aux utilisateurs la possibilit\u00e9 de se pr\u00e9valoir de fonctionnalit\u00e9s avanc\u00e9es telles que les dimensions et les \u00e9v\u00e9nements personnalis\u00e9s, les confirmant ainsi d&rsquo;une augmentation Flexibilit\u00e9 en termes de fa\u00e7on de suivre et de examiner le trafic sur leurs sites Web. En substance, MainWP Google Analytics est un outil indispensable qui est sans \u00e9quivoque essentiel \u00e0 tout propri\u00e9taire de site Web qui cherche ardemment \u00e0 obtenir une compr\u00e9hension plus profonde de son public et \u00e0 optimiser les performances de leur site Web.<\/p>\n<ul>\n<li>Fournit l&rsquo;int\u00e9gration entre le tableau de bord Mainwp et Google Analytics<\/li>\n<li>Permet aux utilisateurs de visualiser les rapports Google Analytics \u00e0 partir de MainWP<\/li>\n<li>Affiche des mesures cl\u00e9s telles que les pages vues, le taux de rebond et la dur\u00e9e de la session<\/li>\n<li>Permet aux utilisateurs de d\u00e9finir des objectifs et de suivre les conversions directement \u00e0 partir de MainWP<\/li>\n<li>Offre des options de personnalisation telles que la s\u00e9lection des plages de dates et les filtres de dimension<\/li>\n<li>Prend en charge plusieurs comptes Google Analytics pour une gestion facile des diff\u00e9rentes propri\u00e9t\u00e9s<\/li>\n<li>Aide les utilisateurs \u00e0 optimiser leur site Web en identifiant les sources de trafic et le contenu populaire<\/li>\n<li>Fournit un aper\u00e7u du comportement des utilisateurs et aide \u00e0 am\u00e9liorer la navigation du site Web et l&rsquo;exp\u00e9rience utilisateur<\/li>\n<li>R\u00e9duit le besoin pour les utilisateurs de basculer entre les diff\u00e9rentes plateformes pour l&rsquo;analyse et la gestion des sites Web<\/li>\n<\/ul>\n","protected":false},"excerpt":{"rendered":"<p>MainWP Google Analytics est un outil incroyablement robuste et influent qui a \u00e9t\u00e9 m\u00e9ticuleusement con\u00e7u pour aider les utilisateurs \u00e0 surveiller et \u00e0 analyser \u00e9troitement le trafic de leur site Web. De plus, il sert \u00e0 am\u00e9liorer efficacement les strat\u00e9gies de marketing en ligne et \u00e0 favoriser une exp\u00e9rience utilisateur exceptionnelle. En int\u00e9grant ce compl\u00e9mentaire remarquable, vous \u00eates autoris\u00e9 \u00e0 suivre sans effort le public de votre site Web, \u00e0 \u00e9valuer avec diligence l&rsquo;efficacit\u00e9 de vos annonceurs et \u00e0 optimiser m\u00e9ticuleusement votre contenu pr\u00e9cieux pour am\u00e9liorer consid\u00e9rablement les taux de conversion. Ce plugin exceptionnel se synchronise de mani\u00e8re transparente avec Google Analytics, vous offrant ainsi un acc\u00e8s imm\u00e9diat aux donn\u00e9es en temps r\u00e9el et \u00e0 l&rsquo;analyse compl\u00e8te du comportement des utilisateurs. Par cons\u00e9quent, vous \u00eates accord\u00e9 par la capacit\u00e9 inestimable \u00e0 prendre des d\u00e9cisions bien inform\u00e9es enracin\u00e9es dans des id\u00e9es pr\u00e9cises. Il est clair sans \u00e9quivoque que MainWP Google Analytics est un outil indispensable et pivot qui est indispensable pour les propri\u00e9taires de sites Web, les sp\u00e9cialistes du marketing et les entreprises qui aspirent \u00e0 fortifier leur pr\u00e9sence en ligne et \u00e0 propulser leurs op\u00e9rations \u00e0 des hauteurs de succ\u00e8s sans pr\u00e9c\u00e9dent.<\/p>\n","protected":false},"featured_media":144430,"comment_status":"open","ping_status":"open","template":"","meta":[],"product_brand":[2587],"product_cat":[1187,1181,1186],"product_tag":[1299],"class_list":{"0":"post-118483","1":"product","2":"type-product","3":"status-publish","4":"has-post-thumbnail","6":"product_brand-main-wp","7":"product_cat-administration-wordpress-plugins","8":"product_cat-plugins","9":"product_cat-wordpress-plugins","10":"product_tag-main-wp","11":"member-discount","12":"discount-restricted","14":"first","15":"instock","16":"sale","17":"downloadable","18":"virtual","19":"sold-individually","20":"purchasable","21":"product-type-simple"},"_links":{"self":[{"href":"https:\/\/gpl-love.com\/fr\/wp-json\/wp\/v2\/product\/118483","targetHints":{"allow":["GET"]}}],"collection":[{"href":"https:\/\/gpl-love.com\/fr\/wp-json\/wp\/v2\/product"}],"about":[{"href":"https:\/\/gpl-love.com\/fr\/wp-json\/wp\/v2\/types\/product"}],"replies":[{"embeddable":true,"href":"https:\/\/gpl-love.com\/fr\/wp-json\/wp\/v2\/comments?post=118483"}],"wp:featuredmedia":[{"embeddable":true,"href":"https:\/\/gpl-love.com\/fr\/wp-json\/wp\/v2\/media\/144430"}],"wp:attachment":[{"href":"https:\/\/gpl-love.com\/fr\/wp-json\/wp\/v2\/media?parent=118483"}],"wp:term":[{"taxonomy":"product_brand","embeddable":true,"href":"https:\/\/gpl-love.com\/fr\/wp-json\/wp\/v2\/product_brand?post=118483"},{"taxonomy":"product_cat","embeddable":true,"href":"https:\/\/gpl-love.com\/fr\/wp-json\/wp\/v2\/product_cat?post=118483"},{"taxonomy":"product_tag","embeddable":true,"href":"https:\/\/gpl-love.com\/fr\/wp-json\/wp\/v2\/product_tag?post=118483"}],"curies":[{"name":"wp","href":"https:\/\/api.w.org\/{rel}","templated":true}]}}