{"id":118481,"date":"2026-03-06T00:00:00","date_gmt":"2026-03-05T23:00:00","guid":{"rendered":"https:\/\/gpl-love.com\/fr\/produit\/mainwp-favorites\/"},"modified":"2026-03-20T23:23:16","modified_gmt":"2026-03-20T22:23:16","slug":"mainwp-favorites","status":"publish","type":"product","link":"https:\/\/gpl-love.com\/fr\/produit\/mainwp-favorites\/","title":{"rendered":"MainWP Favorites 5.3.1"},"content":{"rendered":"<h3>MainWP Favorites Traits<\/h3>\n<p>Le plugin favoris du MainWP s&rsquo;efforce d&rsquo;am\u00e9liorer l&rsquo;efficacit\u00e9 de la gestion de plusieurs sites WordPress en offrant aux utilisateurs la capacit\u00e9 de compiler une liste compl\u00e8te de leurs sites Web pr\u00e9f\u00e9r\u00e9s. Gr\u00e2ce \u00e0 cette fonctionnalit\u00e9, les utilisateurs peuvent acc\u00e9der rapide et man\u0153uvrer entre leurs sites pr\u00e9f\u00e9r\u00e9s \u00e0 partir d&rsquo;un tableau de bord singulier. L&rsquo;installation et l&rsquo;utilisation de ce plugin sont \u00e0 la fois sans effort et sans couture, s&rsquo;alignent de mani\u00e8re transparente avec le syst\u00e8me de gestion WordPress MainWP. Avec l&rsquo;aide des favoris du MainWP, les utilisateurs peuvent optimiser leur temps et augmenter leur productivit\u00e9 en acc\u00e9dant facilement \u00e0 leurs sites fr\u00e9quemment utilis\u00e9s sans la n\u00e9cessit\u00e9 de passer au crible une compilation approfondie de sites Web. Cet outil indispensable est indispensable aux individus charg\u00e9s de la gestion de plusieurs sites WordPress, qu&rsquo;il se rapporte aux efforts personnels ou commerciaux.<\/p>\n<ul>\n<li>MainWP Favoris est un outil puissant qui vous aide \u00e0 g\u00e9rer vos sites Web WordPress pr\u00e9f\u00e9r\u00e9s en un seul endroit.<\/li>\n<li>Avec les favoris du MainWP, vous pouvez facilement \u00e9conomiser et organiser vos sites les plus fr\u00e9quemment accessibles, ce qui facilite la suite de leur suivre.<\/li>\n<li>Ce plugin rationalise votre flux de travail en vous permettant d&rsquo;acc\u00e9der rapidement \u00e0 vos sites Web sans tracas sans parcourir plusieurs pages.<\/li>\n<li>MainWP Favoris est enti\u00e8rement compatible avec les sites WordPress auto-h\u00e9berg\u00e9s et les r\u00e9seaux multisites.<\/li>\n<li>Le plugin vous permet \u00e9galement de rechercher et de filtrer facilement votre liste de favoris, ce qui vous fait gagner du temps et des efforts.<\/li>\n<li>Vous pouvez personnaliser l&rsquo;apparence de votre liste de favoris, en choisissant parmi un large \u00e9ventail d&rsquo;ic\u00f4nes accrocheuses pour vous aider \u00e0 identifier rapidement vos sites pr\u00e9f\u00e9r\u00e9s.<\/li>\n<li>Avec son interface conviviale et son processus d&rsquo;installation simple, MainWP Favoris est la solution parfaite pour tous ceux qui souhaitent simplifier leur exp\u00e9rience de gestion de sites Web.<\/li>\n<li>De plus, avec des mises \u00e0 jour r\u00e9guli\u00e8res et un excellent soutien des d\u00e9veloppeurs, vous pouvez \u00eatre convaincu que ce plugin continuera d&rsquo;am\u00e9liorer votre productivit\u00e9 et votre efficacit\u00e9 pour les ann\u00e9es \u00e0 venir.<\/li>\n<\/ul>\n","protected":false},"excerpt":{"rendered":"<p>MainWP Favoris est un plugin incroyablement utile con\u00e7u sp\u00e9cifiquement pour les administrateurs WordPress qui cherchent \u00e0 am\u00e9liorer leurs niveaux de productivit\u00e9. Ce plugin vous permet de g\u00e9n\u00e9rer sans effort une liste compl\u00e8te englobant tous vos sites, plugins et th\u00e8mes les plus aim\u00e9s. En tant que commodit\u00e9 suppl\u00e9mentaire, cette liste est facilement accessible en un seul clic. En mettant en \u0153uvre les favoris du MainwP, vous assisterai sans aucun doute une r\u00e9duction significative du temps pass\u00e9 \u00e0 rechercher et \u00e0 acc\u00e9der \u00e0 des \u00e9l\u00e9ments couramment utilis\u00e9s, facilitant la navigation transparente entre eux. Ind\u00e9niablement, cet outil indispensable est une n\u00e9cessit\u00e9 absolue pour les individus charg\u00e9s de superviser plusieurs sites Web WordPress.<\/p>\n","protected":false},"featured_media":144428,"comment_status":"open","ping_status":"open","template":"","meta":[],"product_brand":[2587],"product_cat":[1187,1181,1186],"product_tag":[1299],"class_list":{"0":"post-118481","1":"product","2":"type-product","3":"status-publish","4":"has-post-thumbnail","6":"product_brand-main-wp","7":"product_cat-administration-wordpress-plugins","8":"product_cat-plugins","9":"product_cat-wordpress-plugins","10":"product_tag-main-wp","11":"member-discount","12":"discount-restricted","14":"first","15":"instock","16":"sale","17":"downloadable","18":"virtual","19":"sold-individually","20":"purchasable","21":"product-type-simple"},"_links":{"self":[{"href":"https:\/\/gpl-love.com\/fr\/wp-json\/wp\/v2\/product\/118481","targetHints":{"allow":["GET"]}}],"collection":[{"href":"https:\/\/gpl-love.com\/fr\/wp-json\/wp\/v2\/product"}],"about":[{"href":"https:\/\/gpl-love.com\/fr\/wp-json\/wp\/v2\/types\/product"}],"replies":[{"embeddable":true,"href":"https:\/\/gpl-love.com\/fr\/wp-json\/wp\/v2\/comments?post=118481"}],"wp:featuredmedia":[{"embeddable":true,"href":"https:\/\/gpl-love.com\/fr\/wp-json\/wp\/v2\/media\/144428"}],"wp:attachment":[{"href":"https:\/\/gpl-love.com\/fr\/wp-json\/wp\/v2\/media?parent=118481"}],"wp:term":[{"taxonomy":"product_brand","embeddable":true,"href":"https:\/\/gpl-love.com\/fr\/wp-json\/wp\/v2\/product_brand?post=118481"},{"taxonomy":"product_cat","embeddable":true,"href":"https:\/\/gpl-love.com\/fr\/wp-json\/wp\/v2\/product_cat?post=118481"},{"taxonomy":"product_tag","embeddable":true,"href":"https:\/\/gpl-love.com\/fr\/wp-json\/wp\/v2\/product_tag?post=118481"}],"curies":[{"name":"wp","href":"https:\/\/api.w.org\/{rel}","templated":true}]}}