{"id":118457,"date":"2024-12-03T00:00:00","date_gmt":"2024-12-02T23:00:00","guid":{"rendered":"https:\/\/gpl-love.com\/fr\/produit\/wp-all-export-woocommerce-pro\/"},"modified":"2026-03-20T23:49:27","modified_gmt":"2026-03-20T22:49:27","slug":"wp-all-export-woocommerce-pro","status":"publish","type":"product","link":"https:\/\/gpl-love.com\/fr\/produit\/wp-all-export-woocommerce-pro\/","title":{"rendered":"WP All Export WooCommerce 1.0.10"},"content":{"rendered":"<h3>WP All Export WooCommerce Traits<\/h3>\n<p>WP All Export WooCommerce est un outil incroyablement robuste et efficace qui donne aux utilisateurs la possibilit\u00e9 d&rsquo;extraire et d&rsquo;exporter sans effort de leur magasin WooCommerce dans une pl\u00e9thore de formats de fichiers divers. En utilisant WP tous les exportations WooCommerce, les utilisateurs ont la capacit\u00e9 de cuire un jeu de donn\u00e9es sp\u00e9cifique m\u00e9ticuleusement \u00e0 exporter, y compris, mais sans s&rsquo;y limiter, les commandes, les clients ou les produits, et adapter parfaitement la sortie pour s&rsquo;aligner de mani\u00e8re transparente avec leurs exigences individuelles. Cet outil extraordinaire poss\u00e8de une interface glisser-d\u00e9poser remarquablement conviviale, ainsi qu&rsquo;une multitude de fonctionnalit\u00e9s avanc\u00e9es, telles que l&rsquo;option pour planifier sans effort les exportations ou appliquer impeccablement des filtres aux donn\u00e9es extraites. Que l&rsquo;intention de l&rsquo;exportation d&rsquo;exporter des donn\u00e9es dans le but de g\u00e9n\u00e9rer des rapports complets, de proc\u00e9der \u00e0 une analyse approfondie ou de les partager sans effort avec des syst\u00e8mes externes, WP All Export WooCommerce fournit un processus rapide et sans anxi\u00e9t\u00e9 qui fournit syst\u00e9matiquement des r\u00e9sultats exceptionnels.<\/p>\n<ul>\n<li>Vous permet d&rsquo;exporter facilement des donn\u00e9es dans les magasins WooCommerce, y compris les commandes, les produits et les clients.<\/li>\n<li>Offre une large gamme d&rsquo;options de personnalisation, y compris la possibilit\u00e9 de choisir les champs \u00e0 exporter et dans quel ordre.<\/li>\n<li>Fournit une prise en charge d&rsquo;une vari\u00e9t\u00e9 de formats de fichiers de sortie, tels que CSV, XML, Excel et Google Sheets.<\/li>\n<li>Vous permet de planifier des exportations \u00e0 des intervalles pr\u00e9d\u00e9termin\u00e9s pour la gestion et le traitement automatis\u00e9s des donn\u00e9es.<\/li>\n<li>Facilite le transfert de donn\u00e9es entre les magasins WooCommerce ou vers d&rsquo;autres applications et services.<\/li>\n<li>Peut \u00eatre utilis\u00e9 avec d&rsquo;autres modules compl\u00e9mentaires WP \u00e0 l&rsquo;exportation pour \u00e9tendre davantage ses fonctionnalit\u00e9s.<\/li>\n<li>Rationalise le processus d&rsquo;exportation des donn\u00e9es, en gardant du temps et des ressources pour les propri\u00e9taires et administrateurs de magasins WooCommerce.<\/li>\n<\/ul>\n","protected":false},"excerpt":{"rendered":"<p>WP All Export WooCommerce est un outil incroyablement robuste et efficace qui rationalise et am\u00e9liore l&rsquo;ensemble du processus d&rsquo;exportation des donn\u00e9es de votre boutique WooCommerce. En utilisant ce plugin remarquable, vous avez la capacit\u00e9 exceptionnelle d&rsquo;adapter m\u00e9ticuleusement vos exportations \u00e0 englober et \u00e0 englober des champs, des types de produits et des cat\u00e9gories sp\u00e9cifiques, vous accordant ainsi un degr\u00e9 de contr\u00f4le et de pr\u00e9cision plus \u00e9lev\u00e9. En outre, la polyvalence de WP toutes les exportations WooCommerce s&rsquo;\u00e9tend \u00e0 sa capacit\u00e9 de g\u00e9n\u00e9rer sans effort des fichiers CSV, Excel et XML remarquables, ce qui le rend compatible parfaitement avec une pl\u00e9thore de programmes et de syst\u00e8mes externes. Que vous soyez le surveillant d&rsquo;un magasin \u00e9tendu et \u00e9tendu ou que vous recherchiez simplement une m\u00e9thode plus rationalis\u00e9e et plus efficace pour extraire vos donn\u00e9es inestimables du labyrinthe complexe de WooCommerce, assurez-vous que WP exporte tous les panac\u00e9es non \u00e9quivoques pour tous vos besoins d&rsquo;exportation.<\/p>\n","protected":false},"featured_media":146130,"comment_status":"open","ping_status":"open","template":"","meta":[],"product_brand":[2436],"product_cat":[1183,1182,1181],"product_tag":[1411],"class_list":{"0":"post-118457","1":"product","2":"type-product","3":"status-publish","4":"has-post-thumbnail","6":"product_brand-wp-all-import","7":"product_cat-administration","8":"product_cat-commerce-electronique-plugins","9":"product_cat-plugins","10":"product_tag-wp-all-import","11":"member-discount","12":"discount-restricted","14":"first","15":"instock","16":"sale","17":"downloadable","18":"virtual","19":"sold-individually","20":"purchasable","21":"product-type-simple"},"_links":{"self":[{"href":"https:\/\/gpl-love.com\/fr\/wp-json\/wp\/v2\/product\/118457","targetHints":{"allow":["GET"]}}],"collection":[{"href":"https:\/\/gpl-love.com\/fr\/wp-json\/wp\/v2\/product"}],"about":[{"href":"https:\/\/gpl-love.com\/fr\/wp-json\/wp\/v2\/types\/product"}],"replies":[{"embeddable":true,"href":"https:\/\/gpl-love.com\/fr\/wp-json\/wp\/v2\/comments?post=118457"}],"wp:featuredmedia":[{"embeddable":true,"href":"https:\/\/gpl-love.com\/fr\/wp-json\/wp\/v2\/media\/146130"}],"wp:attachment":[{"href":"https:\/\/gpl-love.com\/fr\/wp-json\/wp\/v2\/media?parent=118457"}],"wp:term":[{"taxonomy":"product_brand","embeddable":true,"href":"https:\/\/gpl-love.com\/fr\/wp-json\/wp\/v2\/product_brand?post=118457"},{"taxonomy":"product_cat","embeddable":true,"href":"https:\/\/gpl-love.com\/fr\/wp-json\/wp\/v2\/product_cat?post=118457"},{"taxonomy":"product_tag","embeddable":true,"href":"https:\/\/gpl-love.com\/fr\/wp-json\/wp\/v2\/product_tag?post=118457"}],"curies":[{"name":"wp","href":"https:\/\/api.w.org\/{rel}","templated":true}]}}