{"id":118448,"date":"2022-01-25T00:00:00","date_gmt":"2022-01-24T23:00:00","guid":{"rendered":"https:\/\/gpl-love.com\/fr\/produit\/soho-hotel-booking-hotel-wordpress-theme\/"},"modified":"2026-04-10T18:40:06","modified_gmt":"2026-04-10T16:40:06","slug":"soho-hotel-booking-hotel-wordpress-theme","status":"publish","type":"product","link":"https:\/\/gpl-love.com\/fr\/produit\/soho-hotel-booking-hotel-wordpress-theme\/","title":{"rendered":"Soho Hotel Booking Hotel WordPress Theme 4.0.7"},"content":{"rendered":"<h3>Soho Hotel Booking Hotel WordPress Theme Traits<\/h3>\n<p>Le th\u00e8me WordPress de l&rsquo;h\u00f4tel Soho Hotel Booking, avec ses capacit\u00e9s impressionnantes et multiformes, sert d&rsquo;attention inestimable pour les propri\u00e9taires d&rsquo;h\u00f4tel et les gestionnaires. B\u00e9n\u00e9ficiant d&rsquo;une esth\u00e9tique \u00e9l\u00e9gante et contemporaine, ce th\u00e8me pr\u00e9sente une vaste gamme de fonctionnalit\u00e9s qui ont \u00e9t\u00e9 m\u00e9ticuleusement con\u00e7ues pour r\u00e9pondre sp\u00e9cifiquement aux besoins de l&rsquo;industrie h\u00f4teli\u00e8re. Allant des dispositions de salle personnalisables et des formulaires de r\u00e9servation \u00e0 des options de recherche tr\u00e8s avanc\u00e9es et \u00e0 des passerelles de paiement s\u00e9curis\u00e9es, ce th\u00e8me comprend tous les composants essentiels n\u00e9cessaires pour rationaliser votre processus de r\u00e9servation en ligne et attirer simultan\u00e9ment une client\u00e8le plus grande \u00e0 votre \u00e9tablissement estim\u00e9. Que vous soyez le propri\u00e9taire d&rsquo;un h\u00f4tel de charme, d&rsquo;un charmant bed and petit-d\u00e9jeuner ou d&rsquo;une cha\u00eene d&rsquo;h\u00f4tel tentaculaire, le th\u00e8me WordPress de l&rsquo;h\u00f4tel de r\u00e9servation de l&rsquo;h\u00f4tel Soho est sans \u00e9quivoque la solution par excellence pour \u00e9tablir une pr\u00e9sence en ligne poli et percutante qui d\u00e9gage le professionnalisme et l&rsquo;efficacit\u00e9.<\/p>\n<ul>\n<li>Beau design moderne pour les sites Web de r\u00e9servation d&rsquo;h\u00f4tel<\/li>\n<li>Construit sp\u00e9cifiquement pour la plate-forme WordPress<\/li>\n<li>Enti\u00e8rement r\u00e9actif, assurer une exp\u00e9rience transparente sur le bureau, les tablettes et les appareils mobiles<\/li>\n<li>Page d&rsquo;accueil multiples et mod\u00e8les de page int\u00e9rieure, permettant des options de mise en page personnalisables<\/li>\n<li>Int\u00e9gration avec le plugin WooCommerce pour une r\u00e9servation et un traitement de paiement en ligne faciles<\/li>\n<li>Compatible avec les plugins de g\u00e9n\u00e9ration de page populaires pour encore plus de personnalisation<\/li>\n<li>Fonctionnalit\u00e9 de recherche avanc\u00e9e avec plusieurs filtres, y compris la plage de dates, le type de pi\u00e8ce et le prix<\/li>\n<li>Interface visuelle de tra\u00een\u00e9e et de d\u00e9p\u00f4t pour la cr\u00e9ation et la gestion des types et tarifs de salle<\/li>\n<li>Syst\u00e8me d&rsquo;examen int\u00e9gr\u00e9 pour les commentaires et les notes des clients<\/li>\n<li>Int\u00e9gration facile avec les plateformes de m\u00e9dias sociaux populaires<\/li>\n<li>Documentation compl\u00e8te et soutien d\u00e9di\u00e9 \u00e0 toute question ou probl\u00e8me.<\/li>\n<\/ul>\n","protected":false},"excerpt":{"rendered":"<p>Le th\u00e8me WordPress de l&rsquo;h\u00f4tel de r\u00e9servation de l&rsquo;h\u00f4tel Soho a \u00e9t\u00e9 m\u00e9ticuleusement con\u00e7u pour offrir un site Web sophistiqu\u00e9 et poli pour votre estimation de l&rsquo;h\u00f4tel. Ses attributs exceptionnels incluent un syst\u00e8me de r\u00e9servation tr\u00e8s intuitif, permettant aux clients de faire des r\u00e9servations sans effort pour les chambres et les h\u00e9bergements via Internet. De plus, ce th\u00e8me remarquable offre des options de personnalisation approfondies, vous permettant de l&rsquo;adapter pr\u00e9cis\u00e9ment en fonction de vos exigences de marque distinctes. En raison de son design contemporain et esth\u00e9tique, le th\u00e8me WordPress de l&rsquo;h\u00f4tel de r\u00e9servation de l&rsquo;h\u00f4tel Soho met effectivement la pl\u00e9thore des commodit\u00e9s et des \u00e9l\u00e9ments que votre h\u00f4tel estim\u00e9 a \u00e0 offrir, ce qui en fait une s\u00e9lection impeccable pour les propri\u00e9taires qui cherchent \u00e0 augmenter leur empreinte num\u00e9rique.<\/p>\n","protected":false},"featured_media":145288,"comment_status":"open","ping_status":"open","template":"","meta":[],"product_brand":[2433],"product_cat":[1558,1212,1213],"product_tag":[1366],"class_list":{"0":"post-118448","1":"product","2":"type-product","3":"status-publish","4":"has-post-thumbnail","6":"product_brand-themeforest","7":"product_cat-hotel-resort","8":"product_cat-themes","9":"product_cat-wordpress-themes","10":"product_tag-themeforest","11":"member-discount","12":"discount-restricted","14":"first","15":"instock","16":"sale","17":"downloadable","18":"virtual","19":"sold-individually","20":"purchasable","21":"product-type-simple"},"_links":{"self":[{"href":"https:\/\/gpl-love.com\/fr\/wp-json\/wp\/v2\/product\/118448","targetHints":{"allow":["GET"]}}],"collection":[{"href":"https:\/\/gpl-love.com\/fr\/wp-json\/wp\/v2\/product"}],"about":[{"href":"https:\/\/gpl-love.com\/fr\/wp-json\/wp\/v2\/types\/product"}],"replies":[{"embeddable":true,"href":"https:\/\/gpl-love.com\/fr\/wp-json\/wp\/v2\/comments?post=118448"}],"wp:featuredmedia":[{"embeddable":true,"href":"https:\/\/gpl-love.com\/fr\/wp-json\/wp\/v2\/media\/145288"}],"wp:attachment":[{"href":"https:\/\/gpl-love.com\/fr\/wp-json\/wp\/v2\/media?parent=118448"}],"wp:term":[{"taxonomy":"product_brand","embeddable":true,"href":"https:\/\/gpl-love.com\/fr\/wp-json\/wp\/v2\/product_brand?post=118448"},{"taxonomy":"product_cat","embeddable":true,"href":"https:\/\/gpl-love.com\/fr\/wp-json\/wp\/v2\/product_cat?post=118448"},{"taxonomy":"product_tag","embeddable":true,"href":"https:\/\/gpl-love.com\/fr\/wp-json\/wp\/v2\/product_tag?post=118448"}],"curies":[{"name":"wp","href":"https:\/\/api.w.org\/{rel}","templated":true}]}}