{"id":118441,"date":"2026-04-16T00:00:00","date_gmt":"2026-04-15T22:00:00","guid":{"rendered":"https:\/\/gpl-love.com\/fr\/produit\/themify-builder-contact\/"},"modified":"2026-04-17T00:31:04","modified_gmt":"2026-04-16T22:31:04","slug":"themify-builder-contact","status":"publish","type":"product","link":"https:\/\/gpl-love.com\/fr\/produit\/themify-builder-contact\/","title":{"rendered":"Themify Builder Contact 3.6.1"},"content":{"rendered":"<h3>Themify Builder Contact Traits<\/h3>\n<p>THEFIFY Builder Contact est un plugin de formulaire de contact tr\u00e8s robuste et convivial qui a \u00e9t\u00e9 con\u00e7u de mani\u00e8re experte pour faciliter la cr\u00e9ation transparente de formulaires visuellement captivants pour votre site Web. Offrant une vaste gamme de mod\u00e8les personnalisables, de fonctionnalit\u00e9s avanc\u00e9es et d&rsquo;une fonctionnalit\u00e9 de glisser-d\u00e9poser et de d\u00e9truire sans effort, ce plugin exceptionnel garantit que le processus de cr\u00e9ation de formulaire est \u00e0 la fois rationalis\u00e9 et agr\u00e9able, vous permettant de forger des connexions avec vos utilisateurs et de rassembler les pertinents informations requises avec la plus grande facilit\u00e9. Que vous ayez besoin d&rsquo;un formulaire de contact simple, d&rsquo;un formulaire d&rsquo;enregistrement complet ou d&rsquo;une enqu\u00eate complexe, du contact de Builder Th\u00e9siy est votre solution ultime, vous accordant la possibilit\u00e9 de terminer vos t\u00e2ches rapidement et efficacement. Ainsi, si votre objectif est de fabriquer des formes exquises et percutantes qui vous permettent de favoriser la connectivit\u00e9 avec votre public cible et de propulser la croissance de votre entreprise, The Th\u00e9ify Builder Contact est ind\u00e9niablement le choix optimal.<\/p>\n<ul>\n<li>Un puissant constructeur de formulaires de contact pour les sites Web cr\u00e9\u00e9s \u00e0 l&rsquo;aide de THEFIFY Builder<\/li>\n<li>Permet une cr\u00e9ation facile de formulaires de contact personnalis\u00e9s avec diverses options de champs telles que le nom, le courrier \u00e9lectronique, le num\u00e9ro de t\u00e9l\u00e9phone, le message, etc.<\/li>\n<li>Offre diverses options de personnalisation, notamment la largeur du formulaire, la couleur, la taille de la police et le style<\/li>\n<li>Livr\u00e9 avec diff\u00e9rents mod\u00e8les de formulaire pour permettre aux utilisateurs de commencer facilement<\/li>\n<li>Fournit diverses options de notification par e-mail permettant aux utilisateurs d&rsquo;\u00eatre inform\u00e9s imm\u00e9diatement lorsqu&rsquo;un formulaire est soumis<\/li>\n<li>Permet l&rsquo;int\u00e9gration avec des services de marketing par e-mail populaires tels que MailChimp, Aweber et Contact Constant<\/li>\n<li>A une protection anti-spam int\u00e9gr\u00e9e pour emp\u00eacher les soumissions ind\u00e9sirables<\/li>\n<li>Tr\u00e8s r\u00e9actif et adapt\u00e9 aux mobiles, garantissant que les formes ont fi\u00e8re allure sur tous les appareils<\/li>\n<li>R\u00e9guli\u00e8rement mis \u00e0 jour avec de nouvelles fonctionnalit\u00e9s et fonctionnalit\u00e9s pour s&rsquo;assurer qu&rsquo;elle reste en avance sur la concurrence<\/li>\n<li>Offre un soutien exceptionnel via le Forum communautaire THEFIFY et l&rsquo;\u00e9quipe de soutien d\u00e9di\u00e9e.<\/li>\n<\/ul>\n","protected":false},"excerpt":{"rendered":"<p>THEFIFY Builder Contact est un module extr\u00eamement puissant pour WordPress sp\u00e9cialis\u00e9 dans les formulaires de contact. Ce plugin incroyablement intuitif vous donne la possibilit\u00e9 de g\u00e9n\u00e9rer sans effort et rapidement des formulaires de contact sur mesure pour votre site Web, tout cela gr\u00e2ce \u00e0 son interface de glisser-d\u00e9poser conviviale. En utilisant simplement ce plugin, vous pouvez ins\u00e9rer de mani\u00e8re transparente divers domaines comme le nom, le courrier \u00e9lectronique, le num\u00e9ro de t\u00e9l\u00e9phone et bien d&rsquo;autres dans votre formulaire de contact, produisant efficacement un syst\u00e8me de communication enti\u00e8rement op\u00e9rationnel qui permet \u00e0 vos pr\u00e9cieux clients de vous contacter sans effort dans un concis et mani\u00e8re professionnelle. De plus, avec les capacit\u00e9s incroyables de THEFIFY BUILDER Contact, vous avez la libert\u00e9 de personnaliser et de modifier l&rsquo;apparence et l&rsquo;ambiance de votre formulaire de contact, en vous assurant qu&rsquo;elle s&rsquo;aligne harmonieusement avec l&rsquo;esth\u00e9tique distinctive de votre site Web et de conception de votre site Web. Que vous g\u00e9rez une entreprise modeste, une organisation de bienfaisance ou m\u00eame une soci\u00e9t\u00e9 substantielle, The Th\u00e9ify Builder Contact sert de moyen par excellence pour enrichir les fonctionnalit\u00e9s de votre site Web et \u00e9lever votre dialogue avec votre public estim\u00e9.<\/p>\n","protected":false},"featured_media":145500,"comment_status":"open","ping_status":"open","template":"","meta":[],"product_brand":[2674],"product_cat":[1189,1181,1186],"product_tag":[1375],"class_list":{"0":"post-118441","1":"product","2":"type-product","3":"status-publish","4":"has-post-thumbnail","6":"product_brand-themify","7":"product_cat-personnalisation","8":"product_cat-plugins","9":"product_cat-wordpress-plugins","10":"product_tag-themify","11":"member-discount","12":"discount-restricted","14":"first","15":"instock","16":"sale","17":"downloadable","18":"virtual","19":"sold-individually","20":"purchasable","21":"product-type-simple"},"_links":{"self":[{"href":"https:\/\/gpl-love.com\/fr\/wp-json\/wp\/v2\/product\/118441","targetHints":{"allow":["GET"]}}],"collection":[{"href":"https:\/\/gpl-love.com\/fr\/wp-json\/wp\/v2\/product"}],"about":[{"href":"https:\/\/gpl-love.com\/fr\/wp-json\/wp\/v2\/types\/product"}],"replies":[{"embeddable":true,"href":"https:\/\/gpl-love.com\/fr\/wp-json\/wp\/v2\/comments?post=118441"}],"wp:featuredmedia":[{"embeddable":true,"href":"https:\/\/gpl-love.com\/fr\/wp-json\/wp\/v2\/media\/145500"}],"wp:attachment":[{"href":"https:\/\/gpl-love.com\/fr\/wp-json\/wp\/v2\/media?parent=118441"}],"wp:term":[{"taxonomy":"product_brand","embeddable":true,"href":"https:\/\/gpl-love.com\/fr\/wp-json\/wp\/v2\/product_brand?post=118441"},{"taxonomy":"product_cat","embeddable":true,"href":"https:\/\/gpl-love.com\/fr\/wp-json\/wp\/v2\/product_cat?post=118441"},{"taxonomy":"product_tag","embeddable":true,"href":"https:\/\/gpl-love.com\/fr\/wp-json\/wp\/v2\/product_tag?post=118441"}],"curies":[{"name":"wp","href":"https:\/\/api.w.org\/{rel}","templated":true}]}}