{"id":118439,"date":"2024-11-18T00:00:00","date_gmt":"2024-11-17T23:00:00","guid":{"rendered":"https:\/\/gpl-love.com\/fr\/produit\/mainwp-file-uploader\/"},"modified":"2026-03-20T23:23:17","modified_gmt":"2026-03-20T22:23:17","slug":"mainwp-file-uploader","status":"publish","type":"product","link":"https:\/\/gpl-love.com\/fr\/produit\/mainwp-file-uploader\/","title":{"rendered":"MainWP File Uploader 5.0.1"},"content":{"rendered":"<h3>MainWP File Uploader Traits<\/h3>\n<p>Le plugin de t\u00e9l\u00e9chargeur de fichiers MainWP, r\u00e9put\u00e9 pour sa robustesse et sa fonctionnalit\u00e9, sert d&rsquo;outil formidable qui offre aux utilisateurs la commodit\u00e9 de t\u00e9l\u00e9charger sans effort des fichiers sur leur site WordPress. Il est r\u00e9volu le temps de s&rsquo;appuyer uniquement sur la biblioth\u00e8que de m\u00e9dias WordPress par d\u00e9faut, car ce plugin permet aux utilisateurs de t\u00e9l\u00e9charger de mani\u00e8re transparente une myriade de fichiers multim\u00e9dias, de englober des images captivantes, des vid\u00e9os engageantes et des documents informatifs. M\u00eame les utilisateurs novices trouveront un r\u00e9confort dans sa nature conviviale et sa simplicit\u00e9 d&rsquo;installation. De plus, les utilisateurs ont la possibilit\u00e9 d&rsquo;exercer un contr\u00f4le sur les types de fichiers qui peuvent \u00eatre t\u00e9l\u00e9charg\u00e9s, d&rsquo;\u00e9tablir des limites de t\u00e9l\u00e9chargement et de suivre avec diligence la progression de leurs t\u00e9l\u00e9chargements. Sans aucun doute, le plugin de t\u00e9l\u00e9chargeur de fichiers MainWP est une ressource indispensable pour les personnes cherchant \u00e0 am\u00e9liorer leur proc\u00e9dure de t\u00e9l\u00e9chargement de fichiers et \u00e0 g\u00e9rer efficacement leur site WordPress.<\/p>\n<ul>\n<li>Souppe le processus de t\u00e9l\u00e9chargement de fichiers sur MainWP<\/li>\n<li>Permet les t\u00e9l\u00e9chargements de fichiers en vrac<\/li>\n<li>Pas besoin de t\u00e9l\u00e9charger manuellement des fichiers individuels<\/li>\n<li>Interface glisser-d\u00e9poser intuitive<\/li>\n<li>Compatible avec divers types de fichiers<\/li>\n<li>Gave le temps avec les t\u00e9l\u00e9chargements de lots<\/li>\n<li>Offre une commodit\u00e9 in\u00e9gal\u00e9e pour les utilisateurs de MainWP<\/li>\n<li>Rationalise les flux de travail et am\u00e9liore la productivit\u00e9<\/li>\n<\/ul>\n","protected":false},"excerpt":{"rendered":"<p>Le chargeur de fichiers MainWP propose une solution compl\u00e8te et efficace pour g\u00e9rer efficacement les fichiers sur votre site Web WordPress, d\u00e9passant les capacit\u00e9s d&rsquo;options alternatives. Son interface conviviale et son approche simpliste garantissent une navigation transparente, vous permettant de t\u00e9l\u00e9charger, supprimer et modifier sans effort des fichiers avec un minimum d&rsquo;effort. Quelles que soient vos intentions &#8211; que ce soit le t\u00e9l\u00e9chargement d&rsquo;un fichier solitaire ou un r\u00e9pertoire entier d\u00e9bordant de nombreux fichiers &#8211; ce plugin exceptionnel simplifie et rationalise la t\u00e2che ardue de g\u00e9rer la biblioth\u00e8que de m\u00e9dias de votre site Web. De plus, ce plugin pr\u00e9sente une compatibilit\u00e9 in\u00e9gal\u00e9e avec tous les types de fichiers et tailles, ce qui en fait un outil indispensable pour chaque administrateur WordPress diligent.<\/p>\n","protected":false},"featured_media":144429,"comment_status":"open","ping_status":"open","template":"","meta":[],"product_brand":[2587],"product_cat":[1187,1181,1186],"product_tag":[1299],"class_list":{"0":"post-118439","1":"product","2":"type-product","3":"status-publish","4":"has-post-thumbnail","6":"product_brand-main-wp","7":"product_cat-administration-wordpress-plugins","8":"product_cat-plugins","9":"product_cat-wordpress-plugins","10":"product_tag-main-wp","11":"member-discount","12":"discount-restricted","14":"first","15":"instock","16":"sale","17":"downloadable","18":"virtual","19":"sold-individually","20":"purchasable","21":"product-type-simple"},"_links":{"self":[{"href":"https:\/\/gpl-love.com\/fr\/wp-json\/wp\/v2\/product\/118439","targetHints":{"allow":["GET"]}}],"collection":[{"href":"https:\/\/gpl-love.com\/fr\/wp-json\/wp\/v2\/product"}],"about":[{"href":"https:\/\/gpl-love.com\/fr\/wp-json\/wp\/v2\/types\/product"}],"replies":[{"embeddable":true,"href":"https:\/\/gpl-love.com\/fr\/wp-json\/wp\/v2\/comments?post=118439"}],"wp:featuredmedia":[{"embeddable":true,"href":"https:\/\/gpl-love.com\/fr\/wp-json\/wp\/v2\/media\/144429"}],"wp:attachment":[{"href":"https:\/\/gpl-love.com\/fr\/wp-json\/wp\/v2\/media?parent=118439"}],"wp:term":[{"taxonomy":"product_brand","embeddable":true,"href":"https:\/\/gpl-love.com\/fr\/wp-json\/wp\/v2\/product_brand?post=118439"},{"taxonomy":"product_cat","embeddable":true,"href":"https:\/\/gpl-love.com\/fr\/wp-json\/wp\/v2\/product_cat?post=118439"},{"taxonomy":"product_tag","embeddable":true,"href":"https:\/\/gpl-love.com\/fr\/wp-json\/wp\/v2\/product_tag?post=118439"}],"curies":[{"name":"wp","href":"https:\/\/api.w.org\/{rel}","templated":true}]}}