{"id":118437,"date":"2024-05-30T00:00:00","date_gmt":"2024-05-29T22:00:00","guid":{"rendered":"https:\/\/gpl-love.com\/fr\/produit\/mainwp-custom-post-types\/"},"modified":"2026-03-20T23:23:15","modified_gmt":"2026-03-20T22:23:15","slug":"mainwp-custom-post-types","status":"publish","type":"product","link":"https:\/\/gpl-love.com\/fr\/produit\/mainwp-custom-post-types\/","title":{"rendered":"MainWP Custom Post Types 5.0.2"},"content":{"rendered":"<h3>MainWP Custom Post Types Traits<\/h3>\n<p>MAINWP Custom Post Types est un plugin incroyablement robuste et influent qui offre aux utilisateurs la capacit\u00e9 exceptionnelle de cr\u00e9er et de g\u00e9rer efficacement les types de messages personnalis\u00e9s directement \u00e0 partir de leur tableau de bord WordPress. Ce plugin exceptionnel permet aux utilisateurs de g\u00e9n\u00e9rer sans effort des types de messages personnalis\u00e9s, des taxonomies personnalis\u00e9es et m\u00eame des champs personnalis\u00e9s parfaitement adapt\u00e9s pour r\u00e9pondre aux besoins uniques et sp\u00e9cifiques de leurs sites Web. Ce qui distingue vraiment ce plugin, c&rsquo;est sa capacit\u00e9 remarquable \u00e0 am\u00e9liorer la fonctionnalit\u00e9 et les performances globales des sites Web WordPress sans n\u00e9cessiter la t\u00e2che ardue de plonger dans un codage complexe. De plus, l&rsquo;interface conviviale de ce plugin simplifie le processus de cr\u00e9ation, de gestion et de personnalisation des types de messages personnalis\u00e9s, le rendant sans effort accessible aux individus de tout niveau de comp\u00e9tence. Incontestablement, les types de posts personnalis\u00e9s MainWP sont un plugin indispensable qui devrait \u00eatre utilis\u00e9 par quiconque aspire \u00e0 \u00e9lever leur site Web WordPress \u00e0 des sommets in\u00e9gal\u00e9s en termes de fonctionnalit\u00e9 et de personnalisation.<\/p>\n<ul>\n<li>Fonctionnalit\u00e9 de types de publication personnalis\u00e9s pour \u00e9tendre les fonctionnalit\u00e9s de MainWP<\/li>\n<li>Cr\u00e9er des types de publication personnalis\u00e9s illimit\u00e9s sp\u00e9cifiques \u00e0 vos besoins<\/li>\n<li>La date de publication pr\u00e9coce pour les types de publication personnalis\u00e9es peut \u00eatre d\u00e9finie<\/li>\n<li>Vous pouvez personnaliser le titre du type de message dans la vue de la liste<\/li>\n<li>Prend en charge une vari\u00e9t\u00e9 de formats d&rsquo;entr\u00e9e comme le texte, les images et les vid\u00e9os<\/li>\n<li>Filtrez des types de publiques personnalis\u00e9es par statut, titre ou plage de dates<\/li>\n<li>Archiver vos types de publiques personnalis\u00e9es par ann\u00e9e, date et cat\u00e9gorie<\/li>\n<li>Attribuer des cat\u00e9gories uniques \u00e0 chaque type de message personnalis\u00e9<\/li>\n<li>Personnalisez votre structure de permalien pour le type de message personnalis\u00e9<\/li>\n<li>Widgets suppl\u00e9mentaires pour afficher vos types de publication personnalis\u00e9s sur votre site Web<\/li>\n<li>Publier automatiquement les types de publiques personnalis\u00e9es ou en tant que brouillons<\/li>\n<\/ul>\n","protected":false},"excerpt":{"rendered":"<p>MainWP Custom Post Types est un plugin tr\u00e8s sophistiqu\u00e9 qui a \u00e9t\u00e9 m\u00e9ticuleusement con\u00e7u pour \u00e9lever la fonctionnalit\u00e9 globale et l&rsquo;attrait de votre site Web. En int\u00e9grant de mani\u00e8re transparente ce plugin dans votre site Web, vous gagnez la capacit\u00e9 remarquable pour g\u00e9n\u00e9rer et incorporer sans effort divers types de publiques personnalis\u00e9es, infusant ainsi un niveau de polyvalence et de dynamisme in\u00e9gal\u00e9 dans votre plate-forme en ligne. Une vaste gamme de types de contenu divers dans votre site Web, y compris, mais sans s&rsquo;y limiter, les portefeuilles, les membres du personnel, les \u00e9v\u00e9nements, les t\u00e9moignages et une multitude d&rsquo;autres \u00e9l\u00e9ments captivants. Cette gamme compl\u00e8te d&rsquo;options vous permet de g\u00e9rer et de pr\u00e9senter une exp\u00e9rience en ligne exceptionnellement diversifi\u00e9e et immersive pour vos visiteurs, captivant ainsi leur attention et laissant une impression ind\u00e9l\u00e9bile.<\/p>\n","protected":false},"featured_media":144427,"comment_status":"open","ping_status":"open","template":"","meta":[],"product_brand":[2587],"product_cat":[1187,1181,1186],"product_tag":[1299],"class_list":{"0":"post-118437","1":"product","2":"type-product","3":"status-publish","4":"has-post-thumbnail","6":"product_brand-main-wp","7":"product_cat-administration-wordpress-plugins","8":"product_cat-plugins","9":"product_cat-wordpress-plugins","10":"product_tag-main-wp","11":"member-discount","12":"discount-restricted","14":"first","15":"instock","16":"sale","17":"downloadable","18":"virtual","19":"sold-individually","20":"purchasable","21":"product-type-simple"},"_links":{"self":[{"href":"https:\/\/gpl-love.com\/fr\/wp-json\/wp\/v2\/product\/118437","targetHints":{"allow":["GET"]}}],"collection":[{"href":"https:\/\/gpl-love.com\/fr\/wp-json\/wp\/v2\/product"}],"about":[{"href":"https:\/\/gpl-love.com\/fr\/wp-json\/wp\/v2\/types\/product"}],"replies":[{"embeddable":true,"href":"https:\/\/gpl-love.com\/fr\/wp-json\/wp\/v2\/comments?post=118437"}],"wp:featuredmedia":[{"embeddable":true,"href":"https:\/\/gpl-love.com\/fr\/wp-json\/wp\/v2\/media\/144427"}],"wp:attachment":[{"href":"https:\/\/gpl-love.com\/fr\/wp-json\/wp\/v2\/media?parent=118437"}],"wp:term":[{"taxonomy":"product_brand","embeddable":true,"href":"https:\/\/gpl-love.com\/fr\/wp-json\/wp\/v2\/product_brand?post=118437"},{"taxonomy":"product_cat","embeddable":true,"href":"https:\/\/gpl-love.com\/fr\/wp-json\/wp\/v2\/product_cat?post=118437"},{"taxonomy":"product_tag","embeddable":true,"href":"https:\/\/gpl-love.com\/fr\/wp-json\/wp\/v2\/product_tag?post=118437"}],"curies":[{"name":"wp","href":"https:\/\/api.w.org\/{rel}","templated":true}]}}