{"id":118435,"date":"2026-03-06T00:00:00","date_gmt":"2026-03-05T23:00:00","guid":{"rendered":"https:\/\/gpl-love.com\/fr\/produit\/mainwp-comments\/"},"modified":"2026-03-20T23:23:14","modified_gmt":"2026-03-20T22:23:14","slug":"mainwp-comments","status":"publish","type":"product","link":"https:\/\/gpl-love.com\/fr\/produit\/mainwp-comments\/","title":{"rendered":"MainWP Comments 5.1.2"},"content":{"rendered":"<h3>MainWP Comments Traits<\/h3>\n<p>Les commentaires MainWP, un outil tr\u00e8s robuste, servent un atout inestimable pour g\u00e9rer efficacement les commentaires sur plusieurs sites WordPress. Ses capacit\u00e9s remarquables permettent aux utilisateurs de surveiller, d&rsquo;approuver et de mod\u00e9rer sans effort les commentaires \u00e0 travers un tableau de bord centralis\u00e9, conservant efficacement le temps et l&rsquo;\u00e9nergie. Au moyen d&rsquo;une interface intuitive, les utilisateurs peuvent naviguer rapidement entre les sites, acc\u00e9dant ainsi facilement \u00e0 un aper\u00e7u complet de tous les commentaires dans un endroit consolid\u00e9, facilitant ainsi la surveillance transparente des conversations et l&rsquo;engagement actif avec les lecteurs. En outre, MainWP Commentaires offre une multitude de fonctionnalit\u00e9s avanc\u00e9es, notamment la gestion des commentaires en vrac, le filtrage automatique des spams et les notifications personnalis\u00e9es, qui offrent toutes les utilisateurs in\u00e9gal\u00e9s sur leurs processus de gestion des commentaires. En substance, pour tout propri\u00e9taire de site WordPress exigeant cherchant \u00e0 optimiser leur flux de travail de gestion des commentaires et \u00e0 cultiver des liens significatifs avec leur public, les commentaires Mainwp repr\u00e9sentent sans aucun doute un outil indispensable.<\/p>\n<ul>\n<li>G\u00e9rer sans effort et mod\u00e9rer les commentaires sur plusieurs sites Web WordPress<\/li>\n<li>Recevez des notifications en temps r\u00e9el pour les nouveaux commentaires et r\u00e9pondez-les dans le m\u00eame tableau de bord<\/li>\n<li>Approuver, rejeter, modifier ou marquer les commentaires comme spam \/ ham en quelques clics<\/li>\n<li>Attribuer des commentaires \u00e0 des membres ou des sites de l&rsquo;\u00e9quipe sp\u00e9cifiques pour une meilleure gestion du flux de travail<\/li>\n<li>Afficher et filtrer les commentaires par site, poste, auteur, statut ou mot-cl\u00e9<\/li>\n<li>Modifier en vrac ou supprimer les commentaires pour gagner du temps et augmenter l&rsquo;efficacit\u00e9<\/li>\n<li>Restez organis\u00e9 avec les param\u00e8tres de mod\u00e9ration des commentaires personnalisables et les r\u00f4les utilisateur<\/li>\n<li>Compatible avec les plugins et outils de commentaires tiers populaires<\/li>\n<li>Con\u00e7u pour optimiser le processus de gestion des commentaires pour les petites et grandes \u00e9quipes<\/li>\n<li>Interface accessible et conviviale pour les utilisateurs les plus novices<\/li>\n<\/ul>\n","protected":false},"excerpt":{"rendered":"<p>Mainwp Commentaires est un plugin exceptionnellement robuste qui a \u00e9t\u00e9 m\u00e9ticuleusement con\u00e7u avec l&rsquo;objectif principal de rationalisation et d&rsquo;optimisation du processus de gestion des commentaires pour votre site Web. Gr\u00e2ce \u00e0 l&rsquo;utilisation de cet outil remarquable, vous \u00eates condamn\u00e9 \u00e0 la capacit\u00e9 extraordinaire de superviser les commentaires sans effort et efficacement sur plusieurs sites Web \u00e0 partir d&rsquo;un tableau de bord singulier et centralis\u00e9. Par cons\u00e9quent, cela vous permet de mod\u00e9rer efficacement les commentaires, de r\u00e9pondre rapidement aux messages et de garantir avec diligence que votre site Web reste exceptionnellement actif et captivant. L&rsquo;une des fonctionnalit\u00e9s les plus notables de ce plugin est la capacit\u00e9 d&rsquo;acc\u00e8s et de revoir facilement tous les commentaires dans un endroit centralis\u00e9, permettant ainsi une \u00e9valuation et une \u00e9valuation efficaces et efficaces. De plus, le plugin vous offre la capacit\u00e9 inestimable \u00e0 filtrer les commentaires en fonction de leurs statuts respectifs, facilitant ainsi l&rsquo;organisation et la gestion transparentes. En outre, ce plugin vous offre \u00e9galement la fonctionnalit\u00e9 indispensable de pouvoir g\u00e9rer les commentaires en vrac au fur et \u00e0 mesure que le besoin se pose, r\u00e9duisant consid\u00e9rablement le temps et les efforts n\u00e9cessaires pour superviser et administrer efficacement les commentaires. L&rsquo;interface de ce plugin a \u00e9t\u00e9 soigneusement con\u00e7ue pour \u00eatre tr\u00e8s intuitive et remarquablement conviviale, ce qui le rend parfaitement accessible et compr\u00e9hensible aux individus de tous niveaux de comp\u00e9tence. Cela se traduit finalement par une \u00e9conomie consid\u00e9rable de temps et une am\u00e9lioration \u00e9vidente de la qualit\u00e9 globale des commentaires sur votre site Web estim\u00e9. Par cons\u00e9quent, si vous recherchez actuellement un outil simpliste mais remarquablement puissant pour g\u00e9rer et administrer efficacement les commentaires sur votre site Web, les commentaires MainWP apparaissent sans aucun doute comme un choix exceptionnel et in\u00e9gal\u00e9.<\/p>\n","protected":false},"featured_media":144426,"comment_status":"open","ping_status":"open","template":"","meta":[],"product_brand":[2587],"product_cat":[1187,1181,1186],"product_tag":[1299],"class_list":{"0":"post-118435","1":"product","2":"type-product","3":"status-publish","4":"has-post-thumbnail","6":"product_brand-main-wp","7":"product_cat-administration-wordpress-plugins","8":"product_cat-plugins","9":"product_cat-wordpress-plugins","10":"product_tag-main-wp","11":"member-discount","12":"discount-restricted","14":"first","15":"instock","16":"sale","17":"downloadable","18":"virtual","19":"sold-individually","20":"purchasable","21":"product-type-simple"},"_links":{"self":[{"href":"https:\/\/gpl-love.com\/fr\/wp-json\/wp\/v2\/product\/118435","targetHints":{"allow":["GET"]}}],"collection":[{"href":"https:\/\/gpl-love.com\/fr\/wp-json\/wp\/v2\/product"}],"about":[{"href":"https:\/\/gpl-love.com\/fr\/wp-json\/wp\/v2\/types\/product"}],"replies":[{"embeddable":true,"href":"https:\/\/gpl-love.com\/fr\/wp-json\/wp\/v2\/comments?post=118435"}],"wp:featuredmedia":[{"embeddable":true,"href":"https:\/\/gpl-love.com\/fr\/wp-json\/wp\/v2\/media\/144426"}],"wp:attachment":[{"href":"https:\/\/gpl-love.com\/fr\/wp-json\/wp\/v2\/media?parent=118435"}],"wp:term":[{"taxonomy":"product_brand","embeddable":true,"href":"https:\/\/gpl-love.com\/fr\/wp-json\/wp\/v2\/product_brand?post=118435"},{"taxonomy":"product_cat","embeddable":true,"href":"https:\/\/gpl-love.com\/fr\/wp-json\/wp\/v2\/product_cat?post=118435"},{"taxonomy":"product_tag","embeddable":true,"href":"https:\/\/gpl-love.com\/fr\/wp-json\/wp\/v2\/product_tag?post=118435"}],"curies":[{"name":"wp","href":"https:\/\/api.w.org\/{rel}","templated":true}]}}