{"id":118433,"date":"2024-12-02T00:00:00","date_gmt":"2024-12-01T23:00:00","guid":{"rendered":"https:\/\/gpl-love.com\/fr\/produit\/mainwp-code-snippets\/"},"modified":"2026-03-20T23:23:14","modified_gmt":"2026-03-20T22:23:14","slug":"mainwp-code-snippets","status":"publish","type":"product","link":"https:\/\/gpl-love.com\/fr\/produit\/mainwp-code-snippets\/","title":{"rendered":"MainWP Code Snippets 5.0.4"},"content":{"rendered":"<h3>MainWP Code Snippets Traits<\/h3>\n<p>Les extraits de code MainWP, un outil incroyablement robuste et formidable, offrent aux propri\u00e9taires de sites WordPress un moyen transparent et efficace de g\u00e9rer, d&rsquo;organiser et d&rsquo;ex\u00e9cuter des extraits de code sur une multitude de sites, tous \u00e0 partir d&rsquo;un seul emplacement centralis\u00e9. Ce plugin r\u00e9volutionnaire permet aux utilisateurs de g\u00e9n\u00e9rer, de modifier et d&rsquo;\u00e9radiquer les extraits de code, facilitant ainsi l&rsquo;automatisation des t\u00e2ches et le renforcement des fonctionnalit\u00e9s du site. Ind\u00e9pendamment de savoir si la t\u00e2che \u00e0 accomplir n\u00e9cessite l&rsquo;inclusion de CSS ou de JavaScript personnalis\u00e9s, de manipulation de mod\u00e8les de page ou de widgets, ou de l&rsquo;ex\u00e9cution de scripts PHP complexes, cet outil simplifie l&rsquo;ensemble du processus, ce qui permet en fin de compte des utilisateurs idiaux. En optant pour des extraits de code MainWP, les individus peuvent rationaliser sans effort leur flux de travail et supposer sans effort la commande sur les extraits de code de leurs sites WordPress.<\/p>\n<ul>\n<li>Offre un acc\u00e8s facile aux extraits de code fr\u00e9quemment utilis\u00e9s dans votre site WordPress<\/li>\n<li>Aide \u00e0 rationaliser votre flux de travail en \u00e9liminant la n\u00e9cessit\u00e9 de rechercher et de copier \/ coller des extraits de code provenant de sources externes<\/li>\n<li>Peut \u00eatre utilis\u00e9 pour une vari\u00e9t\u00e9 de t\u00e2ches, de l&rsquo;ajout de fonctionnalit\u00e9s personnalis\u00e9es \u00e0 votre site \u00e0 l&rsquo;optimisation des performances<\/li>\n<li>Comprend une interface conviviale pour organiser et modifier vos extraits de code<\/li>\n<li>Fonctionne parfaitement avec le tableau de bord Mainwp pour une gestion facile de tous vos sites WordPress<\/li>\n<li>Gave le temps et r\u00e9duit les erreurs en automatisant les t\u00e2ches de codage courantes<\/li>\n<li>Personnalisable pour r\u00e9pondre \u00e0 vos besoins et pr\u00e9f\u00e9rences sp\u00e9cifiques<\/li>\n<li>Compatible avec une large gamme de th\u00e8mes et plugins WordPress<\/li>\n<li>Fournit une couche de s\u00e9curit\u00e9 suppl\u00e9mentaire en permettant aux utilisateurs autoris\u00e9s d&rsquo;acc\u00e9der et de modifier vos extraits de code<\/li>\n<li>Livr\u00e9 avec une documentation compl\u00e8te et un soutien pour vous assurer de tirer le meilleur parti de votre investissement<\/li>\n<\/ul>\n","protected":false},"excerpt":{"rendered":"<p>Mainwp Code Snippets, un outil tr\u00e8s utile, facilite la gestion efficace des extraits de code pour plusieurs sites Web. En utilisant ce plugin, les d\u00e9veloppeurs peuvent int\u00e9grer, modifier et ex\u00e9cuter des extraits de code \u00e0 partir de leur tableau de bord MainWP, \u00e9liminant le besoin d&rsquo;une commutation incessante entre divers outils. Cette solution exceptionnelle est particuli\u00e8rement id\u00e9ale pour les professionnels qui cherchent \u00e0 optimiser leur flux de travail et \u00e0 minimiser le gaspillage de temps. Avec les fonctionnalit\u00e9s in\u00e9gal\u00e9es des extraits de code MainWP, les utilisateurs acqui\u00e8rent une autorit\u00e9 absolue sur leur code, ce qui rend le processus de personnalisation du site Web et d&rsquo;am\u00e9lioration des fonctionnalit\u00e9s beaucoup plus d&rsquo;effort.<\/p>\n","protected":false},"featured_media":144425,"comment_status":"open","ping_status":"open","template":"","meta":[],"product_brand":[2587],"product_cat":[1187,1181,1186],"product_tag":[1299],"class_list":{"0":"post-118433","1":"product","2":"type-product","3":"status-publish","4":"has-post-thumbnail","6":"product_brand-main-wp","7":"product_cat-administration-wordpress-plugins","8":"product_cat-plugins","9":"product_cat-wordpress-plugins","10":"product_tag-main-wp","11":"member-discount","12":"discount-restricted","14":"first","15":"instock","16":"sale","17":"downloadable","18":"virtual","19":"sold-individually","20":"purchasable","21":"product-type-simple"},"_links":{"self":[{"href":"https:\/\/gpl-love.com\/fr\/wp-json\/wp\/v2\/product\/118433","targetHints":{"allow":["GET"]}}],"collection":[{"href":"https:\/\/gpl-love.com\/fr\/wp-json\/wp\/v2\/product"}],"about":[{"href":"https:\/\/gpl-love.com\/fr\/wp-json\/wp\/v2\/types\/product"}],"replies":[{"embeddable":true,"href":"https:\/\/gpl-love.com\/fr\/wp-json\/wp\/v2\/comments?post=118433"}],"wp:featuredmedia":[{"embeddable":true,"href":"https:\/\/gpl-love.com\/fr\/wp-json\/wp\/v2\/media\/144425"}],"wp:attachment":[{"href":"https:\/\/gpl-love.com\/fr\/wp-json\/wp\/v2\/media?parent=118433"}],"wp:term":[{"taxonomy":"product_brand","embeddable":true,"href":"https:\/\/gpl-love.com\/fr\/wp-json\/wp\/v2\/product_brand?post=118433"},{"taxonomy":"product_cat","embeddable":true,"href":"https:\/\/gpl-love.com\/fr\/wp-json\/wp\/v2\/product_cat?post=118433"},{"taxonomy":"product_tag","embeddable":true,"href":"https:\/\/gpl-love.com\/fr\/wp-json\/wp\/v2\/product_tag?post=118433"}],"curies":[{"name":"wp","href":"https:\/\/api.w.org\/{rel}","templated":true}]}}