{"id":118431,"date":"2025-05-06T00:00:00","date_gmt":"2025-05-05T22:00:00","guid":{"rendered":"https:\/\/gpl-love.com\/fr\/produit\/mainwp-clone\/"},"modified":"2026-03-20T23:23:13","modified_gmt":"2026-03-20T22:23:13","slug":"mainwp-clone","status":"publish","type":"product","link":"https:\/\/gpl-love.com\/fr\/produit\/mainwp-clone\/","title":{"rendered":"MainWP Clone 5.0.1"},"content":{"rendered":"<h3>MainWP Clone Traits<\/h3>\n<p>MainWP Clone, un outil logiciel exceptionnellement puissant, vous permet de reproduire rapidement votre tableau de bord Mainwp \u00e0 c\u00f4t\u00e9 de tous ses param\u00e8tres et configurations associ\u00e9s sur un site alternatif en quelques minutes. \u00c0 l&rsquo;aide de ce logiciel extraordinaire, non seulement vous pouvez g\u00e9n\u00e9rer facilement une sauvegarde de votre site MainWP, mais vous pouvez \u00e9galement le transf\u00e9rer sans effort sur un serveur ou un domaine alternatif sans la t\u00e2che ardue de tout recommencer. L&rsquo;installation et l&rsquo;utilisation du logiciel sont toutes deux non exerc\u00e9es, et il poss\u00e8de un tableau de fonctionnalit\u00e9s robustes qui lui rendent l&rsquo;outil par excellence pour tous ceux qui cherchent \u00e0 cr\u00e9er un double de leur site Mainwp. Que vous vous trouviez dans le r\u00f4le d&rsquo;un d\u00e9veloppeur Web ou d&rsquo;un propri\u00e9taire de site Web, soyez assur\u00e9 que le clone Mainwp est un outil indispensable que vous feriez n\u00e9gliger.<\/p>\n<ul>\n<li>R\u00e9pliquez en toute s\u00e9curit\u00e9 votre instance MainWP \u00e0 un autre emplacement ou serveur<\/li>\n<li>Transfert facile et efficace de votre configuration MainWP vers un nouveau fournisseur d&rsquo;h\u00e9bergement<\/li>\n<li>Restauration rapide de votre instance MainWP en cas de perte de donn\u00e9es ou de d\u00e9faillance du serveur<\/li>\n<li>Options de clonage enti\u00e8rement personnalisables pour r\u00e9pondre \u00e0 vos besoins sp\u00e9cifiques<\/li>\n<li>Processus de clonage automatis\u00e9 qui vous fait gagner du temps et des tracas<\/li>\n<li>Processus de clonage s\u00e9curis\u00e9 qui tient des donn\u00e9es sensibles prot\u00e9g\u00e9es<\/li>\n<li>Compatibilit\u00e9 avec un large \u00e9ventail de fournisseurs d&rsquo;h\u00e9bergement et de configurations de serveurs<\/li>\n<li>\u00c9quipe de support d\u00e9di\u00e9e disponible pour aider \u00e0 toute question ou probl\u00e8me<\/li>\n<\/ul>\n","protected":false},"excerpt":{"rendered":"<p>MainWP Clone, un plugin WordPress incroyablement convivial, offre la capacit\u00e9 transparente pour cloner sans effort votre site Web MainWP \u00e0 un autre emplacement ou serveur. Selon quelques clics, vous pouvez g\u00e9n\u00e9rer sans effort une r\u00e9plique identique de votre site Web, englobant toutes les configurations, plugins et th\u00e8mes complexes. Cet outil remarquablement robuste s&rsquo;av\u00e8re \u00eatre une solution impeccable pour les d\u00e9veloppeurs, les concepteurs et les propri\u00e9taires de sites Web visant \u00e0 reproduire rapidement et efficacement leurs plateformes en ligne. Optimisez votre productivit\u00e9 et minimisez votre effort en exploitant les capacit\u00e9s remarquables du clone Mainwp.<\/p>\n","protected":false},"featured_media":144424,"comment_status":"open","ping_status":"open","template":"","meta":[],"product_brand":[2587],"product_cat":[1187,1181,1186],"product_tag":[1299],"class_list":{"0":"post-118431","1":"product","2":"type-product","3":"status-publish","4":"has-post-thumbnail","6":"product_brand-main-wp","7":"product_cat-administration-wordpress-plugins","8":"product_cat-plugins","9":"product_cat-wordpress-plugins","10":"product_tag-main-wp","11":"member-discount","12":"discount-restricted","14":"first","15":"instock","16":"sale","17":"downloadable","18":"virtual","19":"sold-individually","20":"purchasable","21":"product-type-simple"},"_links":{"self":[{"href":"https:\/\/gpl-love.com\/fr\/wp-json\/wp\/v2\/product\/118431","targetHints":{"allow":["GET"]}}],"collection":[{"href":"https:\/\/gpl-love.com\/fr\/wp-json\/wp\/v2\/product"}],"about":[{"href":"https:\/\/gpl-love.com\/fr\/wp-json\/wp\/v2\/types\/product"}],"replies":[{"embeddable":true,"href":"https:\/\/gpl-love.com\/fr\/wp-json\/wp\/v2\/comments?post=118431"}],"wp:featuredmedia":[{"embeddable":true,"href":"https:\/\/gpl-love.com\/fr\/wp-json\/wp\/v2\/media\/144424"}],"wp:attachment":[{"href":"https:\/\/gpl-love.com\/fr\/wp-json\/wp\/v2\/media?parent=118431"}],"wp:term":[{"taxonomy":"product_brand","embeddable":true,"href":"https:\/\/gpl-love.com\/fr\/wp-json\/wp\/v2\/product_brand?post=118431"},{"taxonomy":"product_cat","embeddable":true,"href":"https:\/\/gpl-love.com\/fr\/wp-json\/wp\/v2\/product_cat?post=118431"},{"taxonomy":"product_tag","embeddable":true,"href":"https:\/\/gpl-love.com\/fr\/wp-json\/wp\/v2\/product_tag?post=118431"}],"curies":[{"name":"wp","href":"https:\/\/api.w.org\/{rel}","templated":true}]}}