{"id":118429,"date":"2023-01-25T00:00:00","date_gmt":"2023-01-24T23:00:00","guid":{"rendered":"https:\/\/gpl-love.com\/fr\/produit\/mainwp-client-reports\/"},"modified":"2026-03-20T23:23:11","modified_gmt":"2026-03-20T22:23:11","slug":"mainwp-client-reports","status":"publish","type":"product","link":"https:\/\/gpl-love.com\/fr\/produit\/mainwp-client-reports\/","title":{"rendered":"MainWP Client Reports 4.0.14"},"content":{"rendered":"<h3>MainWP Client Reports Traits<\/h3>\n<p>Mainwp Client Reports est un outil robuste et efficace con\u00e7u pour la gestion des sites WordPress, facilitant les utilisateurs pour g\u00e9n\u00e9rer des rapports complets et d\u00e9taill\u00e9s concernant leurs clients. Ce logiciel permet aux webmasters de cr\u00e9er sans effort et rapidement des rapports personnalis\u00e9s qui mettent en \u00e9vidence des mesures de performances cruciales, telles que le trafic de site Web, les vues de pages et d&rsquo;autres points de donn\u00e9es pertinents. Les rapports sont tr\u00e8s flexibles et peuvent \u00eatre personnalis\u00e9s pour s&rsquo;aligner pr\u00e9cis\u00e9ment avec les exigences et les pr\u00e9f\u00e9rences sp\u00e9cifiques de chaque client individuel. En outre, les rapports peuvent \u00eatre automatis\u00e9s, garantissant que les clients re\u00e7oivent constamment des informations en temps opportun et \u00e0 jour concernant les performances de leur site Web, \u00e9liminant ainsi tout fardeau ou effort suppl\u00e9mentaire de la part de l&rsquo;utilisateur. Les rapports des clients MainWP pr\u00e9sentent une solution efficace et rationalis\u00e9e pour la gestion de plusieurs sites Web et clients, ce qui le rend un atout indispensable et inestimable pour les professionnels engag\u00e9s dans la gestion du site WordPress.<\/p>\n<ul>\n<li>G\u00e9n\u00e8re des rapports complets et personnalisables sur vos activit\u00e9s client Mainwp<\/li>\n<li>Offre une gamme de mod\u00e8les de rapports pour r\u00e9pondre \u00e0 diff\u00e9rentes exigences de rapport<\/li>\n<li>Vous permet d&rsquo;inclure votre propre marque et votre logo dans les rapports pour une touche professionnelle<\/li>\n<li>Fournit des statistiques d\u00e9taill\u00e9es sur les mises \u00e0 jour, la disponibilit\u00e9, les sauvegardes et les probl\u00e8mes de s\u00e9curit\u00e9 de vos clients<\/li>\n<li>Envoie des rapports par e-mail ou les exporte dans PDF, CSV ou Excel pour un partage et une analyse faciles<\/li>\n<li>Vous permet de g\u00e9n\u00e9rer des rapports pour des clients individuels ou sur plusieurs sites Web de votre r\u00e9seau<\/li>\n<li>Facilite une meilleure communication avec vos clients en les tirant inform\u00e9s de vos activit\u00e9s de maintenance et de vos r\u00e9sultats<\/li>\n<li>Am\u00e9liore votre suivi des performances de vos clients et des progr\u00e8s au fil du temps<\/li>\n<li>Vous \u00e9vite le temps et les efforts en automatisant le processus de rapport et en vous lib\u00e9rant pour vous concentrer sur d&rsquo;autres t\u00e2ches importantes.<\/li>\n<\/ul>\n","protected":false},"excerpt":{"rendered":"<p>Mainwp Client Reports est un outil remarquablement robuste et sophistiqu\u00e9 qui offre une vaste gamme de rapports d\u00e9taill\u00e9s concernant les performances de votre site Web. En int\u00e9grant de mani\u00e8re transparente avec votre tableau de bord Mainwp, cet outil facilite la g\u00e9n\u00e9ration sans effort et le partage sans effort de rapports professionnels avec vos clients estim\u00e9s. Ces rapports englobent une richesse d&rsquo;informations pr\u00e9cieuses, telles que l&rsquo;analyse compl\u00e8te du site, les mises \u00e0 jour en temps opportun des plugins, les statistiques m\u00e9ticuleuses de disponibilit\u00e9 et les temps d&rsquo;arr\u00eat, ainsi que des statistiques de classement SEO m\u00e9ticuleuses, entre autres d\u00e9tails pertinents. En utilisant les rapports des clients Mainwp, vous pouvez maintenir efficacement la courbe et garder consciencieusement vos clients estim\u00e9s bien inform\u00e9s en tout temps.<\/p>\n","protected":false},"featured_media":144423,"comment_status":"open","ping_status":"open","template":"","meta":[],"product_brand":[2587],"product_cat":[1187,1181,1186],"product_tag":[1299],"class_list":{"0":"post-118429","1":"product","2":"type-product","3":"status-publish","4":"has-post-thumbnail","6":"product_brand-main-wp","7":"product_cat-administration-wordpress-plugins","8":"product_cat-plugins","9":"product_cat-wordpress-plugins","10":"product_tag-main-wp","11":"member-discount","12":"discount-restricted","14":"first","15":"instock","16":"sale","17":"downloadable","18":"virtual","19":"sold-individually","20":"purchasable","21":"product-type-simple"},"_links":{"self":[{"href":"https:\/\/gpl-love.com\/fr\/wp-json\/wp\/v2\/product\/118429","targetHints":{"allow":["GET"]}}],"collection":[{"href":"https:\/\/gpl-love.com\/fr\/wp-json\/wp\/v2\/product"}],"about":[{"href":"https:\/\/gpl-love.com\/fr\/wp-json\/wp\/v2\/types\/product"}],"replies":[{"embeddable":true,"href":"https:\/\/gpl-love.com\/fr\/wp-json\/wp\/v2\/comments?post=118429"}],"wp:featuredmedia":[{"embeddable":true,"href":"https:\/\/gpl-love.com\/fr\/wp-json\/wp\/v2\/media\/144423"}],"wp:attachment":[{"href":"https:\/\/gpl-love.com\/fr\/wp-json\/wp\/v2\/media?parent=118429"}],"wp:term":[{"taxonomy":"product_brand","embeddable":true,"href":"https:\/\/gpl-love.com\/fr\/wp-json\/wp\/v2\/product_brand?post=118429"},{"taxonomy":"product_cat","embeddable":true,"href":"https:\/\/gpl-love.com\/fr\/wp-json\/wp\/v2\/product_cat?post=118429"},{"taxonomy":"product_tag","embeddable":true,"href":"https:\/\/gpl-love.com\/fr\/wp-json\/wp\/v2\/product_tag?post=118429"}],"curies":[{"name":"wp","href":"https:\/\/api.w.org\/{rel}","templated":true}]}}