{"id":118427,"date":"2025-07-18T00:00:00","date_gmt":"2025-07-17T22:00:00","guid":{"rendered":"https:\/\/gpl-love.com\/fr\/produit\/mainwp-bulk-settings-manager\/"},"modified":"2026-03-20T23:23:10","modified_gmt":"2026-03-20T22:23:10","slug":"mainwp-bulk-settings-manager","status":"publish","type":"product","link":"https:\/\/gpl-love.com\/fr\/produit\/mainwp-bulk-settings-manager\/","title":{"rendered":"MainWP Bulk Settings Manager 5.0.4"},"content":{"rendered":"<h3>MainWP Bulk Settings Manager Traits<\/h3>\n<p>Le MainWP Bulk Param\u00e8tres Manager, un outil tr\u00e8s formidable, permet la gestion efficace des param\u00e8tres sur de nombreux sites Web WordPress. Ce plugin exceptionnel permet aux utilisateurs de configurer sans effort un large \u00e9ventail de param\u00e8tres allant des th\u00e8mes, des plugins, de la s\u00e9curit\u00e9 et des performances, tout au long d&rsquo;un tableau de bord singulier et convivial. Que l&rsquo;on supervise un r\u00e9seau modeste de sites Web ou une entreprise colossale, cet outil conf\u00e8re la commodit\u00e9 d&rsquo;une approche simple et automatis\u00e9e pour g\u00e9rer tous les param\u00e8tres. En utilisant le gestionnaire de param\u00e8tres en vrac MainWP, on peut non seulement \u00e9conomiser du temps et des efforts pr\u00e9cieux, mais \u00e9galement de maintenir un niveau de coh\u00e9rence et de contr\u00f4le in\u00e9branlable sur chaque site Web. Par cons\u00e9quent, cette solution particuli\u00e8re se r\u00e9v\u00e8le \u00eatre le rem\u00e8de par excellence pour tout propri\u00e9taire de site Web WordPress exigeant le d\u00e9sir de rationaliser leurs op\u00e9rations de gestion des param\u00e8tres.<\/p>\n<ul>\n<li>Permet une gestion facile des param\u00e8tres pour plusieurs sites WordPress<\/li>\n<li>Gave le temps en appliquant des modifications \u00e0 plusieurs sites \u00e0 la fois<\/li>\n<li>Permet la personnalisation des param\u00e8tres pour les sites individuels<\/li>\n<li>Peut planifier les modifications des param\u00e8tres \u00e0 se produire \u00e0 des heures sp\u00e9cifi\u00e9es<\/li>\n<li>Peut sauvegarder les param\u00e8tres actuels avant d&rsquo;apporter des modifications<\/li>\n<li>Compatible avec une large gamme de plugins et de th\u00e8mes<\/li>\n<li>Interface conviviale qui est facile \u00e0 naviguer<\/li>\n<li>Fournit des rapports d\u00e9taill\u00e9s sur les modifications apport\u00e9es<\/li>\n<li>Peut \u00eatre accessible de n&rsquo;importe o\u00f9 en utilisant une connexion s\u00e9curis\u00e9e<\/li>\n<li>\u00c9conomise de l&rsquo;argent en r\u00e9duisant le besoin de gestion des param\u00e8tres manuels.<\/li>\n<\/ul>\n","protected":false},"excerpt":{"rendered":"<p>Le gestionnaire de param\u00e8tres en vrac MainWP est un outil tr\u00e8s robuste et formidable, impr\u00e9gn\u00e9 d&rsquo;une myriade de capacit\u00e9s, qui vous offre la commodit\u00e9 et l&rsquo;efficacit\u00e9 de l&rsquo;administration sans effort de param\u00e8tres sur plusieurs sites Web. Cet outil extraordinaire facilite les mises \u00e0 jour transparentes des param\u00e8tres de th\u00e8me, des param\u00e8tres de plugin, des options de s\u00e9curit\u00e9 et une pl\u00e9thore d&rsquo;autres configurations, simultan\u00e9ment, sur tous vos sites Web. Ergo, il vous accorde le cadeau inestimable de la pr\u00e9servation du temps, tout en assurant simultan\u00e9ment une uniformit\u00e9 et une coh\u00e9sion in\u00e9branlables tout au long de votre vaste domaine num\u00e9rique. Que vous pr\u00e9siiez un humble assortiment de sites Web ou un vaste r\u00e9seau de sites interconnect\u00e9s, le gestionnaire de param\u00e8tres en vrac MainWP reste un atout indispensable, adapt\u00e9 \u00e0 tout propri\u00e9taire ou administrateur de site Web exigeant.<\/p>\n","protected":false},"featured_media":144422,"comment_status":"open","ping_status":"open","template":"","meta":[],"product_brand":[2587],"product_cat":[1187,1181,1186],"product_tag":[1299],"class_list":{"0":"post-118427","1":"product","2":"type-product","3":"status-publish","4":"has-post-thumbnail","6":"product_brand-main-wp","7":"product_cat-administration-wordpress-plugins","8":"product_cat-plugins","9":"product_cat-wordpress-plugins","10":"product_tag-main-wp","11":"member-discount","12":"discount-restricted","14":"first","15":"instock","16":"sale","17":"downloadable","18":"virtual","19":"sold-individually","20":"purchasable","21":"product-type-simple"},"_links":{"self":[{"href":"https:\/\/gpl-love.com\/fr\/wp-json\/wp\/v2\/product\/118427","targetHints":{"allow":["GET"]}}],"collection":[{"href":"https:\/\/gpl-love.com\/fr\/wp-json\/wp\/v2\/product"}],"about":[{"href":"https:\/\/gpl-love.com\/fr\/wp-json\/wp\/v2\/types\/product"}],"replies":[{"embeddable":true,"href":"https:\/\/gpl-love.com\/fr\/wp-json\/wp\/v2\/comments?post=118427"}],"wp:featuredmedia":[{"embeddable":true,"href":"https:\/\/gpl-love.com\/fr\/wp-json\/wp\/v2\/media\/144422"}],"wp:attachment":[{"href":"https:\/\/gpl-love.com\/fr\/wp-json\/wp\/v2\/media?parent=118427"}],"wp:term":[{"taxonomy":"product_brand","embeddable":true,"href":"https:\/\/gpl-love.com\/fr\/wp-json\/wp\/v2\/product_brand?post=118427"},{"taxonomy":"product_cat","embeddable":true,"href":"https:\/\/gpl-love.com\/fr\/wp-json\/wp\/v2\/product_cat?post=118427"},{"taxonomy":"product_tag","embeddable":true,"href":"https:\/\/gpl-love.com\/fr\/wp-json\/wp\/v2\/product_tag?post=118427"}],"curies":[{"name":"wp","href":"https:\/\/api.w.org\/{rel}","templated":true}]}}