{"id":118425,"date":"2024-05-30T00:00:00","date_gmt":"2024-05-29T22:00:00","guid":{"rendered":"https:\/\/gpl-love.com\/fr\/produit\/mainwp-buddy\/"},"modified":"2026-03-20T23:23:10","modified_gmt":"2026-03-20T22:23:10","slug":"mainwp-buddy","status":"publish","type":"product","link":"https:\/\/gpl-love.com\/fr\/produit\/mainwp-buddy\/","title":{"rendered":"MainWP Buddy 5.0.1"},"content":{"rendered":"<h3>MainWP Buddy Traits<\/h3>\n<p>Mainwp Buddy est un outil tr\u00e8s efficace et robuste qui facilite la gestion transparente de vos sites Web WordPress. En utilisant ce plugin exceptionnel, vous avez la possibilit\u00e9 de surveiller sans effort les performances de vos sites Web, de mettre \u00e0 jour rapidement des plugins et des th\u00e8mes, et m\u00eame de g\u00e9n\u00e9rer des sauvegardes avec la plus grande commodit\u00e9. De plus, cet outil exceptionnel vous offre la possibilit\u00e9 de g\u00e9rer efficacement de nombreux sites Web \u00e0 partir d&rsquo;un seul tableau de bord centralis\u00e9, simplifiant ainsi le processus de suivi de toutes les informations pertinentes. B\u00e9n\u00e9ficiant d&rsquo;une interface conviviale et d&rsquo;un \u00e9ventail de fonctionnalit\u00e9s intuitives, MainWP Buddy est un choix exceptionnel pour les individus de tous niveaux de comp\u00e9tence, allant des novices aux experts chevronn\u00e9s. Sans aucun doute, cet actif inestimable est une solution essentielle pour tous ceux qui cherchent \u00e0 rationaliser leurs responsabilit\u00e9s de gestion WordPress et \u00e0 surveiller avec diligence les performances de leur site Web.<\/p>\n<ul>\n<li>Un plugin puissant pour g\u00e9rer plusieurs sites Web WordPress \u00e0 partir d&rsquo;un tableau de bord<\/li>\n<li>Propose des mises \u00e0 jour rationalis\u00e9es pour les plugins et les th\u00e8mes sur tous les sites Web<\/li>\n<li>Permet une gestion et une publication de contenu rapides et efficaces<\/li>\n<li>Fournit une gestion des utilisateurs s\u00e9curis\u00e9e avec des r\u00f4les et des autorisations utilisateur personnalisables<\/li>\n<li>Offre une surveillance de disponibilit\u00e9 et une analyse de s\u00e9curit\u00e9 int\u00e9gr\u00e9es pour tous les sites Web connect\u00e9s<\/li>\n<li>Caract\u00e9ristiques des outils de signalement des clients et de communication pour am\u00e9liorer la gestion des clients<\/li>\n<li>Fournit un aper\u00e7u complet des performances et des analyses du site Web<\/li>\n<li>Offre une int\u00e9gration facile avec des outils et services tiers populaires<\/li>\n<li>\u00c9conomise du temps et augmente l&rsquo;efficacit\u00e9 de la gestion et de la maintenance des sites Web.<\/li>\n<\/ul>\n","protected":false},"excerpt":{"rendered":"<p>MainWP Buddy est un plugin WordPress incroyablement robuste qui offre aux utilisateurs une m\u00e9thode tr\u00e8s efficace de gestion de plusieurs sites Web WordPress en utilisant un seul tableau de bord pratique. Avec les capacit\u00e9s remarquables de MainWP Buddy, les individus peuvent facilement mettre \u00e0 jour leurs plugins et leurs th\u00e8mes, initier des sauvegardes, surveiller \u00e9troitement les performances de leurs sites Web et s&rsquo;engager dans une multitude d&rsquo;autres activit\u00e9s essentielles. Ce plugin vraiment intuitif et remarquablement convivial rationalise sans effort l&rsquo;ensemble du processus de gestion du site Web, r\u00e9duisant consid\u00e9rablement le temps et les efforts requis. Que vous soyez un d\u00e9veloppeur Web chevronn\u00e9, une agence r\u00e9put\u00e9e, ou m\u00eame simplement un propri\u00e9taire de site, il est tout simplement de nier que MAINWP Buddy est un outil incontournable absolu pour g\u00e9rer efficacement tous vos sites WordPress.<\/p>\n","protected":false},"featured_media":144421,"comment_status":"open","ping_status":"open","template":"","meta":[],"product_brand":[2587],"product_cat":[1187,1181,1186],"product_tag":[1299],"class_list":{"0":"post-118425","1":"product","2":"type-product","3":"status-publish","4":"has-post-thumbnail","6":"product_brand-main-wp","7":"product_cat-administration-wordpress-plugins","8":"product_cat-plugins","9":"product_cat-wordpress-plugins","10":"product_tag-main-wp","11":"member-discount","12":"discount-restricted","14":"first","15":"instock","16":"sale","17":"downloadable","18":"virtual","19":"sold-individually","20":"purchasable","21":"product-type-simple"},"_links":{"self":[{"href":"https:\/\/gpl-love.com\/fr\/wp-json\/wp\/v2\/product\/118425","targetHints":{"allow":["GET"]}}],"collection":[{"href":"https:\/\/gpl-love.com\/fr\/wp-json\/wp\/v2\/product"}],"about":[{"href":"https:\/\/gpl-love.com\/fr\/wp-json\/wp\/v2\/types\/product"}],"replies":[{"embeddable":true,"href":"https:\/\/gpl-love.com\/fr\/wp-json\/wp\/v2\/comments?post=118425"}],"wp:featuredmedia":[{"embeddable":true,"href":"https:\/\/gpl-love.com\/fr\/wp-json\/wp\/v2\/media\/144421"}],"wp:attachment":[{"href":"https:\/\/gpl-love.com\/fr\/wp-json\/wp\/v2\/media?parent=118425"}],"wp:term":[{"taxonomy":"product_brand","embeddable":true,"href":"https:\/\/gpl-love.com\/fr\/wp-json\/wp\/v2\/product_brand?post=118425"},{"taxonomy":"product_cat","embeddable":true,"href":"https:\/\/gpl-love.com\/fr\/wp-json\/wp\/v2\/product_cat?post=118425"},{"taxonomy":"product_tag","embeddable":true,"href":"https:\/\/gpl-love.com\/fr\/wp-json\/wp\/v2\/product_tag?post=118425"}],"curies":[{"name":"wp","href":"https:\/\/api.w.org\/{rel}","templated":true}]}}