{"id":118423,"date":"2021-10-07T00:00:00","date_gmt":"2021-10-06T22:00:00","guid":{"rendered":"https:\/\/gpl-love.com\/fr\/produit\/mainwp-broken-links-checker\/"},"modified":"2026-03-20T23:23:09","modified_gmt":"2026-03-20T22:23:09","slug":"mainwp-broken-links-checker","status":"publish","type":"product","link":"https:\/\/gpl-love.com\/fr\/produit\/mainwp-broken-links-checker\/","title":{"rendered":"MainWP Broken Links Checker 4.0"},"content":{"rendered":"<h3>MainWP Broken Links Checker Traits<\/h3>\n<p>Mainwp Broken Links Checker est un outil incroyablement robuste qui a \u00e9t\u00e9 sp\u00e9cialement con\u00e7u pour aider les propri\u00e9taires de sites Web \u00e0 identifier et \u00e0 rectifier des liens cass\u00e9s qui peuvent exister sur leurs sites WordPress. Gr\u00e2ce \u00e0 l&rsquo;utilisation de ce plugin exceptionnel, les utilisateurs peuvent effectuer des analyses approfondies efficacement et efficacement de leurs sites Web afin de localiser tous les liens qui conduisent \u00e0 des pages ou des ressources qui n&rsquo;existent plus. \u00c0 la fin de l&rsquo;analyse, les utilisateurs re\u00e7oivent des rapports d\u00e9taill\u00e9s qui d\u00e9crivent les liens bris\u00e9s sp\u00e9cifiques qui ont \u00e9t\u00e9 identifi\u00e9s. La beaut\u00e9 de ce plugin r\u00e9side dans son interface conviviale, ce qui garantit que les individus de tous horizons techniques peuvent facilement naviguer et utiliser l&rsquo;outil \u00e0 son plein potentiel. De plus, Mainwp Broken Links Checker va au-del\u00e0 en offrant une fonctionnalit\u00e9 automatis\u00e9e qui est capable de corriger automatiquement les liens cass\u00e9s en les redirigeant vers leurs homologues appropri\u00e9s et fonctionnels. Cette capacit\u00e9 remarquable \u00e9conomise sans aucun doute les propri\u00e9taires de sites Web un temps et des efforts immenses qui seraient autrement d\u00e9pens\u00e9s pour r\u00e9parer manuellement chaque lien cass\u00e9. Pour rendre les choses encore meilleures, ce plugin s&rsquo;int\u00e8gre parfaitement \u00e0 WordPress, solidifiant ainsi son statut d&rsquo;outil indispensable pour les personnes d\u00e9di\u00e9es \u00e0 maintenir un site Web \u00e0 la fois dynamique et enti\u00e8rement fonctionnel.<\/p>\n<ul>\n<li>Analyse l&rsquo;int\u00e9gralit\u00e9 de votre site Web pour les liens cass\u00e9s et fournit un rapport d\u00e9taill\u00e9 de chaque lien cass\u00e9 trouv\u00e9<\/li>\n<li>Vous permet de corriger facilement les liens bris\u00e9s directement \u00e0 partir du rapport, vous faisant gagner du temps et des efforts<\/li>\n<li>Peut d\u00e9tecter les liens cass\u00e9s dans les publications, les pages, les commentaires, les champs personnalis\u00e9s et plus<\/li>\n<li>Fournit des options pour exclure des pages ou des domaines sp\u00e9cifiques du scan<\/li>\n<li>Planifie automatiquement les analyses r\u00e9guli\u00e8res pour s&rsquo;assurer que votre site Web reste exempt de liens cass\u00e9s<\/li>\n<li>Vous alerte de mani\u00e8re proactive par e-mail ou enlac\u00e9e chaque fois qu&rsquo;un nouveau lien cass\u00e9 est d\u00e9tect\u00e9, vous pouvez donc rapidement agir<\/li>\n<li>Peut \u00eatre int\u00e9gr\u00e9 de mani\u00e8re transparente \u00e0 votre tableau de bord Mainwp, vous donnant une vue unifi\u00e9e de la sant\u00e9 de votre site Web<\/li>\n<li>Con\u00e7u pour \u00eatre l\u00e9ger et rapide, il ne ralentira donc pas les performances de votre site Web<\/li>\n<li>Convivial et facile \u00e0 configurer et \u00e0 utiliser, m\u00eame pour les d\u00e9butants<\/li>\n<li>Offre un excellent support client et des mises \u00e0 jour r\u00e9guli\u00e8res pour vous assurer que votre site Web est toujours prot\u00e9g\u00e9 contre les liens cass\u00e9s.<\/li>\n<\/ul>\n","protected":false},"excerpt":{"rendered":"<p>Mainwp Broken Links Checker est un outil incroyablement robuste et tr\u00e8s efficace qui a \u00e9t\u00e9 m\u00e9ticuleusement con\u00e7u sp\u00e9cifiquement pour les propri\u00e9taires de sites Web WordPress dans le seul but de les aider \u00e0 enjamber rapidement et sans effort les liens cass\u00e9s qui peuvent exister sur toute leur \u00e9ventail de sites. Cet outil ph\u00e9nom\u00e9nal proc\u00e8de \u00e0 une analyse approfondie et approfondie de tous vos sites Web, \u00e0 traverser avec diligence chaque lien, et g\u00e9n\u00e8re par la suite un rapport incroyablement complet et d\u00e9taill\u00e9 qui met en \u00e9vidence et \u00e9claire m\u00e9ticuleusement les liens exacts qui ont besoin de l&rsquo;attention et de la fixation. En utilisant cet outil exceptionnel, non seulement vous \u00e9conomiserez consid\u00e9rablement une grande quantit\u00e9 de temps pr\u00e9cieux, mais vous am\u00e9liorerez \u00e9galement et augmenteras \u00e9galement consid\u00e9rablement l&rsquo;optimisation globale du moteur de recherche (SEO) de votre site Web estim\u00e9, vous accordant ainsi des avantages et des avantages incommensurables. En plus de cela, la fonctionnalit\u00e9 impeccable et l&rsquo;interface intuitivement facile \u00e0 naviguer du v\u00e9rificateur de liens entre les liens entre MainWP consacment en outre son statut d&rsquo;immeuble indispensable et pivot pour tout propri\u00e9taire de site Web exigeant.<\/p>\n","protected":false},"featured_media":144420,"comment_status":"open","ping_status":"open","template":"","meta":[],"product_brand":[2587],"product_cat":[1187,1181,1186],"product_tag":[1299],"class_list":{"0":"post-118423","1":"product","2":"type-product","3":"status-publish","4":"has-post-thumbnail","6":"product_brand-main-wp","7":"product_cat-administration-wordpress-plugins","8":"product_cat-plugins","9":"product_cat-wordpress-plugins","10":"product_tag-main-wp","11":"member-discount","12":"discount-restricted","14":"first","15":"instock","16":"sale","17":"downloadable","18":"virtual","19":"sold-individually","20":"purchasable","21":"product-type-simple"},"_links":{"self":[{"href":"https:\/\/gpl-love.com\/fr\/wp-json\/wp\/v2\/product\/118423","targetHints":{"allow":["GET"]}}],"collection":[{"href":"https:\/\/gpl-love.com\/fr\/wp-json\/wp\/v2\/product"}],"about":[{"href":"https:\/\/gpl-love.com\/fr\/wp-json\/wp\/v2\/types\/product"}],"replies":[{"embeddable":true,"href":"https:\/\/gpl-love.com\/fr\/wp-json\/wp\/v2\/comments?post=118423"}],"wp:featuredmedia":[{"embeddable":true,"href":"https:\/\/gpl-love.com\/fr\/wp-json\/wp\/v2\/media\/144420"}],"wp:attachment":[{"href":"https:\/\/gpl-love.com\/fr\/wp-json\/wp\/v2\/media?parent=118423"}],"wp:term":[{"taxonomy":"product_brand","embeddable":true,"href":"https:\/\/gpl-love.com\/fr\/wp-json\/wp\/v2\/product_brand?post=118423"},{"taxonomy":"product_cat","embeddable":true,"href":"https:\/\/gpl-love.com\/fr\/wp-json\/wp\/v2\/product_cat?post=118423"},{"taxonomy":"product_tag","embeddable":true,"href":"https:\/\/gpl-love.com\/fr\/wp-json\/wp\/v2\/product_tag?post=118423"}],"curies":[{"name":"wp","href":"https:\/\/api.w.org\/{rel}","templated":true}]}}