{"id":118421,"date":"2026-03-06T00:00:00","date_gmt":"2026-03-05T23:00:00","guid":{"rendered":"https:\/\/gpl-love.com\/fr\/produit\/mainwp-branding\/"},"modified":"2026-03-20T23:23:08","modified_gmt":"2026-03-20T22:23:08","slug":"mainwp-branding","status":"publish","type":"product","link":"https:\/\/gpl-love.com\/fr\/produit\/mainwp-branding\/","title":{"rendered":"MainWP Branding 5.0.3"},"content":{"rendered":"<h3>MainWP Branding Traits<\/h3>\n<p>Mainwp Branding, un outil robuste sp\u00e9cialement con\u00e7u pour aider les propri\u00e9taires de sites Web \u00e0 personnaliser et \u00e0 \u00e9tablir leur identit\u00e9 de marque distincte dans la plate-forme de gestion WordPress, est une ressource inestimable. Gr\u00e2ce \u00e0 l&rsquo;utilisation de la marque MainWP, les utilisateurs acqui\u00e8rent la possibilit\u00e9 d&rsquo;adapter sans effort l&rsquo;apparence et l&rsquo;ambiance de leur tableau de bord Mainwp et de leurs rapports clients pour s&rsquo;aligner de mani\u00e8re transparente avec leur identit\u00e9 de marque unique. Cet outil exceptionnel est particuli\u00e8rement bien adapt\u00e9 aux agences num\u00e9riques, aux d\u00e9veloppeurs Web et aux personnes cherchant \u00e0 pr\u00e9senter une image polie et unifi\u00e9e \u00e0 leur client\u00e8le. B\u00e9n\u00e9ficiant d&rsquo;un large \u00e9ventail d&rsquo;options de personnalisation, y compris l&rsquo;incorporation de logos, de couleurs, de polices personnalis\u00e9es, etc., l&rsquo;image de marque MainWP offre une flexibilit\u00e9 in\u00e9gal\u00e9e. En outre, son interface intuitive le rend accessible sans effort, permettant aux individus de ma\u00eetrise technique variable d&rsquo;\u00e9tablir rapidement une plate-forme de gestion WordPress de marque ind\u00e9l\u00e9bile avec un effort minimal. En fin de compte, la marque Mainwp est un atout indispensable pour ceux qui cherchent \u00e0 transcender le statu quo et \u00e0 \u00e9lever leur effort de gestion WordPress \u00e0 des hauteurs sans pr\u00e9c\u00e9dent.<\/p>\n<ul>\n<li>Branding personnalis\u00e9 pour votre tableau de bord Mainwp, vous permettant de pr\u00e9senter votre propre marque et style<\/li>\n<li>Options de marquage des blancs qui suppriment toute marque et logos Mainwp<\/li>\n<li>Interface facile \u00e0 utiliser qui vous permet de configurer rapidement vos pr\u00e9f\u00e9rences de marque<\/li>\n<li>Plusieurs options de marque pour diff\u00e9rents comptes clients, avec la possibilit\u00e9 de cr\u00e9er une image de marque unique pour chacun<\/li>\n<li>Int\u00e9gration transparente avec MainWP, garantissant que votre marque est toujours \u00e0 jour et coh\u00e9rente<\/li>\n<li>Possibilit\u00e9 de pr\u00e9visualiser vos changements de marque en temps r\u00e9el avant de les appliquer<\/li>\n<li>Options de personnalisation de marque suppl\u00e9mentaires, y compris la s\u00e9lection des polices et les choix de couleurs, pour une exp\u00e9rience vraiment personnalis\u00e9e<\/li>\n<li>Options de prix flexibles pour s&rsquo;adapter \u00e0 tout budget ou taille de l&rsquo;entreprise<\/li>\n<\/ul>\n","protected":false},"excerpt":{"rendered":"<p>Le plugin de marque MainWP est un outil exceptionnellement robuste qui vous accorde la possibilit\u00e9 de personnaliser la marque de votre tableau de bord WordPress Management en fonction de vos propres pr\u00e9f\u00e9rences uniques, englobant non seulement l&rsquo;int\u00e9gration du logo et du nom de votre entreprise, mais \u00e9galement divers autres \u00e9l\u00e9ments de conception. Ce faisant, cela facilite une exp\u00e9rience transparente et harmonieuse pour vos clients, en vous garantissant que votre marque reste toujours affich\u00e9e sur tous vos sites Web interconnect\u00e9s. Gr\u00e2ce \u00e0 l&rsquo;utilisation de la marque MainWP, vous poss\u00e9dez la capacit\u00e9 d&rsquo;\u00e9tablir une image extr\u00eamement professionnelle et raffin\u00e9e pour votre entreprise, favorisant un sentiment de familiarit\u00e9 et de fiabilit\u00e9 parmi vos pr\u00e9cieux clients.<\/p>\n","protected":false},"featured_media":144419,"comment_status":"open","ping_status":"open","template":"","meta":[],"product_brand":[2587],"product_cat":[1187,1181,1186],"product_tag":[1299],"class_list":{"0":"post-118421","1":"product","2":"type-product","3":"status-publish","4":"has-post-thumbnail","6":"product_brand-main-wp","7":"product_cat-administration-wordpress-plugins","8":"product_cat-plugins","9":"product_cat-wordpress-plugins","10":"product_tag-main-wp","11":"member-discount","12":"discount-restricted","14":"first","15":"instock","16":"sale","17":"downloadable","18":"virtual","19":"sold-individually","20":"purchasable","21":"product-type-simple"},"_links":{"self":[{"href":"https:\/\/gpl-love.com\/fr\/wp-json\/wp\/v2\/product\/118421","targetHints":{"allow":["GET"]}}],"collection":[{"href":"https:\/\/gpl-love.com\/fr\/wp-json\/wp\/v2\/product"}],"about":[{"href":"https:\/\/gpl-love.com\/fr\/wp-json\/wp\/v2\/types\/product"}],"replies":[{"embeddable":true,"href":"https:\/\/gpl-love.com\/fr\/wp-json\/wp\/v2\/comments?post=118421"}],"wp:featuredmedia":[{"embeddable":true,"href":"https:\/\/gpl-love.com\/fr\/wp-json\/wp\/v2\/media\/144419"}],"wp:attachment":[{"href":"https:\/\/gpl-love.com\/fr\/wp-json\/wp\/v2\/media?parent=118421"}],"wp:term":[{"taxonomy":"product_brand","embeddable":true,"href":"https:\/\/gpl-love.com\/fr\/wp-json\/wp\/v2\/product_brand?post=118421"},{"taxonomy":"product_cat","embeddable":true,"href":"https:\/\/gpl-love.com\/fr\/wp-json\/wp\/v2\/product_cat?post=118421"},{"taxonomy":"product_tag","embeddable":true,"href":"https:\/\/gpl-love.com\/fr\/wp-json\/wp\/v2\/product_tag?post=118421"}],"curies":[{"name":"wp","href":"https:\/\/api.w.org\/{rel}","templated":true}]}}