{"id":118419,"date":"2025-05-01T00:00:00","date_gmt":"2025-04-30T22:00:00","guid":{"rendered":"https:\/\/gpl-love.com\/fr\/produit\/mainwp-boilerplate\/"},"modified":"2026-03-20T23:23:07","modified_gmt":"2026-03-20T22:23:07","slug":"mainwp-boilerplate","status":"publish","type":"product","link":"https:\/\/gpl-love.com\/fr\/produit\/mainwp-boilerplate\/","title":{"rendered":"MainWP Boilerplate 5.0.3"},"content":{"rendered":"<h3>MainWP Boilerplate Traits<\/h3>\n<p>Mainwp Boilerplate est un outil incroyablement robuste et pr\u00e9cieux qui simplifie consid\u00e9rablement la t\u00e2che autrement ardue de concevoir et de cr\u00e9er des sites Web WordPress sur mesure pour les d\u00e9veloppeurs. Cet outil exceptionnel rationalise efficacement l&rsquo;ensemble du processus de d\u00e9veloppement en offrant un cadre pr\u00e9-con\u00e7u qui englobe tous les \u00e9l\u00e9ments indispensables comme les th\u00e8mes, les plugins et les widgets sur mesure. Un avantage v\u00e9ritablement r\u00e9volutionnaire d&rsquo;utiliser le passe-partout MainWP est qu&rsquo;il lib\u00e8re les d\u00e9veloppeurs du codage fastidieusement r\u00e9p\u00e9titif et leur donne la libert\u00e9 de se concentrer uniquement sur la fabrication de conceptions de sites uniques et hautement efficaces. Par cons\u00e9quent, le r\u00e9sultat est un processus de d\u00e9veloppement ph\u00e9nom\u00e9nalement acc\u00e9l\u00e9r\u00e9 et remarquablement efficace qui offre syst\u00e9matiquement des sites Web WordPress de premier ordre et enti\u00e8rement personnalis\u00e9s. Que vous poss\u00e9diez une grande exp\u00e9rience en tant que d\u00e9veloppeur chevronn\u00e9 ou que vous vous embarquiez dans votre parcours de codage, la nature incroyablement conviviale et intuitive de la baill\u00e9e MainWP le rend une solution inestimable, salvatrice et conservatrice des ressources.<\/p>\n<ul>\n<li>MainWP Boilerplate est un plugin WordPress qui rationalise le processus de cr\u00e9ation de nouveaux sites Web.<\/li>\n<li>Il comprend des mod\u00e8les personnalisables pour les pages, les publications et autres sections importantes d&rsquo;un site Web.<\/li>\n<li>Les utilisateurs peuvent facilement d\u00e9finir les param\u00e8tres de l&rsquo;optimisation des moteurs de recherche, de l&rsquo;int\u00e9gration des m\u00e9dias sociaux, etc., des heures d&rsquo;\u00e9conomie de temps de configuration manuelle.<\/li>\n<li>Le plugin comprend \u00e9galement des options pour l&rsquo;installation automatique des plugins et des th\u00e8mes essentiels, ainsi que la configuration des param\u00e8tres WordPress courants.<\/li>\n<li>Avec la plaquette MainWP, les d\u00e9veloppeurs et les gestionnaires de sites peuvent cr\u00e9er rapidement et facilement de nouveaux sites Web qui sont enti\u00e8rement optimis\u00e9s et pr\u00eats pour le contenu.<\/li>\n<\/ul>\n","protected":false},"excerpt":{"rendered":"<p>Pr\u00e9sentation de la plaquette MainWP tr\u00e8s innovante et remarquablement efficace, une solution vraiment exceptionnelle qui vise \u00e0 rationaliser et \u00e0 am\u00e9liorer vos efforts de gestion de sites Web WordPress. M\u00e9ticuleusement construite avec l&rsquo;intention sp\u00e9cifique de r\u00e9pondre aux besoins et aux exigences des d\u00e9veloppeurs, cet outil extr\u00eamement puissant leur accorde une base in\u00e9gal\u00e9e et robuste sur laquelle ils peuvent construire m\u00e9ticuleusement leurs propres plugins et th\u00e8mes WordPress sur mesure. Embrassant la base de code exquise et impeccablement organis\u00e9e, le main-d&rsquo;\u0153uvre MainWP s&rsquo;efforce de r\u00e9duire de tout c\u0153ur \u00e0 r\u00e9duire consid\u00e9rablement les proc\u00e9dures de configuration ardues et ennuyeuses, lib\u00e9rant ainsi une abondance de temps pr\u00e9cieux qui peuvent d\u00e9sormais \u00eatre facilement allou\u00e9s \u00e0 l&rsquo;art r\u00e9ellement r\u00e9ellement r\u00e9alis\u00e9e. Laissez une impression durable. Que vous soyez un d\u00e9veloppeur WordPress chevronn\u00e9 et chevronn\u00e9 avec une riche exp\u00e9rience ou un novice impatient qui se lance dans ce voyage passionnant et \u00e9panouissant, MainWP Bowlerplate sert ind\u00e9nigablement en tant que point de d\u00e9part par excellence pour vos prochains efforts et est impeccablement \u00e9quip\u00e9 pour propulser pour proc\u00e9d Votre prochain projet vers des hauteurs de succ\u00e8s sans pr\u00e9c\u00e9dent.<\/p>\n","protected":false},"featured_media":144418,"comment_status":"open","ping_status":"open","template":"","meta":[],"product_brand":[2587],"product_cat":[1187,1181,1186],"product_tag":[1299],"class_list":{"0":"post-118419","1":"product","2":"type-product","3":"status-publish","4":"has-post-thumbnail","6":"product_brand-main-wp","7":"product_cat-administration-wordpress-plugins","8":"product_cat-plugins","9":"product_cat-wordpress-plugins","10":"product_tag-main-wp","11":"member-discount","12":"discount-restricted","14":"first","15":"instock","16":"sale","17":"downloadable","18":"virtual","19":"sold-individually","20":"purchasable","21":"product-type-simple"},"_links":{"self":[{"href":"https:\/\/gpl-love.com\/fr\/wp-json\/wp\/v2\/product\/118419","targetHints":{"allow":["GET"]}}],"collection":[{"href":"https:\/\/gpl-love.com\/fr\/wp-json\/wp\/v2\/product"}],"about":[{"href":"https:\/\/gpl-love.com\/fr\/wp-json\/wp\/v2\/types\/product"}],"replies":[{"embeddable":true,"href":"https:\/\/gpl-love.com\/fr\/wp-json\/wp\/v2\/comments?post=118419"}],"wp:featuredmedia":[{"embeddable":true,"href":"https:\/\/gpl-love.com\/fr\/wp-json\/wp\/v2\/media\/144418"}],"wp:attachment":[{"href":"https:\/\/gpl-love.com\/fr\/wp-json\/wp\/v2\/media?parent=118419"}],"wp:term":[{"taxonomy":"product_brand","embeddable":true,"href":"https:\/\/gpl-love.com\/fr\/wp-json\/wp\/v2\/product_brand?post=118419"},{"taxonomy":"product_cat","embeddable":true,"href":"https:\/\/gpl-love.com\/fr\/wp-json\/wp\/v2\/product_cat?post=118419"},{"taxonomy":"product_tag","embeddable":true,"href":"https:\/\/gpl-love.com\/fr\/wp-json\/wp\/v2\/product_tag?post=118419"}],"curies":[{"name":"wp","href":"https:\/\/api.w.org\/{rel}","templated":true}]}}