{"id":118417,"date":"2025-05-01T00:00:00","date_gmt":"2025-04-30T22:00:00","guid":{"rendered":"https:\/\/gpl-love.com\/fr\/produit\/mainwp-article-uploader\/"},"modified":"2026-03-20T23:23:06","modified_gmt":"2026-03-20T22:23:06","slug":"mainwp-article-uploader","status":"publish","type":"product","link":"https:\/\/gpl-love.com\/fr\/produit\/mainwp-article-uploader\/","title":{"rendered":"MainWP Article Uploader 5.0.5"},"content":{"rendered":"<h3>MainWP Article Uploader Traits<\/h3>\n<p>Le t\u00e9l\u00e9chargeur d&rsquo;article MainWP est un outil extr\u00eamement puissant qui offre une assistance transparente dans le t\u00e9l\u00e9chargement et la publication rapidement et sans effort sans effort sur vos sites WordPress. B\u00e9n\u00e9ficiant d&rsquo;une interface intuitive et de fonctionnalit\u00e9s conviviales, cet outil remarquable vous offre la plus grande commodit\u00e9 dans la gestion et la publication de votre contenu pr\u00e9cieux sans rencontrer de complications inutiles. Le processus de publication du contenu est rationalis\u00e9 de mani\u00e8re transparente par ce t\u00e9l\u00e9chargeur d&rsquo;article, car il vous accorde la capacit\u00e9 exceptionnelle \u00e0 t\u00e9l\u00e9charger plusieurs articles simultan\u00e9ment et efficacement les planifier pour une publication future. Il est r\u00e9volu le temps o\u00f9 vous avez d\u00fb investir beaucoup de temps \u00e0 publier laborieusement et \u00e0 planifier m\u00e9ticuleusement votre contenu, car le t\u00e9l\u00e9chargeur d&rsquo;article Mainwp assume gracieusement la responsabilit\u00e9 de g\u00e9rer ces t\u00e2ches en votre nom. Embrasser cet outil inestimable vous offre le luxe pr\u00e9cieux de gagner du temps, d&rsquo;augmenter votre productivit\u00e9 et de diriger votre attention individuelle vers l&rsquo;\u00e9laboration de superbes contenu qui captivera et r\u00e9sonnera sans aucun doute votre public estim\u00e9.<\/p>\n<ul>\n<li>T\u00e9l\u00e9chargez sans effort des articles sur plusieurs sites WordPress \u00e0 la fois avec un t\u00e9l\u00e9chargeur d&rsquo;article MainWP<\/li>\n<li>Interface simple et facile \u00e0 utiliser qui peut \u00eatre accessible \u00e0 partir de votre tableau de bord Mainwp<\/li>\n<li>Gagnez du temps et augmentez la productivit\u00e9 en \u00e9liminant la n\u00e9cessit\u00e9 de publier individuellement des articles sur chaque site WordPress<\/li>\n<li>Prend en charge une grande vari\u00e9t\u00e9 de types de fichiers, notamment des documents HTML, PDF et Microsoft Word<\/li>\n<li>La fonction de t\u00e9l\u00e9chargement en vrac vous permet de t\u00e9l\u00e9charger plusieurs articles en une seule fois<\/li>\n<li>S&rsquo;int\u00e8gre parfaitement \u00e0 l&rsquo;extension de contenu MainWP pour g\u00e9rer le contenu sur tous les sites WordPress connect\u00e9s<\/li>\n<li>Planifiez les t\u00e9l\u00e9chargements de l&rsquo;article \u00e0 votre convenance, donc votre contenu est toujours publi\u00e9 \u00e0 temps<\/li>\n<li>Les param\u00e8tres hautement personnalisables vous donnent un plus grand contr\u00f4le sur la mise en forme du post, la s\u00e9lection d&rsquo;images en vedette et plus encore<\/li>\n<li>Prise en charge int\u00e9gr\u00e9e pour plusieurs comptes d&rsquo;auteurs, vous pouvez donc facilement allouer la paternit\u00e9 pour chaque article<\/li>\n<li>Les mises \u00e0 jour r\u00e9guli\u00e8res, les corrections de bogues et le support r\u00e9actif de l&rsquo;\u00e9quipe MainWP pour s&rsquo;assurer que le plugin fonctionne bien et efficacement.<\/li>\n<\/ul>\n","protected":false},"excerpt":{"rendered":"<p>Le chargeur d&rsquo;article MainWP, un outil extr\u00eamement puissant, a \u00e9t\u00e9 con\u00e7u de mani\u00e8re experte dans l&rsquo;intention d&rsquo;optimiser la t\u00e2che ardue de t\u00e9l\u00e9charger des articles sur votre site WordPress. B\u00e9n\u00e9ficiant d&rsquo;une gamme d&rsquo;attributs conviviaux et de capacit\u00e9s de pointe, ce plugin innovant facilite sans effort le transfert transparent du contenu directement \u00e0 partir de votre ordinateur personnel ou de toute ressource virtuelle. Que vous vous identifiiez comme un blogueur d\u00e9di\u00e9 ou un sp\u00e9cialiste du marketing num\u00e9rique chevronn\u00e9, il est ind\u00e9niable que le t\u00e9l\u00e9chargeur d&rsquo;article MainWP r\u00e8gne en supr\u00eame comme solution ultime pour administrer et diffuser efficacement le contenu dans votre vaste r\u00e9seau WordPress. Atteignez-vous pour l&rsquo;occasion in\u00e9gal\u00e9e de propulser votre site Web vers des hauteurs de r\u00e9ussite sans pr\u00e9c\u00e9dent, toute gr\u00e2ce du remarquable t\u00e9l\u00e9chargeur d&rsquo;article MainWP.<\/p>\n","protected":false},"featured_media":144417,"comment_status":"open","ping_status":"open","template":"","meta":[],"product_brand":[2587],"product_cat":[1187,1181,1186],"product_tag":[1299],"class_list":{"0":"post-118417","1":"product","2":"type-product","3":"status-publish","4":"has-post-thumbnail","6":"product_brand-main-wp","7":"product_cat-administration-wordpress-plugins","8":"product_cat-plugins","9":"product_cat-wordpress-plugins","10":"product_tag-main-wp","11":"member-discount","12":"discount-restricted","14":"first","15":"instock","16":"sale","17":"downloadable","18":"virtual","19":"sold-individually","20":"purchasable","21":"product-type-simple"},"_links":{"self":[{"href":"https:\/\/gpl-love.com\/fr\/wp-json\/wp\/v2\/product\/118417","targetHints":{"allow":["GET"]}}],"collection":[{"href":"https:\/\/gpl-love.com\/fr\/wp-json\/wp\/v2\/product"}],"about":[{"href":"https:\/\/gpl-love.com\/fr\/wp-json\/wp\/v2\/types\/product"}],"replies":[{"embeddable":true,"href":"https:\/\/gpl-love.com\/fr\/wp-json\/wp\/v2\/comments?post=118417"}],"wp:featuredmedia":[{"embeddable":true,"href":"https:\/\/gpl-love.com\/fr\/wp-json\/wp\/v2\/media\/144417"}],"wp:attachment":[{"href":"https:\/\/gpl-love.com\/fr\/wp-json\/wp\/v2\/media?parent=118417"}],"wp:term":[{"taxonomy":"product_brand","embeddable":true,"href":"https:\/\/gpl-love.com\/fr\/wp-json\/wp\/v2\/product_brand?post=118417"},{"taxonomy":"product_cat","embeddable":true,"href":"https:\/\/gpl-love.com\/fr\/wp-json\/wp\/v2\/product_cat?post=118417"},{"taxonomy":"product_tag","embeddable":true,"href":"https:\/\/gpl-love.com\/fr\/wp-json\/wp\/v2\/product_tag?post=118417"}],"curies":[{"name":"wp","href":"https:\/\/api.w.org\/{rel}","templated":true}]}}