{"id":118414,"date":"2021-10-06T00:00:00","date_gmt":"2021-10-05T22:00:00","guid":{"rendered":"https:\/\/gpl-love.com\/fr\/produit\/lottier-lottie-animated-images-pour-wordpress-editor\/"},"modified":"2026-03-20T23:22:47","modified_gmt":"2026-03-20T22:22:47","slug":"lottier-lottie-animated-images-pour-wordpress-editor","status":"publish","type":"product","link":"https:\/\/gpl-love.com\/fr\/produit\/lottier-lottie-animated-images-pour-wordpress-editor\/","title":{"rendered":"Lottier Lottie Animated Images pour WordPress Editor 1.0.4"},"content":{"rendered":"<h3>Lottier Lottie Animated Images pour WordPress Editor Traits<\/h3>\n<p>Les images anim\u00e9es Lottie Lottie pour l&rsquo;\u00e9diteur WordPress sont un instrument incroyablement puissant qui permet aux utilisateurs de cr\u00e9er des animations de haut niveau directement sur leurs sites Web WordPress. Cet outil remarquable poss\u00e8de une interface intuitive coupl\u00e9e \u00e0 une vaste collection d&rsquo;images anim\u00e9es pr\u00e9d\u00e9finies, rendant le processus d&rsquo;incorporation d&rsquo;effets visuels captivants sur votre site Web une brise absolue, quelle que soit votre ma\u00eetrise de conception ou de codage. Que vous cherchiez \u00e0 insuffler la vie \u00e0 votre logo, votre banni\u00e8re ou tout autre \u00e9l\u00e9ment visuel, Lottier d\u00e9passe les attentes en offrant un \u00e9ventail complet de choix de personnalisation tels que la vitesse, la direction et la couleur, vous offrant ainsi la possibilit\u00e9 de fa\u00e7onner des animations \u00e0 couper le souffle qui Harmonize de mani\u00e8re transparente avec le style et le ton distincts de votre site Web. En outre, la nature l\u00e9g\u00e8re et l&rsquo;optimisation des performances de Lottier garantissent que votre site Web reste sans entrave par des temps de chargement ou des retards. Faire appel aux concepteurs, aux d\u00e9veloppeurs et aux propri\u00e9taires de sites Web, Lottier s&rsquo;adresse \u00e0 ceux qui aspirent \u00e0 \u00e9lever l&rsquo;exp\u00e9rience utilisateur et \u00e0 distinguer leur site Web des masses.<\/p>\n<ul>\n<li>Lottier Lottie Animated Images est un plugin WordPress puissant et polyvalent qui vous permet d&rsquo;ajouter facilement des animations \u00e9poustouflantes et accrocheuses \u00e0 votre site Web.<\/li>\n<li>Avec des images anim\u00e9es Lottier Lottie, vous pouvez cr\u00e9er des exp\u00e9riences visuelles uniques et engageantes pour vos visiteurs, que vous souhaitiez pr\u00e9senter votre portefeuille, promouvoir vos produits ou simplement divertir et ravir votre public.<\/li>\n<li>Les images anim\u00e9es Lottie Lottie pr\u00e9sentent une interface conviviale et intuitive qui facilite la cr\u00e9ation et la personnalisation d&rsquo;animations sans aucune connaissance de codage ni comp\u00e9tences techniques requises.<\/li>\n<li>Le plugin est livr\u00e9 avec une large gamme de pr\u00e9r\u00e9glages d&rsquo;animation pr\u00e9-fabriqu\u00e9s, ainsi qu&rsquo;un \u00e9diteur puissant qui vous permet de cr\u00e9er vos propres animations personnalis\u00e9es en utilisant le format d&rsquo;animation Lottie populaire.<\/li>\n<li>Que vous cherchiez \u00e0 ajouter des effets de mouvement subtils et \u00e9l\u00e9gants ou des animations audacieuses et dynamiques qui attirent l&rsquo;attention de votre public, des images anim\u00e9es Lottie Lottie que vous avez couvertes.<\/li>\n<li>Le plugin est enti\u00e8rement r\u00e9actif et optimis\u00e9 pour les performances, garantissant que vos animations sont superbes sur n&rsquo;importe quel appareil et ne ralentissent pas votre site Web.<\/li>\n<li>Les images anim\u00e9es Lottier Lottie sont \u00e9galement enti\u00e8rement compatibles avec les constructeurs et \u00e9diteurs de page WordPress populaires, y compris Gutenberg, Elementor et Visual Composer, vous offrant une flexibilit\u00e9 et un contr\u00f4le maximum sur la conception de votre site Web.<\/li>\n<li>Avec sa large gamme de fonctionnalit\u00e9s et de capacit\u00e9s, les images anim\u00e9es Lottier Lottie sont un outil incontournable pour tout propri\u00e9taire ou concepteur de site Web qui cherche \u00e0 faire passer ses visuels au niveau sup\u00e9rieur.<\/li>\n<\/ul>\n","protected":false},"excerpt":{"rendered":"<p>Les images anim\u00e9es Lottier Lottie pour l&rsquo;\u00e9diteur WordPress sont un outil indispensable qui est absolument essentiel pour les personnes qui souhaitent personnaliser et modifier leur site WordPress avec des animations impressionnantes et \u00e0 couper le souffle. En raison de son interface incroyablement conviviale et intuitive, on peut g\u00e9n\u00e9rer sans effort les images anim\u00e9es visuellement captivantes et accrocheuses utilisant la technologie de pointe des animations Lottie. Adieu aux visuels banals et stagnants, et embrassez plut\u00f4t le contenu dynamique et captivant qui captive et captivait vos pr\u00e9cieux visiteurs. Il importe que vous soyez un d\u00e9veloppeur Web accompli ou un blogueur enthousiaste, car les images anim\u00e9es Lottie Lottie constituent sans aucun doute l&rsquo;ajout par excellence et indispensable \u00e0 votre arsenal complet de ressources WordPress.<\/p>\n","protected":false},"featured_media":144396,"comment_status":"open","ping_status":"open","template":"","meta":[],"product_brand":[2435],"product_cat":[1189,1181,1186],"product_tag":[1231],"class_list":{"0":"post-118414","1":"product","2":"type-product","3":"status-publish","4":"has-post-thumbnail","6":"product_brand-codecanyon","7":"product_cat-personnalisation","8":"product_cat-plugins","9":"product_cat-wordpress-plugins","10":"product_tag-codecanyon","11":"member-discount","12":"discount-restricted","14":"first","15":"instock","16":"sale","17":"downloadable","18":"virtual","19":"sold-individually","20":"purchasable","21":"product-type-simple"},"_links":{"self":[{"href":"https:\/\/gpl-love.com\/fr\/wp-json\/wp\/v2\/product\/118414","targetHints":{"allow":["GET"]}}],"collection":[{"href":"https:\/\/gpl-love.com\/fr\/wp-json\/wp\/v2\/product"}],"about":[{"href":"https:\/\/gpl-love.com\/fr\/wp-json\/wp\/v2\/types\/product"}],"replies":[{"embeddable":true,"href":"https:\/\/gpl-love.com\/fr\/wp-json\/wp\/v2\/comments?post=118414"}],"wp:featuredmedia":[{"embeddable":true,"href":"https:\/\/gpl-love.com\/fr\/wp-json\/wp\/v2\/media\/144396"}],"wp:attachment":[{"href":"https:\/\/gpl-love.com\/fr\/wp-json\/wp\/v2\/media?parent=118414"}],"wp:term":[{"taxonomy":"product_brand","embeddable":true,"href":"https:\/\/gpl-love.com\/fr\/wp-json\/wp\/v2\/product_brand?post=118414"},{"taxonomy":"product_cat","embeddable":true,"href":"https:\/\/gpl-love.com\/fr\/wp-json\/wp\/v2\/product_cat?post=118414"},{"taxonomy":"product_tag","embeddable":true,"href":"https:\/\/gpl-love.com\/fr\/wp-json\/wp\/v2\/product_tag?post=118414"}],"curies":[{"name":"wp","href":"https:\/\/api.w.org\/{rel}","templated":true}]}}