{"id":118412,"date":"2021-10-06T00:00:00","date_gmt":"2021-10-05T22:00:00","guid":{"rendered":"https:\/\/gpl-love.com\/fr\/produit\/woot-woocommerce-products-tables-professional\/"},"modified":"2026-03-20T23:48:54","modified_gmt":"2026-03-20T22:48:54","slug":"woot-woocommerce-products-tables-professional","status":"publish","type":"product","link":"https:\/\/gpl-love.com\/fr\/produit\/woot-woocommerce-products-tables-professional\/","title":{"rendered":"WOOT WooCommerce Products Tables Professional 2.0.4"},"content":{"rendered":"<h3>WOOT WooCommerce Products Tables Professional Traits<\/h3>\n<p>Le Woot WooCommerce Products Tables Professional, un outil robuste adapt\u00e9 aux propri\u00e9taires de magasins en ligne qui aspirent \u00e0 pr\u00e9senter efficacement leur marchandise de mani\u00e8re ordonn\u00e9e et centr\u00e9e sur l&rsquo;utilisateur, se r\u00e9v\u00e8le \u00eatre un atout instrumental. Ce plugin innovant permet aux utilisateurs la capacit\u00e9 de g\u00e9n\u00e9rer des tables sur mesure qui pr\u00e9sentent sans effort des subtilit\u00e9s de produits intrins\u00e8ques, englobant des d\u00e9tails vitaux tels que des descriptions lucides, des prix raisonnables et des mises \u00e0 jour de disponibilit\u00e9 en temps r\u00e9el. La polyvalence remarquable de ces tables leur permet d&rsquo;\u00eatre int\u00e9gr\u00e9e de mani\u00e8re transparente \u00e0 toute page Web ou publication souhait\u00e9e, facilitant ainsi une entreprise de lecture de produit sans effort pour une client\u00e8le potentielle. De plus, ce plugin offre des fonctionnalit\u00e9s sophistiqu\u00e9es, y compris, mais sans s&rsquo;y limiter, les m\u00e9canismes de tri complets, les options de filtrage pragmatique et les outils de pagination pratiques. Ces fonctionnalit\u00e9s avanc\u00e9es fonctionnent en synergie pour rationaliser le processus d&rsquo;achat global, augmenter la satisfaction des utilisateurs et simplifier le chemin d&rsquo;achat. Avec l&rsquo;utilisation des tables de produits Woot WooCommerce, les propri\u00e9taires de magasins en ligne peuvent cultiver efficacement une aura de professionnalisme et de sophistication, renfor\u00e7ant ainsi l&rsquo;attrait esth\u00e9tique global de leur repr\u00e9sentation num\u00e9rique, tout en \u00e9levant simultan\u00e9ment l&rsquo;exp\u00e9rience d&rsquo;achat de leur client\u00e8le estim\u00e9e.<\/p>\n<ul>\n<li>Cr\u00e9ez des tableaux de produits personnalisables pour votre boutique WooCommerce<\/li>\n<li>Afficher les informations sur les produits d&rsquo;une mani\u00e8re organis\u00e9e et conviviale<\/li>\n<li>Ajouter et supprimer facilement les colonnes de vos tables<\/li>\n<li>Choisissez parmi plusieurs options de conception pour correspondre au th\u00e8me de votre site Web<\/li>\n<li>Permettez aux clients de comparer les produits c\u00f4te \u00e0 c\u00f4te<\/li>\n<li>Activer les options de tri et de filtrage pour vos tables<\/li>\n<li>Augmentez le taux de conversion de votre magasin en fournissant un aper\u00e7u clair de vos produits<\/li>\n<li>Profitez de la conception r\u00e9active pour les appareils mobiles et tablettes<\/li>\n<li>Recevoir des mises \u00e0 jour gratuites et un support client pour un an apr\u00e8s l&rsquo;achat<\/li>\n<li>Id\u00e9al pour les magasins avec de grands catalogues de produits ou des informations complexes sur les produits.<\/li>\n<\/ul>\n","protected":false},"excerpt":{"rendered":"<p>Le plugin professionnel des tables de produits Woot WooCommerce est un outil extr\u00eamement puissant qui vous permet de fabriquer des tables de produits sur mesure sp\u00e9cialement con\u00e7ues sp\u00e9cifiquement pour votre magasin WooCommerce estim\u00e9. B\u00e9n\u00e9ficiant d&rsquo;un vaste assortiment de possibilit\u00e9s de personnalisation, vous pouvez modeler sans effort des tableaux de produits qui s&rsquo;harmonisent parfaitement avec le style et l&rsquo;image de marque distincts de votre \u00e9tablissement estim\u00e9. De plus, ce plugin exceptionnel est \u00e9quip\u00e9 de fonctionnalit\u00e9s de filtrage et de tri de pointe, ce qui rend le processus de localisation des produits souhait\u00e9s une brise absolue pour votre client\u00e8le ch\u00e9ri. En utilisant les capacit\u00e9s in\u00e9gal\u00e9es offertes par les tables de produits Woot WooCommerce, vous avez la possibilit\u00e9 d&rsquo;am\u00e9liorer l&rsquo;exp\u00e9rience d&rsquo;achat globale de votre domaine num\u00e9rique, augmentant ainsi de mani\u00e8re significative les ventes gr\u00e2ce \u00e0 la pr\u00e9sentation de votre marchandise ch\u00e8re d&rsquo;une mani\u00e8re impeccablement professionnelle et syst\u00e9matique.<\/p>\n","protected":false},"featured_media":146095,"comment_status":"open","ping_status":"open","template":"","meta":[],"product_brand":[2435],"product_cat":[1182,1223,1181],"product_tag":[1231],"class_list":{"0":"post-118412","1":"product","2":"type-product","3":"status-publish","4":"has-post-thumbnail","6":"product_brand-codecanyon","7":"product_cat-commerce-electronique-plugins","8":"product_cat-personnalisation-commerce-electronique-plugins","9":"product_cat-plugins","10":"product_tag-codecanyon","11":"member-discount","12":"discount-restricted","14":"first","15":"instock","16":"sale","17":"downloadable","18":"virtual","19":"sold-individually","20":"purchasable","21":"product-type-simple"},"_links":{"self":[{"href":"https:\/\/gpl-love.com\/fr\/wp-json\/wp\/v2\/product\/118412","targetHints":{"allow":["GET"]}}],"collection":[{"href":"https:\/\/gpl-love.com\/fr\/wp-json\/wp\/v2\/product"}],"about":[{"href":"https:\/\/gpl-love.com\/fr\/wp-json\/wp\/v2\/types\/product"}],"replies":[{"embeddable":true,"href":"https:\/\/gpl-love.com\/fr\/wp-json\/wp\/v2\/comments?post=118412"}],"wp:featuredmedia":[{"embeddable":true,"href":"https:\/\/gpl-love.com\/fr\/wp-json\/wp\/v2\/media\/146095"}],"wp:attachment":[{"href":"https:\/\/gpl-love.com\/fr\/wp-json\/wp\/v2\/media?parent=118412"}],"wp:term":[{"taxonomy":"product_brand","embeddable":true,"href":"https:\/\/gpl-love.com\/fr\/wp-json\/wp\/v2\/product_brand?post=118412"},{"taxonomy":"product_cat","embeddable":true,"href":"https:\/\/gpl-love.com\/fr\/wp-json\/wp\/v2\/product_cat?post=118412"},{"taxonomy":"product_tag","embeddable":true,"href":"https:\/\/gpl-love.com\/fr\/wp-json\/wp\/v2\/product_tag?post=118412"}],"curies":[{"name":"wp","href":"https:\/\/api.w.org\/{rel}","templated":true}]}}