{"id":118410,"date":"2021-10-06T00:00:00","date_gmt":"2021-10-05T22:00:00","guid":{"rendered":"https:\/\/gpl-love.com\/fr\/produit\/woocommerce-variations-table\/"},"modified":"2026-03-20T23:48:25","modified_gmt":"2026-03-20T22:48:25","slug":"woocommerce-variations-table","status":"publish","type":"product","link":"https:\/\/gpl-love.com\/fr\/produit\/woocommerce-variations-table\/","title":{"rendered":"WooCommerce Variations Table 1.3.9"},"content":{"rendered":"<h3>WooCommerce Variations Table Traits<\/h3>\n<p>Le tableau des variations WooCommerce, un outil remarquablement utile, est utile pour afficher vos variations de produit dans un format de table soign\u00e9 et organis\u00e9. Ce plugin extraordinaire vous permet de personnaliser sans effort la pr\u00e9sentation de vos variations de produits sur votre boutique WooCommerce. Vous \u00eates accord\u00e9 la libert\u00e9 de s\u00e9lectionner les colonnes que vous d\u00e9sirez exposer, de d\u00e9terminer leur ordre d&rsquo;apparence et m\u00eame d&rsquo;injecter des styles CSS sur mesure pour augmenter davantage l&rsquo;attrait visuel de votre tableau de variations. En plus de toutes ces fonctionnalit\u00e9s fantastiques, le plugin est ing\u00e9nieusement con\u00e7u pour \u00eatre enti\u00e8rement r\u00e9actif, garantissant une visualisation transparente de vos variations de produits \u00e0 travers tous les appareils pour vos clients estim\u00e9s. Que vous soyez engag\u00e9 dans la vente de v\u00eatements, de chaussures ou de tout autre type de produit b\u00e9n\u00e9ficiant de plusieurs variations, le tableau des variations WooCommerce s&rsquo;av\u00e8re sans aucun doute un outil indispensable pour tout propri\u00e9taire de magasin de WooCommerce pour \u00e9lever leur exp\u00e9rience utilisateur et catapultaire \u00e0 des ventes sans celle-ci hauteurs.<\/p>\n<ul>\n<li>Affiche les variations de produits dans un format de table<\/li>\n<li>Permet aux clients de comparer plusieurs variations \u00e0 la fois<\/li>\n<li>Fournit des options de navigation et de filtrage faciles<\/li>\n<li>Met automatiquement \u00e0 jour les prix et la disponibilit\u00e9 en fonction des variations s\u00e9lectionn\u00e9es<\/li>\n<li>Prend en charge les plugins et les modules compl\u00e9mentaires tiers<\/li>\n<li>Compatible avec tous les navigateurs et appareils modernes<\/li>\n<li>Interface simple et facile \u00e0 utiliser pour les clients<\/li>\n<li>\u00c9conomise du temps pour les clients et am\u00e9liore leur exp\u00e9rience d&rsquo;achat<\/li>\n<li>Aide \u00e0 r\u00e9duire les taux d&rsquo;abandon des paniers d&rsquo;achat en fournissant une interface conviviale<\/li>\n<\/ul>\n","protected":false},"excerpt":{"rendered":"<p>Le tableau WooCommerce Variations est un plugin exceptionnellement robuste qui vous accorde la capacit\u00e9 de pr\u00e9senter vos variations de produit dans un format de table immens\u00e9ment convivial. Ce plugin remarquable rationalise le processus pour que vos clients estim\u00e9s parviennent sans effort, juxtaposer et finalement faire leurs s\u00e9lections de produits souhaitables avec une poign\u00e9e de clics de souris. B\u00e9ni avec une autorit\u00e9 globale dans le domaine de la personnalisation de votre table, vous poss\u00e9dez la libert\u00e9 de g\u00e9rer une exp\u00e9dition de shopping totalement distinctive qui est pr\u00e9cis\u00e9ment \u00e0 l&rsquo;\u00e9coute de l&rsquo;essence impeccable de votre magasin immacul\u00e9. Remarquablement, ce plugin n&rsquo;augmente pas seulement l&rsquo;aptitude fonctionnelle de votre magasin, mais elle sert \u00e9galement de m\u00e9canisme de gamme de temps remarquable pour vos clients estim\u00e9s, conduisant in\u00e9vitablement \u00e0 une am\u00e9lioration substantielle de leur exp\u00e9rience d&rsquo;achat globale.<\/p>\n","protected":false},"featured_media":146065,"comment_status":"open","ping_status":"open","template":"","meta":[],"product_brand":[2435],"product_cat":[1182,1223,1181],"product_tag":[1231],"class_list":{"0":"post-118410","1":"product","2":"type-product","3":"status-publish","4":"has-post-thumbnail","6":"product_brand-codecanyon","7":"product_cat-commerce-electronique-plugins","8":"product_cat-personnalisation-commerce-electronique-plugins","9":"product_cat-plugins","10":"product_tag-codecanyon","11":"member-discount","12":"discount-restricted","14":"first","15":"instock","16":"sale","17":"downloadable","18":"virtual","19":"sold-individually","20":"purchasable","21":"product-type-simple"},"_links":{"self":[{"href":"https:\/\/gpl-love.com\/fr\/wp-json\/wp\/v2\/product\/118410","targetHints":{"allow":["GET"]}}],"collection":[{"href":"https:\/\/gpl-love.com\/fr\/wp-json\/wp\/v2\/product"}],"about":[{"href":"https:\/\/gpl-love.com\/fr\/wp-json\/wp\/v2\/types\/product"}],"replies":[{"embeddable":true,"href":"https:\/\/gpl-love.com\/fr\/wp-json\/wp\/v2\/comments?post=118410"}],"wp:featuredmedia":[{"embeddable":true,"href":"https:\/\/gpl-love.com\/fr\/wp-json\/wp\/v2\/media\/146065"}],"wp:attachment":[{"href":"https:\/\/gpl-love.com\/fr\/wp-json\/wp\/v2\/media?parent=118410"}],"wp:term":[{"taxonomy":"product_brand","embeddable":true,"href":"https:\/\/gpl-love.com\/fr\/wp-json\/wp\/v2\/product_brand?post=118410"},{"taxonomy":"product_cat","embeddable":true,"href":"https:\/\/gpl-love.com\/fr\/wp-json\/wp\/v2\/product_cat?post=118410"},{"taxonomy":"product_tag","embeddable":true,"href":"https:\/\/gpl-love.com\/fr\/wp-json\/wp\/v2\/product_tag?post=118410"}],"curies":[{"name":"wp","href":"https:\/\/api.w.org\/{rel}","templated":true}]}}