{"id":118408,"date":"2026-03-06T00:00:00","date_gmt":"2026-03-05T23:00:00","guid":{"rendered":"https:\/\/gpl-love.com\/fr\/produit\/enhancer-pour-woocommerce-subscriptions\/"},"modified":"2026-03-30T18:30:19","modified_gmt":"2026-03-30T16:30:19","slug":"enhancer-pour-woocommerce-subscriptions","status":"publish","type":"product","link":"https:\/\/gpl-love.com\/fr\/produit\/enhancer-pour-woocommerce-subscriptions\/","title":{"rendered":"Enhancer pour WooCommerce Subscriptions 8.6.0"},"content":{"rendered":"<h3>Enhancer pour WooCommerce Subscriptions Traits<\/h3>\n<p>L&rsquo;activateur des abonnements WooCommerce, un outil incroyablement puissant, offre aux utilisateurs une exp\u00e9rience de gestion d&rsquo;abonnement incroyablement avanc\u00e9e et compl\u00e8te. En se pr\u00e9voyant de ce module compl\u00e9mentaire inestimable, les utilisateurs ont acc\u00e8s \u00e0 une pl\u00e9thore de fonctionnalit\u00e9s de pointe, y compris, mais sans s&rsquo;y limiter, les rappels de renouvellement, les e-mails d&rsquo;abonnement personnalisables et les options de r\u00e9essayer de paiement. Gr\u00e2ce \u00e0 la mise en \u0153uvre de cet outil, les utilisateurs sont en mesure de g\u00e9rer de mani\u00e8re transparente et efficacement leurs produits d&rsquo;abonnement, de surveiller sans effort leurs paiements r\u00e9currents et de configurer sans effort des e-mails automatis\u00e9s con\u00e7us pour garder leurs pr\u00e9cieux abonn\u00e9s bien inform\u00e9s concernant les renouvellements imminents. Il va sans dire que l&rsquo;amplificateur des abonnements WooCommerce repr\u00e9sente une ressource extraordinaire pour les entreprises cherchant \u00e0 optimiser et \u00e0 acc\u00e9l\u00e9rer leurs processus de gestion des abonnement, ainsi qu&rsquo;\u00e0 am\u00e9liorer leurs taux de r\u00e9tention et de fid\u00e9lit\u00e9 des clients.<\/p>\n<ul>\n<li>Am\u00e9lioration de la gestion des abonnement pour les magasins WooCommerce<\/li>\n<li>Visibilit\u00e9 et contr\u00f4le accrus sur les abonnements aux clients<\/li>\n<li>Processus de cr\u00e9ation et de gestion de l&rsquo;abonnement simplifi\u00e9<\/li>\n<li>Options d&rsquo;abonnement et prix personnalisables<\/li>\n<li>Mises \u00e0 jour et notifications du statut d&rsquo;abonnement en temps r\u00e9el<\/li>\n<li>Prise en charge de diverses passerelles de paiement et options de facturation r\u00e9currentes<\/li>\n<li>Int\u00e9gration avec des outils de marketing par e-mail populaires et des syst\u00e8mes CRM<\/li>\n<li>Rapports avanc\u00e9s et analyses pour le suivi des performances d&rsquo;abonnement<\/li>\n<li>Compatibilit\u00e9 sans couture avec WooCommerce et autres plugins WordPress<\/li>\n<li>Support client d\u00e9di\u00e9 et mises \u00e0 jour r\u00e9guli\u00e8res pour am\u00e9liorer les fonctionnalit\u00e9s et les performances.<\/li>\n<\/ul>\n","protected":false},"excerpt":{"rendered":"<p>L&rsquo;amplificateur des abonnements WooCommerce est un outil tr\u00e8s efficace et robuste qui am\u00e9liore consid\u00e9rablement \u00e0 la fois les fonctionnalit\u00e9s et les performances de votre syst\u00e8me d&rsquo;abonnement WooCommerce. En incorporant des fonctionnalit\u00e9s avanc\u00e9es telles que la g\u00e9n\u00e9ration automatis\u00e9e de factures, les rappels de paiement automatiques et l&rsquo;analyse d&rsquo;abonnement compl\u00e8te, cet activateur am\u00e9liore consid\u00e9rablement votre capacit\u00e9 \u00e0 g\u00e9rer et \u00e0 rationaliser efficacement vos processus d&rsquo;abonnement. En outre, il vous offre l&rsquo;avantage inestimable des rapports en temps r\u00e9el sur les aspects cruciaux de votre entreprise d&rsquo;abonnement, y compris les chiffres de vente, les taux de renouvellement et les taux de r\u00e9tention de la client\u00e8le. Ces rapports vous permettent de surveiller de pr\u00e8s les performances et le succ\u00e8s de votre programme d&rsquo;abonnement, vous offrant des informations pr\u00e9cieuses qui peuvent \u00e9clairer vos strat\u00e9gies de croissance futures. Que vous soyez propri\u00e9taire d&rsquo;une petite entreprise ou d&rsquo;une entreprise \u00e0 forte croissance, l&rsquo;amplificateur des abonnements WooCommerce est un outil indispensable pour optimiser et maximiser le potentiel de votre entreprise d&rsquo;abonnement.<\/p>\n","protected":false},"featured_media":143748,"comment_status":"open","ping_status":"open","template":"","meta":[],"product_brand":[2440],"product_cat":[1182,1223,1181],"product_tag":[1398],"class_list":{"0":"post-118408","1":"product","2":"type-product","3":"status-publish","4":"has-post-thumbnail","6":"product_brand-woocommerce","7":"product_cat-commerce-electronique-plugins","8":"product_cat-personnalisation-commerce-electronique-plugins","9":"product_cat-plugins","10":"product_tag-woocommerce","11":"member-discount","12":"discount-restricted","14":"first","15":"instock","16":"sale","17":"downloadable","18":"virtual","19":"sold-individually","20":"purchasable","21":"product-type-simple"},"_links":{"self":[{"href":"https:\/\/gpl-love.com\/fr\/wp-json\/wp\/v2\/product\/118408","targetHints":{"allow":["GET"]}}],"collection":[{"href":"https:\/\/gpl-love.com\/fr\/wp-json\/wp\/v2\/product"}],"about":[{"href":"https:\/\/gpl-love.com\/fr\/wp-json\/wp\/v2\/types\/product"}],"replies":[{"embeddable":true,"href":"https:\/\/gpl-love.com\/fr\/wp-json\/wp\/v2\/comments?post=118408"}],"wp:featuredmedia":[{"embeddable":true,"href":"https:\/\/gpl-love.com\/fr\/wp-json\/wp\/v2\/media\/143748"}],"wp:attachment":[{"href":"https:\/\/gpl-love.com\/fr\/wp-json\/wp\/v2\/media?parent=118408"}],"wp:term":[{"taxonomy":"product_brand","embeddable":true,"href":"https:\/\/gpl-love.com\/fr\/wp-json\/wp\/v2\/product_brand?post=118408"},{"taxonomy":"product_cat","embeddable":true,"href":"https:\/\/gpl-love.com\/fr\/wp-json\/wp\/v2\/product_cat?post=118408"},{"taxonomy":"product_tag","embeddable":true,"href":"https:\/\/gpl-love.com\/fr\/wp-json\/wp\/v2\/product_tag?post=118408"}],"curies":[{"name":"wp","href":"https:\/\/api.w.org\/{rel}","templated":true}]}}