{"id":118406,"date":"2025-10-14T00:00:00","date_gmt":"2025-10-13T22:00:00","guid":{"rendered":"https:\/\/gpl-love.com\/fr\/produit\/role-based-pricing-pour-woocommerce\/"},"modified":"2026-03-20T23:34:11","modified_gmt":"2026-03-20T22:34:11","slug":"role-based-pricing-pour-woocommerce","status":"publish","type":"product","link":"https:\/\/gpl-love.com\/fr\/produit\/role-based-pricing-pour-woocommerce\/","title":{"rendered":"Role Based Pricing pour WooCommerce 2.2.1"},"content":{"rendered":"<h3>Role Based Pricing pour WooCommerce Traits<\/h3>\n<p>Le prix bas\u00e9 sur les r\u00f4les pour WooCommerce est un outil remarquablement robuste qui permet aux propri\u00e9taires de magasins en ligne la possibilit\u00e9 de fournir des prix distincts pour diff\u00e9rents r\u00f4les clients. En utilisant ce plugin, vous avez la possibilit\u00e9 d&rsquo;\u00e9tablir des structures de tarification personnalis\u00e9es en fonction des r\u00f4les des clients, allant de la vente en gros \u00e0 la vente au d\u00e9tail, et de mettre en \u0153uvre des remises ou des majorations selon les besoins n\u00e9cessaires. De plus, ce plugin poss\u00e8de un degr\u00e9 remarquable de flexibilit\u00e9 et de personnalisation, vous accordant la possibilit\u00e9 d&rsquo;\u00e9laborer des r\u00e8gles de tarification qui d\u00e9pendent de produits sp\u00e9cifiques, de cat\u00e9gories et m\u00eame de clients individuels. Gr\u00e2ce \u00e0 la mise en \u0153uvre des prix bas\u00e9s sur les r\u00f4les, vous avez le potentiel de cultiver des niveaux accrus de fid\u00e9lit\u00e9 et de satisfaction des clients, tout en renfor\u00e7ant simultan\u00e9ment les ventes et les revenus de votre boutique en ligne estim\u00e9e. En r\u00e9sum\u00e9, les prix bas\u00e9s sur les r\u00f4les pour WooCommerce servent un actif inestimable pour toute boutique en ligne qui aspire \u00e0 fournir \u00e0 leurs clients des options in\u00e9gal\u00e9es en termes de prix flexibles.<\/p>\n<ul>\n<li>Permet aux propri\u00e9taires de magasins de fixer diff\u00e9rents prix pour les produits en fonction des r\u00f4les des utilisateurs.<\/li>\n<li>Les r\u00f4les utilisateur peuvent \u00eatre affect\u00e9s \u00e0 des groupes de clients sp\u00e9cifiques, tels que les grossistes ou les VIP.<\/li>\n<li>Offre des options de tarification flexibles, y compris les remises en pourcentage et les prix fixes.<\/li>\n<li>Rationalise le processus de tarification en automatisant les remises bas\u00e9es sur les r\u00f4les.<\/li>\n<li>Aide \u00e0 augmenter les ventes en offrant des prix cibl\u00e9s \u00e0 des groupes de clients sp\u00e9cifiques.<\/li>\n<li>INT\u00c9RAGE SEMBLABLEMENT AVEC WOOCOMMERCE, l&rsquo;une des plates-formes de commerce \u00e9lectronique les plus populaires.<\/li>\n<li>Fournit des rapports d\u00e9taill\u00e9s et des analyses sur les ventes par des r\u00f4les utilisateur.<\/li>\n<li>Offre un excellent support client pour assurer une exp\u00e9rience transparente pour les propri\u00e9taires de magasins et les clients.<\/li>\n<\/ul>\n","protected":false},"excerpt":{"rendered":"<p>En tirant parti de la puissance de la tarification bas\u00e9e sur les r\u00f4les pour WooCommerce, vous obtenez la capacit\u00e9 d&rsquo;\u00e9tablir sans effort des niveaux de prix divers subordonn\u00e9s aux r\u00f4les utilisateur distincts attribu\u00e9s \u00e0 vos clients. Ce plugin remarquable vous permet effectivement d&rsquo;attribuer des prix distincts adapt\u00e9s \u00e0 des r\u00f4les clients sp\u00e9cifiques, illustr\u00e9s par des clients en gros, des clients fid\u00e8les ou des membres VIP estim\u00e9s. Par cons\u00e9quent, cet outil inestimable facilite les accords de prix personnalis\u00e9s et vous offre la possibilit\u00e9 de prolonger les offres exclusives et attrayantes pour des segments de clients pr\u00e9cis, en fin de compte de fid\u00e9lisation des clients et de propulser des ventes \u00e0 des hauteurs sans pr\u00e9c\u00e9dent.<\/p>\n","protected":false},"featured_media":145142,"comment_status":"open","ping_status":"open","template":"","meta":[],"product_brand":[2440],"product_cat":[1182,1223,1181],"product_tag":[1398],"class_list":{"0":"post-118406","1":"product","2":"type-product","3":"status-publish","4":"has-post-thumbnail","6":"product_brand-woocommerce","7":"product_cat-commerce-electronique-plugins","8":"product_cat-personnalisation-commerce-electronique-plugins","9":"product_cat-plugins","10":"product_tag-woocommerce","11":"member-discount","12":"discount-restricted","14":"first","15":"instock","16":"sale","17":"downloadable","18":"virtual","19":"sold-individually","20":"purchasable","21":"product-type-simple"},"_links":{"self":[{"href":"https:\/\/gpl-love.com\/fr\/wp-json\/wp\/v2\/product\/118406","targetHints":{"allow":["GET"]}}],"collection":[{"href":"https:\/\/gpl-love.com\/fr\/wp-json\/wp\/v2\/product"}],"about":[{"href":"https:\/\/gpl-love.com\/fr\/wp-json\/wp\/v2\/types\/product"}],"replies":[{"embeddable":true,"href":"https:\/\/gpl-love.com\/fr\/wp-json\/wp\/v2\/comments?post=118406"}],"wp:featuredmedia":[{"embeddable":true,"href":"https:\/\/gpl-love.com\/fr\/wp-json\/wp\/v2\/media\/145142"}],"wp:attachment":[{"href":"https:\/\/gpl-love.com\/fr\/wp-json\/wp\/v2\/media?parent=118406"}],"wp:term":[{"taxonomy":"product_brand","embeddable":true,"href":"https:\/\/gpl-love.com\/fr\/wp-json\/wp\/v2\/product_brand?post=118406"},{"taxonomy":"product_cat","embeddable":true,"href":"https:\/\/gpl-love.com\/fr\/wp-json\/wp\/v2\/product_cat?post=118406"},{"taxonomy":"product_tag","embeddable":true,"href":"https:\/\/gpl-love.com\/fr\/wp-json\/wp\/v2\/product_tag?post=118406"}],"curies":[{"name":"wp","href":"https:\/\/api.w.org\/{rel}","templated":true}]}}