{"id":118399,"date":"2021-10-05T00:00:00","date_gmt":"2021-10-04T22:00:00","guid":{"rendered":"https:\/\/gpl-love.com\/fr\/produit\/webify-all-in-one-elementor-wordpress-theme\/"},"modified":"2026-04-10T18:45:23","modified_gmt":"2026-04-10T16:45:23","slug":"webify-all-in-one-elementor-wordpress-theme","status":"publish","type":"product","link":"https:\/\/gpl-love.com\/fr\/produit\/webify-all-in-one-elementor-wordpress-theme\/","title":{"rendered":"Webify All in One Elementor WordPress Theme 4.5"},"content":{"rendered":"<h3>Webify All in One Elementor WordPress Theme Traits<\/h3>\n<p>La webify tout dans un th\u00e8me WordPress Elementor est une solution globale et approfondie qui facilite la cr\u00e9ation de sites Web visuellement frappants. Son interface glisser-d\u00e9poser conviviale permet aux individus de modeler sans effort qui d\u00e9gagent le professionnalisme, le tout sans n\u00e9cessiter une aptitude au codage. De plus, ce th\u00e8me est \u00e9quip\u00e9 d&rsquo;une pl\u00e9thore de mod\u00e8les et de widgets pr\u00e9-con\u00e7us, acc\u00e9l\u00e9rant ainsi le processus d&rsquo;initiation. De plus, il b\u00e9n\u00e9ficie de l&rsquo;optimisation \u00e0 la fois pour les temps de chargement rapides et l&rsquo;optimisation des moteurs de recherche (SEO), garantissant ainsi que votre site Web est rapidement accessible et plac\u00e9 favorablement dans les pages de r\u00e9sultats du moteur de recherche. Que vous soyez un entrepreneur, un blogueur ou quiconque d\u00e9sire un site Web qui est esth\u00e9tiquement agr\u00e9able et construit sans effort, la webify tout dans un th\u00e8me WordPress Elementor est le choix id\u00e9al.<\/p>\n<ul>\n<li>Un th\u00e8me WordPress polyvalent et personnalisable adapt\u00e9 \u00e0 tout type de site Web<\/li>\n<li>Construit avec le constructeur de page Elementor populaire, permettant une personnalisation facile \u00e0 glisser-d\u00e9poser<\/li>\n<li>Comprend plusieurs mod\u00e8les pr\u00e9-con\u00e7us pour diff\u00e9rentes pages, y compris les blogs, les portefeuilles et les magasins<\/li>\n<li>Optimis\u00e9 pour la vitesse et les performances, avec un code propre et optimis\u00e9<\/li>\n<li>Conception enti\u00e8rement r\u00e9active qui a fi\u00e8re allure sur tous les appareils<\/li>\n<li>Comprend une vari\u00e9t\u00e9 de widgets et de plugins pour des fonctionnalit\u00e9s suppl\u00e9mentaires<\/li>\n<li>Facile \u00e0 configurer et \u00e0 personnaliser, m\u00eame pour les utilisateurs ayant peu d&rsquo;exp\u00e9rience en codage<\/li>\n<li>R\u00e9guli\u00e8rement mis \u00e0 jour avec de nouvelles fonctionnalit\u00e9s et correctifs<\/li>\n<li>Excellent support client et documentation disponible pour les utilisateurs<\/li>\n<li>Compatible avec tous les principaux navigateurs et plugins WordPress.<\/li>\n<\/ul>\n","protected":false},"excerpt":{"rendered":"<p>La webify tout dans un th\u00e8me WordPress Elementor se pr\u00e9sente comme une solution de conception de site Web sublime et sophistiqu\u00e9e, s&rsquo;adressant \u00e0 ceux qui manquent d&rsquo;expertise de codage. Ce th\u00e8me global qui a un r\u00e9pertoire impressionnant de plus de 70 sites Web pr\u00e9-construits m\u00e9ticuleusement con\u00e7us, ce qui en fait un choix optimal pour les individus dans les domaines de la conception, du freelance et de l&rsquo;entrepreneuriat, qui s&rsquo;efforcent tous d&rsquo;\u00e9tablir une pr\u00e9sence en ligne qui est simultan\u00e9ment professionnelle et distinctif. Gr\u00e2ce \u00e0 son syst\u00e8me de glisser-d\u00e9poser, on a la capacit\u00e9 d&rsquo;adapter les pages et les mod\u00e8les pour s&rsquo;aligner parfaitement avec leur identit\u00e9 de marque. De plus, le panneau des options avanc\u00e9es du th\u00e8me facilite la personnalisation sans effort des sch\u00e9mas de mise en page, de typographie et de couleurs, ce qui permet aux utilisateurs d&rsquo;aligner sans effort l&rsquo;esth\u00e9tique de leur site Web avec leurs pr\u00e9f\u00e9rences personnelles. Que l&rsquo;on s&rsquo;efforce de construire une plate-forme de commerce \u00e9lectronique, un blog ou un site Web de portfolio, la webify tout dans un th\u00e8me WordPress Elementor est \u00e9quip\u00e9 de tous les outils et fonctionnalit\u00e9s essentiels n\u00e9cessaires pour organiser une exp\u00e9rience utilisateur qui est \u00e0 la fois transparente et visuellement captivant.<\/p>\n","protected":false},"featured_media":145746,"comment_status":"open","ping_status":"open","template":"","meta":[],"product_brand":[2433],"product_cat":[1214,1212,1213],"product_tag":[1366],"class_list":{"0":"post-118399","1":"product","2":"type-product","3":"status-publish","4":"has-post-thumbnail","6":"product_brand-themeforest","7":"product_cat-polyvalent","8":"product_cat-themes","9":"product_cat-wordpress-themes","10":"product_tag-themeforest","11":"member-discount","12":"discount-restricted","14":"first","15":"instock","16":"sale","17":"downloadable","18":"virtual","19":"sold-individually","20":"purchasable","21":"product-type-simple"},"_links":{"self":[{"href":"https:\/\/gpl-love.com\/fr\/wp-json\/wp\/v2\/product\/118399","targetHints":{"allow":["GET"]}}],"collection":[{"href":"https:\/\/gpl-love.com\/fr\/wp-json\/wp\/v2\/product"}],"about":[{"href":"https:\/\/gpl-love.com\/fr\/wp-json\/wp\/v2\/types\/product"}],"replies":[{"embeddable":true,"href":"https:\/\/gpl-love.com\/fr\/wp-json\/wp\/v2\/comments?post=118399"}],"wp:featuredmedia":[{"embeddable":true,"href":"https:\/\/gpl-love.com\/fr\/wp-json\/wp\/v2\/media\/145746"}],"wp:attachment":[{"href":"https:\/\/gpl-love.com\/fr\/wp-json\/wp\/v2\/media?parent=118399"}],"wp:term":[{"taxonomy":"product_brand","embeddable":true,"href":"https:\/\/gpl-love.com\/fr\/wp-json\/wp\/v2\/product_brand?post=118399"},{"taxonomy":"product_cat","embeddable":true,"href":"https:\/\/gpl-love.com\/fr\/wp-json\/wp\/v2\/product_cat?post=118399"},{"taxonomy":"product_tag","embeddable":true,"href":"https:\/\/gpl-love.com\/fr\/wp-json\/wp\/v2\/product_tag?post=118399"}],"curies":[{"name":"wp","href":"https:\/\/api.w.org\/{rel}","templated":true}]}}