{"id":118397,"date":"2021-10-05T00:00:00","date_gmt":"2021-10-04T22:00:00","guid":{"rendered":"https:\/\/gpl-love.com\/fr\/produit\/rocket-creative-multipurpose-wordpress-theme\/"},"modified":"2026-04-10T18:38:24","modified_gmt":"2026-04-10T16:38:24","slug":"rocket-creative-multipurpose-wordpress-theme","status":"publish","type":"product","link":"https:\/\/gpl-love.com\/fr\/produit\/rocket-creative-multipurpose-wordpress-theme\/","title":{"rendered":"Rocket Creative Multipurpose WordPress Theme 2.9.3"},"content":{"rendered":"<h3>Rocket Creative Multipurpose WordPress Theme Traits<\/h3>\n<p>Le th\u00e8me WordPress polyvalent de Rocket Creative, avec son large \u00e9ventail d&rsquo;options personnalisables, se pr\u00e9sente comme la solution id\u00e9ale pour les personnes \u00e0 la recherche d&rsquo;un th\u00e8me de site Web adaptable et flexible. Ce th\u00e8me vous permet de personnaliser votre site Web en fonction de vos exigences sp\u00e9cifiques, pr\u00e9sentant sans effort votre flair artistique. Sa polyvalence lui permet de r\u00e9pondre \u00e0 une multitude d&rsquo;industries, y compris, mais sans s&rsquo;y limiter, les entreprises, le portefeuille, l&rsquo;agence et le commerce \u00e9lectronique. De plus, sa gamme de mod\u00e8les et de widgets pr\u00e9d\u00e9finis vous donne la possibilit\u00e9 de commencer \u00e0 construire votre site Web imm\u00e9diatement. La nature conviviale de ce th\u00e8me garantit que la navigation est un jeu d&rsquo;enfant, tandis que sa conception r\u00e9active garantit que votre site Web semblera visuellement \u00e9tonnant sur n&rsquo;importe quel appareil. Notamment, le th\u00e8me WordPress polyvalent de Rocket Creative int\u00e8gre de mani\u00e8re transparente les plugins populaires, tels que WooCommerce et WPML, facilitant ainsi l&rsquo;ajout sans effort de fonctionnalit\u00e9s de commerce \u00e9lectronique et la traduction de votre site Web en plusieurs langues. En conclusion, le th\u00e8me WordPress polyvalent Rocket Creative s&rsquo;av\u00e8re \u00eatre un choix exceptionnel pour ceux qui recherchent un th\u00e8me de site Web puissant et personnalisable.<\/p>\n<ul>\n<li>Un th\u00e8me WordPress tr\u00e8s polyvalent et adaptable adapt\u00e9 \u00e0 un large \u00e9ventail de types de sites Web et de styles<\/li>\n<li>Livr\u00e9 avec une gamme de mod\u00e8les et de dispositions pr\u00e9-con\u00e7us qui peuvent \u00eatre facilement modifi\u00e9s et personnalis\u00e9s pour r\u00e9pondre \u00e0 vos besoins<\/li>\n<li>Comprend un puissant outil de g\u00e9n\u00e9rateur de pages qui vous permet de cr\u00e9er rapidement et facilement des pages et des dispositions personnalis\u00e9es \u00e0 l&rsquo;aide d&rsquo;une interface glisser-d\u00e9poser<\/li>\n<li>La conception enti\u00e8rement r\u00e9active garantit que votre site Web a fi\u00e8re allure et fonctionne parfaitement sur tous les appareils, des ordinateurs de bureau aux smartphones et tablettes<\/li>\n<li>Construit avec un code propre et optimis\u00e9 qui maximise la vitesse et les performances, m\u00eame sur des sites \u00e0 haut trafic<\/li>\n<li>La conception et les fonctionnalit\u00e9s conviviales de r\u00e9f\u00e9rence<\/li>\n<li>L&rsquo;int\u00e9gration avec des plugins populaires tels que WooCommerce et MailChimp facilite l&rsquo;ajout de fonctionnalit\u00e9s de commerce \u00e9lectronique ou se connecter avec votre public via le marketing par e-mail<\/li>\n<li>La documentation compl\u00e8te et le support client d\u00e9di\u00e9 garantissent que vous avez tout ce dont vous avez besoin pour \u00eatre op\u00e9rationnel avec le th\u00e8me rapidement et facilement.<\/li>\n<\/ul>\n","protected":false},"excerpt":{"rendered":"<p>Le th\u00e8me WordPress polyvalent de Rocket Creative, un th\u00e8me extr\u00eamement adaptable et chic adapt\u00e9 aux entreprises, aux agences et aux cr\u00e9atifs, offre une gamme d&rsquo;attributs notables. Compos\u00e9 de plusieurs dispositions de page d&rsquo;accueil, d&rsquo;un portefeuille enti\u00e8rement personnalisable et d&rsquo;un assortiment de fonctionnalit\u00e9s int\u00e9gr\u00e9es englobant l&rsquo;optimisation du r\u00e9f\u00e9rencement, de l&rsquo;int\u00e9gration WooCommerce et de l&rsquo;int\u00e9gration des m\u00e9dias sociaux, ce th\u00e8me est un choix impeccable pour afficher vos produits ou services. De plus, il b\u00e9n\u00e9ficie d&rsquo;une r\u00e9activit\u00e9 et d&rsquo;une optimisation compl\u00e8tes pour les appareils mobiles, en garantissant un acc\u00e8s sans effort \u00e0 votre site pour les clients, quelle que soit leur emplacement. Pr\u00e9parez-vous \u00e0 une exp\u00e9rience exaltante avec le th\u00e8me WordPress polyvalent de Rocket Creative!<\/p>\n","protected":false},"featured_media":145140,"comment_status":"open","ping_status":"open","template":"","meta":[],"product_brand":[2433],"product_cat":[1214,1212,1213],"product_tag":[1366],"class_list":{"0":"post-118397","1":"product","2":"type-product","3":"status-publish","4":"has-post-thumbnail","6":"product_brand-themeforest","7":"product_cat-polyvalent","8":"product_cat-themes","9":"product_cat-wordpress-themes","10":"product_tag-themeforest","11":"member-discount","12":"discount-restricted","14":"first","15":"instock","16":"sale","17":"downloadable","18":"virtual","19":"sold-individually","20":"purchasable","21":"product-type-simple"},"_links":{"self":[{"href":"https:\/\/gpl-love.com\/fr\/wp-json\/wp\/v2\/product\/118397","targetHints":{"allow":["GET"]}}],"collection":[{"href":"https:\/\/gpl-love.com\/fr\/wp-json\/wp\/v2\/product"}],"about":[{"href":"https:\/\/gpl-love.com\/fr\/wp-json\/wp\/v2\/types\/product"}],"replies":[{"embeddable":true,"href":"https:\/\/gpl-love.com\/fr\/wp-json\/wp\/v2\/comments?post=118397"}],"wp:featuredmedia":[{"embeddable":true,"href":"https:\/\/gpl-love.com\/fr\/wp-json\/wp\/v2\/media\/145140"}],"wp:attachment":[{"href":"https:\/\/gpl-love.com\/fr\/wp-json\/wp\/v2\/media?parent=118397"}],"wp:term":[{"taxonomy":"product_brand","embeddable":true,"href":"https:\/\/gpl-love.com\/fr\/wp-json\/wp\/v2\/product_brand?post=118397"},{"taxonomy":"product_cat","embeddable":true,"href":"https:\/\/gpl-love.com\/fr\/wp-json\/wp\/v2\/product_cat?post=118397"},{"taxonomy":"product_tag","embeddable":true,"href":"https:\/\/gpl-love.com\/fr\/wp-json\/wp\/v2\/product_tag?post=118397"}],"curies":[{"name":"wp","href":"https:\/\/api.w.org\/{rel}","templated":true}]}}