{"id":118395,"date":"2026-03-25T00:00:00","date_gmt":"2026-03-24T23:00:00","guid":{"rendered":"https:\/\/gpl-love.com\/fr\/produit\/gostudy-education-wordpress-theme\/"},"modified":"2026-03-25T23:30:40","modified_gmt":"2026-03-25T22:30:40","slug":"gostudy-education-wordpress-theme","status":"publish","type":"product","link":"https:\/\/gpl-love.com\/fr\/produit\/gostudy-education-wordpress-theme\/","title":{"rendered":"Gostudy Education Theme 2.5.5"},"content":{"rendered":"<h3>Gostudy Education Theme Traits<\/h3>\n<p>Le th\u00e8me de l&rsquo;\u00e9ducation Gostudy, un th\u00e8me WordPress tr\u00e8s polyvalent et puissant, a \u00e9t\u00e9 m\u00e9ticuleusement con\u00e7u pour r\u00e9pondre sp\u00e9cifiquement aux besoins des sites Web \u00e9ducatifs, des \u00e9coles, des coll\u00e8ges et des plateformes d&rsquo;apprentissage en ligne. B\u00e9n\u00e9ficiant d&rsquo;un design moderne et \u00e9l\u00e9gant, le th\u00e8me de l&rsquo;\u00e9ducation Gostudy vous permet de cr\u00e9er sans effort des sites Web visuellement attrayants qui non seulement de la navigation transparente, mais aussi de captiver et d&rsquo;engager votre public cible. Le th\u00e8me offre une vaste gamme d&rsquo;options de personnalisation, vous permettant de personnaliser chaque facette de votre site Web, que ce soit la mise en page, la palette de couleurs, les polices et bien plus encore. De plus, le th\u00e8me de l&rsquo;\u00e9ducation Gostudy est \u00e9quip\u00e9 de fonctionnalit\u00e9s avanc\u00e9es telles que la gestion des cours, la gestion des \u00e9v\u00e9nements et la gestion des \u00e9tudiants, vous offrant ainsi une solution compl\u00e8te et globale pour les exigences de votre site Web \u00e9ducatif. Peu importe que vous vous lanciez dans la cr\u00e9ation d&rsquo;une plate-forme d&rsquo;apprentissage en ligne ou que vous cherchiez \u00e0 r\u00e9organiser votre site Web existant, le th\u00e8me de l&rsquo;\u00e9ducation Gostudy appara\u00eet comme un choix id\u00e9al, car il vous confient \u00e0 un assortiment remarquable d&rsquo;outils et de fonctionnalit\u00e9s qui \u00e9l\u00e8vent efficacement la pro\u00e9minence de votre site Web.<\/p>\n<ul>\n<li>Design \u00e9l\u00e9gant et moderne pour les sites Web \u00e9ducatifs<\/li>\n<li>Page d&rsquo;accueil personnalisable avec des options pour afficher des cours en vedette, des t\u00e9moignages d&rsquo;\u00e9tudiants et des profils de personnel<\/li>\n<li>Plusieurs options de mise en page pour les pages de cours, y compris les formats de grille et de liste<\/li>\n<li>Int\u00e9gration avec des syst\u00e8mes de gestion de l&rsquo;apprentissage populaires comme Moodle et Canvas<\/li>\n<li>Conception r\u00e9active pour une visualisation optimale sur le bureau, les tablettes et les appareils mobiles<\/li>\n<li>Fonctionnalit\u00e9 de recherche int\u00e9gr\u00e9e pour une navigation facile et une d\u00e9couverte de cours<\/li>\n<li>Option pour inclure un calendrier d&rsquo;\u00e9v\u00e9nements pour les \u00e9v\u00e9nements scolaires et les dates importantes<\/li>\n<li>Soutien \u00e0 plusieurs langues pour r\u00e9pondre \u00e0 un corps \u00e9tudiant diversifi\u00e9<\/li>\n<li>Documentation compl\u00e8te et support client pour une configuration et une utilisation faciles.<\/li>\n<\/ul>\n","protected":false},"excerpt":{"rendered":"<p>Le th\u00e8me de l&rsquo;\u00e9ducation Gostudy, un th\u00e8me WordPress, m\u00e9ticuleusement con\u00e7u pour les \u00e9tablissements d&rsquo;enseignement, tels que les universit\u00e9s, les coll\u00e8ges et les \u00e9coles, est non seulement visuellement captivant mais aussi tr\u00e8s r\u00e9actif. Il propose une plate-forme interactive et adaptable qui vous permet de pr\u00e9senter sans effort les programmes acad\u00e9miques, les professeurs et les \u00e9tudiants de votre \u00e9tablissement. Avec la flexibilit\u00e9 pour personnaliser les sections d&rsquo;en-t\u00eate et de pied de page, int\u00e9grer un syst\u00e8me de gestion des cours et utiliser divers mod\u00e8les de pages, le th\u00e8me de l&rsquo;\u00e9ducation Gostudy vous permet d&rsquo;adapter votre pr\u00e9sence en ligne en fonction de vos besoins uniques. Son design \u00e9l\u00e9gant, associ\u00e9 \u00e0 une interface intuitive, assure une exp\u00e9rience utilisateur exceptionnelle. En outre, la documentation compl\u00e8te fournie \u00e0 c\u00f4t\u00e9 du th\u00e8me garantit un parcours transparent pour les \u00e9ducateurs et les administrateurs qui aspirent \u00e0 favoriser les liens avec leur public cible et \u00e0 \u00e9lever leur pr\u00e9sence en ligne.<\/p>\n","protected":false},"featured_media":144041,"comment_status":"open","ping_status":"open","template":"","meta":[],"product_brand":[2433],"product_cat":[1516,1212,1213],"product_tag":[1366],"class_list":{"0":"post-118395","1":"product","2":"type-product","3":"status-publish","4":"has-post-thumbnail","6":"product_brand-themeforest","7":"product_cat-entreprise","8":"product_cat-themes","9":"product_cat-wordpress-themes","10":"product_tag-themeforest","11":"member-discount","12":"discount-restricted","14":"first","15":"instock","16":"sale","17":"downloadable","18":"virtual","19":"sold-individually","20":"purchasable","21":"product-type-simple"},"_links":{"self":[{"href":"https:\/\/gpl-love.com\/fr\/wp-json\/wp\/v2\/product\/118395","targetHints":{"allow":["GET"]}}],"collection":[{"href":"https:\/\/gpl-love.com\/fr\/wp-json\/wp\/v2\/product"}],"about":[{"href":"https:\/\/gpl-love.com\/fr\/wp-json\/wp\/v2\/types\/product"}],"replies":[{"embeddable":true,"href":"https:\/\/gpl-love.com\/fr\/wp-json\/wp\/v2\/comments?post=118395"}],"wp:featuredmedia":[{"embeddable":true,"href":"https:\/\/gpl-love.com\/fr\/wp-json\/wp\/v2\/media\/144041"}],"wp:attachment":[{"href":"https:\/\/gpl-love.com\/fr\/wp-json\/wp\/v2\/media?parent=118395"}],"wp:term":[{"taxonomy":"product_brand","embeddable":true,"href":"https:\/\/gpl-love.com\/fr\/wp-json\/wp\/v2\/product_brand?post=118395"},{"taxonomy":"product_cat","embeddable":true,"href":"https:\/\/gpl-love.com\/fr\/wp-json\/wp\/v2\/product_cat?post=118395"},{"taxonomy":"product_tag","embeddable":true,"href":"https:\/\/gpl-love.com\/fr\/wp-json\/wp\/v2\/product_tag?post=118395"}],"curies":[{"name":"wp","href":"https:\/\/api.w.org\/{rel}","templated":true}]}}