{"id":118388,"date":"2024-08-06T00:00:00","date_gmt":"2024-08-05T22:00:00","guid":{"rendered":"https:\/\/gpl-love.com\/fr\/produit\/wpforms-offline-forms\/"},"modified":"2026-03-20T23:51:32","modified_gmt":"2026-03-20T22:51:32","slug":"wpforms-offline-forms","status":"publish","type":"product","link":"https:\/\/gpl-love.com\/fr\/produit\/wpforms-offline-forms\/","title":{"rendered":"WPForms Offline Forms 1.3.0"},"content":{"rendered":"<h3>WPForms Offline Forms Traits<\/h3>\n<p>WPForms Offline Forms, un outil tr\u00e8s efficace, offre aux utilisateurs la capacit\u00e9 remarquable pour g\u00e9n\u00e9rer des formulaires qui fonctionnent m\u00eame en l&rsquo;absence d&rsquo;une connexion Internet. Cette fonctionnalit\u00e9 inestimable permet aux utilisateurs d&rsquo;accumuler sans effort des donn\u00e9es, quel que soit leur environnement, garantissant qu&rsquo;aucune information pr\u00e9cieuse ne passe par les mailles du filet. Avec les formulaires hors ligne WPForms, les utilisateurs ont la libert\u00e9 de concevoir sans effort des formulaires personnalis\u00e9s, englobant un large \u00e9ventail d&rsquo;objectifs, tels que les formulaires de contact, les formulaires de paiement, les formulaires d&rsquo;enregistrement et d&rsquo;innombrables autres. De plus, cet outil conserve avec diligence les entr\u00e9es des utilisateurs, m\u00eame dans les cas o\u00f9 le formulaire n&rsquo;a pas \u00e9t\u00e9 soumis, permettant ainsi aux utilisateurs de reprendre de mani\u00e8re transparente o\u00f9 ils s&rsquo;\u00e9taient arr\u00eat\u00e9s une fois qu&rsquo;ils ont retrouv\u00e9 l&rsquo;acc\u00e8s \u00e0 Internet. Dans l&rsquo;ensemble, les formes hors ligne WPForms \u00e9mergent incontestablement comme un actif indispensable pour toute entreprise ou organisation qui se trouve fr\u00e9quemment en mouvement et n\u00e9cessitant une collecte efficace de donn\u00e9es.<\/p>\n<ul>\n<li>Cr\u00e9ez et personnalisez facilement les formulaires hors ligne pour votre site WordPress<\/li>\n<li>Collectez des donn\u00e9es m\u00eame lorsqu&rsquo;il n&rsquo;y a pas de connexion Internet<\/li>\n<li>Synchroniser de mani\u00e8re transparente les donn\u00e9es collect\u00e9es une fois la connexion Internet<\/li>\n<li>Prot\u00e9ger les informations sensibles avec le cryptage<\/li>\n<li>Configurer la logique conditionnelle pour afficher et masquer certains champs en fonction des r\u00e9ponses des utilisateurs<\/li>\n<li>Choisissez parmi une vari\u00e9t\u00e9 de types de champs, y compris les d\u00e9parts, le choix multiple et les t\u00e9l\u00e9chargements de fichiers<\/li>\n<li>Recevoir des notifications par e-mail lorsqu&rsquo;un formulaire est soumis<\/li>\n<li>Int\u00e9gration avec les services de marketing par e-mail populaires et le CRMS<\/li>\n<li>Aucune comp\u00e9tence de codage requise, interface intuitive glisser-d\u00e9poser<\/li>\n<li>Compatible avec les appareils de bureau et mobiles<\/li>\n<\/ul>\n","protected":false},"excerpt":{"rendered":"<p>WPForms Offline Formes est un outil incroyablement robuste et tr\u00e8s efficace qui vous accorde la capacit\u00e9 de construire et de concevoir des formulaires qui fonctionnent parfaitement et parfaitement dans les situations o\u00f9 vous rencontrez des difficult\u00e9s ou des obstacles \u00e0 la connexion \u00e0 Internet. En vous pr\u00e9voyant de cette caract\u00e9ristique ing\u00e9nieuse et r\u00e9volutionnaire, vous serez toujours libre de l&rsquo;anxi\u00e9t\u00e9 et de la pr\u00e9occupation d&rsquo;une perte ou d&rsquo;une omission potentielle d&rsquo;informations importantes et essentielles \u00e9manant de clients, de clients ou de prospects potentiels. Que vous vous trouviez engag\u00e9 dans des travaux \u00e0 distance ou si votre connectivit\u00e9 Internet est incoh\u00e9rente ou peu fiable, les formulaires hors ligne garantissent et garantissent que vous pourrez toujours acqu\u00e9rir et obtenir les donn\u00e9es vitales et indispensables n\u00e9cessaires pour maintenir le flux fluide et ininterrompu de la flux de flux de flux de douceur et ininterrompu de vos op\u00e9rations commerciales. Poser plus de temps et vous lancer dans votre voyage aujourd&rsquo;hui pour exp\u00e9rimenter et explorer la commodit\u00e9 in\u00e9gal\u00e9e et la fiabilit\u00e9 in\u00e9branlable offerte par cet outil vraiment de pointe et de pointe.<\/p>\n","protected":false},"featured_media":146266,"comment_status":"open","ping_status":"open","template":"","meta":[],"product_brand":[2724],"product_cat":[1189,1181,1186],"product_tag":[1415],"class_list":{"0":"post-118388","1":"product","2":"type-product","3":"status-publish","4":"has-post-thumbnail","6":"product_brand-wp-forms","7":"product_cat-personnalisation","8":"product_cat-plugins","9":"product_cat-wordpress-plugins","10":"product_tag-wp-forms","11":"member-discount","12":"discount-restricted","14":"first","15":"instock","16":"sale","17":"downloadable","18":"virtual","19":"sold-individually","20":"purchasable","21":"product-type-simple"},"_links":{"self":[{"href":"https:\/\/gpl-love.com\/fr\/wp-json\/wp\/v2\/product\/118388","targetHints":{"allow":["GET"]}}],"collection":[{"href":"https:\/\/gpl-love.com\/fr\/wp-json\/wp\/v2\/product"}],"about":[{"href":"https:\/\/gpl-love.com\/fr\/wp-json\/wp\/v2\/types\/product"}],"replies":[{"embeddable":true,"href":"https:\/\/gpl-love.com\/fr\/wp-json\/wp\/v2\/comments?post=118388"}],"wp:featuredmedia":[{"embeddable":true,"href":"https:\/\/gpl-love.com\/fr\/wp-json\/wp\/v2\/media\/146266"}],"wp:attachment":[{"href":"https:\/\/gpl-love.com\/fr\/wp-json\/wp\/v2\/media?parent=118388"}],"wp:term":[{"taxonomy":"product_brand","embeddable":true,"href":"https:\/\/gpl-love.com\/fr\/wp-json\/wp\/v2\/product_brand?post=118388"},{"taxonomy":"product_cat","embeddable":true,"href":"https:\/\/gpl-love.com\/fr\/wp-json\/wp\/v2\/product_cat?post=118388"},{"taxonomy":"product_tag","embeddable":true,"href":"https:\/\/gpl-love.com\/fr\/wp-json\/wp\/v2\/product_tag?post=118388"}],"curies":[{"name":"wp","href":"https:\/\/api.w.org\/{rel}","templated":true}]}}