{"id":118386,"date":"2025-05-16T00:00:00","date_gmt":"2025-05-15T22:00:00","guid":{"rendered":"https:\/\/gpl-love.com\/fr\/produit\/wpdiscuz-widgets\/"},"modified":"2026-03-20T23:51:17","modified_gmt":"2026-03-20T22:51:17","slug":"wpdiscuz-widgets","status":"publish","type":"product","link":"https:\/\/gpl-love.com\/fr\/produit\/wpdiscuz-widgets\/","title":{"rendered":"wpDiscuz Widgets 7.3.1"},"content":{"rendered":"<h3>wpDiscuz Widgets Traits<\/h3>\n<p>Le plugin WPDiscuz Widgets, qui sert d&rsquo;outil incroyablement puissant pour l&rsquo;augmentation de la section des commentaires de votre site Web, poss\u00e8de la possibilit\u00e9 d&rsquo;am\u00e9liorer consid\u00e9rablement l&rsquo;engagement des utilisateurs. En incorporant un \u00e9ventail diversifi\u00e9 de widgets interactifs, on peut captiver efficacement leur public et favoriser une participation accrue. Ce plugin est \u00e9quip\u00e9 d&rsquo;une large gamme de fonctionnalit\u00e9s de pointe, y compris, mais sans s&rsquo;y limiter, les capacit\u00e9s de partage social, les m\u00e9canismes de vote, les profils d&rsquo;utilisateurs et bien plus encore. Avec son processus d&rsquo;installation remarquablement convivial, m\u00eame ceux qui ont une expertise technique limit\u00e9e peuvent adapter sans effort l&rsquo;apparence et la fonctionnalit\u00e9 de leur section commentaires pour s&rsquo;aligner sur leur marque ou site Web unique. Peu importe que votre objectif principal soit de stimuler l&rsquo;engagement du public, de cultiver une communaut\u00e9 en ligne florissante ou d&rsquo;allumer des conversations anim\u00e9es, les wpdiscuz widgets apparaissent ind\u00e9niablement comme la solution sans \u00e9quivoque pour tout propri\u00e9taire de site Web exigeant.<\/p>\n<ul>\n<li>Options de widget personnalisables pour le plugin WPDiscuz<\/li>\n<li>Possibilit\u00e9 d&rsquo;afficher des commentaires r\u00e9cents ou des messages populaires sous forme de widget<\/li>\n<li>Int\u00e9gration avec des th\u00e8mes WordPress pour une conception transparente<\/li>\n<li>Configuration et configuration faciles pour les utilisateurs non techniques<\/li>\n<li>Permet une augmentation de l&rsquo;engagement des utilisateurs et de la communaut\u00e9 sur le site Web<\/li>\n<li>Am\u00e9lioration des fonctionnalit\u00e9s de gestion des commentaires et de mod\u00e9ration<\/li>\n<li>Compatible avec la derni\u00e8re version WordPress et les mises \u00e0 jour WPDiscuz<\/li>\n<li>Conception r\u00e9active mobile pour une visualisation optimis\u00e9e sur tous les appareils<\/li>\n<li>Option pour ajouter CSS personnalis\u00e9 pour une personnalisation suppl\u00e9mentaire<\/li>\n<li>Mises \u00e0 jour fr\u00e9quentes et soutien de l&rsquo;\u00e9quipe WPDiscuz<\/li>\n<\/ul>\n","protected":false},"excerpt":{"rendered":"<p>WPDiscuz Widgets, un plugin puissant et riche en fonctionnalit\u00e9s, offre aux utilisateurs la flexibilit\u00e9 pour incorporer sans effort une pl\u00e9thore de widgets personnalis\u00e9s dans leur site Web WordPress. Ces widgets, sp\u00e9cifiquement adapt\u00e9s \u00e0 l&rsquo;int\u00e9gration transparente avec le syst\u00e8me de commentaires WPDiscuz, servent \u00e0 enrichir les niveaux d&rsquo;engagement et \u00e0 stimuler des conversations significatives sur les articles de blog. En offrant aux utilisateurs la possibilit\u00e9 de cuire \u00e0 la main et de personnaliser un large \u00e9ventail de widgets tels que des commentaires populaires, des commentaires r\u00e9cents et des statistiques de commentaires, entre autres, les widgets WPDiscuz permettent aux propri\u00e9taires de sites Web \u00e0 favoriser activement un environnement qui encourage leur public \u00e0 participer activement aux discussions,, augmentant ainsi la croissance et le dynamisme de leur communaut\u00e9 en ligne.<\/p>\n","protected":false},"featured_media":146248,"comment_status":"open","ping_status":"open","template":"","meta":[],"product_brand":[2741],"product_cat":[1189,1181,1186],"product_tag":[2254],"class_list":{"0":"post-118386","1":"product","2":"type-product","3":"status-publish","4":"has-post-thumbnail","6":"product_brand-wp-discuz","7":"product_cat-personnalisation","8":"product_cat-plugins","9":"product_cat-wordpress-plugins","10":"product_tag-wp-discuz","11":"member-discount","12":"discount-restricted","14":"first","15":"instock","16":"sale","17":"downloadable","18":"virtual","19":"sold-individually","20":"purchasable","21":"product-type-simple"},"_links":{"self":[{"href":"https:\/\/gpl-love.com\/fr\/wp-json\/wp\/v2\/product\/118386","targetHints":{"allow":["GET"]}}],"collection":[{"href":"https:\/\/gpl-love.com\/fr\/wp-json\/wp\/v2\/product"}],"about":[{"href":"https:\/\/gpl-love.com\/fr\/wp-json\/wp\/v2\/types\/product"}],"replies":[{"embeddable":true,"href":"https:\/\/gpl-love.com\/fr\/wp-json\/wp\/v2\/comments?post=118386"}],"wp:featuredmedia":[{"embeddable":true,"href":"https:\/\/gpl-love.com\/fr\/wp-json\/wp\/v2\/media\/146248"}],"wp:attachment":[{"href":"https:\/\/gpl-love.com\/fr\/wp-json\/wp\/v2\/media?parent=118386"}],"wp:term":[{"taxonomy":"product_brand","embeddable":true,"href":"https:\/\/gpl-love.com\/fr\/wp-json\/wp\/v2\/product_brand?post=118386"},{"taxonomy":"product_cat","embeddable":true,"href":"https:\/\/gpl-love.com\/fr\/wp-json\/wp\/v2\/product_cat?post=118386"},{"taxonomy":"product_tag","embeddable":true,"href":"https:\/\/gpl-love.com\/fr\/wp-json\/wp\/v2\/product_tag?post=118386"}],"curies":[{"name":"wp","href":"https:\/\/api.w.org\/{rel}","templated":true}]}}