{"id":118373,"date":"2022-09-03T00:00:00","date_gmt":"2022-09-02T22:00:00","guid":{"rendered":"https:\/\/gpl-love.com\/fr\/produit\/formidable-forms-pour-amp\/"},"modified":"2026-03-20T23:06:27","modified_gmt":"2026-03-20T22:06:27","slug":"formidable-forms-pour-amps","status":"publish","type":"product","link":"https:\/\/gpl-love.com\/fr\/produit\/formidable-forms-pour-amps\/","title":{"rendered":"Formidable forms pour AMP 1.0.9"},"content":{"rendered":"<h3>Formidable forms pour AMP Traits<\/h3>\n<p>Formidables Forms for AMP, un plugin WordPress tr\u00e8s puissant, offre aux propri\u00e9taires de sites Web la possibilit\u00e9 d&rsquo;\u00e9laborer des formes complexes compatibles avec les pages mobiles acc\u00e9l\u00e9r\u00e9es (AMP). Ce plugin permet aux utilisateurs de concevoir des formes sensibles aux mobiles qui fonctionnent de mani\u00e8re transparente sur divers appareils, allant des smartphones et des tablettes aux ordinateurs de bureau. De plus, il pr\u00e9sente un assortiment diversifi\u00e9 de mod\u00e8les de forme qui peuvent \u00eatre m\u00e9ticuleusement adapt\u00e9s aux exigences individualis\u00e9es. De plus, ce plugin est \u00e9quip\u00e9 d&rsquo;un g\u00e9n\u00e9rateur de formulaire de glisser-d\u00e9poser intuitif, ce qui \u00e9limine le besoin d&rsquo;une expertise de codage, facilitant la cr\u00e9ation de formes complexes sans effort. En utilisant des formes formidables pour AMP, les utilisateurs sont en mesure de capturer efficacement les pistes, d&rsquo;effectuer des enqu\u00eates compl\u00e8tes, d&rsquo;accepter les paiements, entre autres fonctionnalit\u00e9s polyvalentes. Incontestablement, ce plugin est un atout indispensable pour les individus qui s&rsquo;efforcent de fabriquer des formes impeccablement con\u00e7ues qui offrent des performances exceptionnelles sur les appareils mobiles.<\/p>\n<ul>\n<li>Vous permet de cr\u00e9er facilement des formulaires conviviaux en utilisant des formes formidables<\/li>\n<li>Compatibilit\u00e9 avec les sp\u00e9cifications acc\u00e9l\u00e9r\u00e9es de Google (AMP)<\/li>\n<li>Fournit une int\u00e9gration transparente avec votre site WordPress<\/li>\n<li>Prend en charge toutes les fonctionnalit\u00e9s et fonctionnalit\u00e9s formidables<\/li>\n<li>Offre un design \u00e9l\u00e9gant et adapt\u00e9 aux mobiles pour une exp\u00e9rience utilisateur optimale sur les appareils mobiles<\/li>\n<li>Prend en charge tous les formes formidables des types de champs, y compris le texte, l&rsquo;e-mail, l&rsquo;URL, et plus<\/li>\n<li>Comprend une vari\u00e9t\u00e9 de mod\u00e8les de formulaires personnalisables \u00e0 choisir pour une configuration et une personnalisation faciles<\/li>\n<li>Fournit des notifications en temps r\u00e9el et des confirmations par e-mail pour les soumissions d&rsquo;utilisateurs<\/li>\n<li>Offre des fonctionnalit\u00e9s avanc\u00e9es comme la logique conditionnelle, les formulaires de plusieurs pages et les t\u00e9l\u00e9chargements de fichiers.<\/li>\n<\/ul>\n","protected":false},"excerpt":{"rendered":"<p>Le plugin Formidable Forms pour AMP permet de g\u00e9n\u00e9rer facilement et rapidement des formulaires optimis\u00e9s pour le format Accelerated Mobile Pages (AMP). Gr\u00e2ce \u00e0 ce plugin, il est possible d&rsquo;int\u00e9grer ais\u00e9ment des formulaires \u00e0 vos pages AMP, permettant ainsi aux utilisateurs de soumettre des informations pertinentes et d&rsquo;interagir avec le contenu sur leurs appareils mobiles en toute simplicit\u00e9. Que ce soit pour g\u00e9n\u00e9rer des prospects, recueillir des avis ou collecter du contenu g\u00e9n\u00e9r\u00e9 par les utilisateurs, Formidable Forms pour AMP simplifie consid\u00e9rablement la cr\u00e9ation de formulaires performants, compatibles avec une large gamme d&rsquo;appareils.<\/p>\n","protected":false},"featured_media":143910,"comment_status":"open","ping_status":"closed","template":"","meta":[],"product_brand":[2447],"product_cat":[1189,1181,1186],"product_tag":[2279],"class_list":{"0":"post-118373","1":"product","2":"type-product","3":"status-publish","4":"has-post-thumbnail","6":"product_brand-amp-wp","7":"product_cat-personnalisation","8":"product_cat-plugins","9":"product_cat-wordpress-plugins","10":"product_tag-amp-wp","11":"member-discount","12":"discount-restricted","14":"first","15":"instock","16":"sale","17":"downloadable","18":"virtual","19":"sold-individually","20":"purchasable","21":"product-type-simple"},"_links":{"self":[{"href":"https:\/\/gpl-love.com\/fr\/wp-json\/wp\/v2\/product\/118373","targetHints":{"allow":["GET"]}}],"collection":[{"href":"https:\/\/gpl-love.com\/fr\/wp-json\/wp\/v2\/product"}],"about":[{"href":"https:\/\/gpl-love.com\/fr\/wp-json\/wp\/v2\/types\/product"}],"replies":[{"embeddable":true,"href":"https:\/\/gpl-love.com\/fr\/wp-json\/wp\/v2\/comments?post=118373"}],"wp:featuredmedia":[{"embeddable":true,"href":"https:\/\/gpl-love.com\/fr\/wp-json\/wp\/v2\/media\/143910"}],"wp:attachment":[{"href":"https:\/\/gpl-love.com\/fr\/wp-json\/wp\/v2\/media?parent=118373"}],"wp:term":[{"taxonomy":"product_brand","embeddable":true,"href":"https:\/\/gpl-love.com\/fr\/wp-json\/wp\/v2\/product_brand?post=118373"},{"taxonomy":"product_cat","embeddable":true,"href":"https:\/\/gpl-love.com\/fr\/wp-json\/wp\/v2\/product_cat?post=118373"},{"taxonomy":"product_tag","embeddable":true,"href":"https:\/\/gpl-love.com\/fr\/wp-json\/wp\/v2\/product_tag?post=118373"}],"curies":[{"name":"wp","href":"https:\/\/api.w.org\/{rel}","templated":true}]}}