{"id":118371,"date":"2021-10-02T00:00:00","date_gmt":"2021-10-01T22:00:00","guid":{"rendered":"https:\/\/gpl-love.com\/fr\/produit\/bbpress-pour-amp\/"},"modified":"2026-03-20T22:55:58","modified_gmt":"2026-03-20T21:55:58","slug":"bbpress-pour-amp","status":"publish","type":"product","link":"https:\/\/gpl-love.com\/fr\/produit\/bbpress-pour-amp\/","title":{"rendered":"bbPress pour AMP 1.4.4"},"content":{"rendered":"<h3>bbPress pour AMP Traits<\/h3>\n<p>Le plugin BBPress for AMP est un outil incroyablement robuste qui poss\u00e8de la possibilit\u00e9 d&rsquo;optimiser votre forum en ligne sp\u00e9cifiquement pour les appareils mobiles. Gr\u00e2ce \u00e0 l&rsquo;utilisation de la technologie AMP, ce plugin est capable de fournir des pages exceptionnellement l\u00e9g\u00e8res et \u00e0 chargement rapide, ce qui augmente finalement l&rsquo;exp\u00e9rience utilisateur \u00e0 de nouveaux sommets tout en renfor\u00e7ant simultan\u00e9ment l&rsquo;engagement. Remarquablement, BBPress pour AMP s&rsquo;int\u00e8gre de mani\u00e8re transparente \u00e0 votre site WordPress existant, offrant un syst\u00e8me de cr\u00e9ation et de gestion de forum enti\u00e8rement complet. De plus, ce plugin englobe une myriade d&rsquo;options de personnalisation avanc\u00e9es, garantissant que votre forum est adapt\u00e9 pr\u00e9cis\u00e9ment \u00e0 votre go\u00fbt. De plus, BBPress for AMP int\u00e8gre une pl\u00e9thore de fonctionnalit\u00e9s impressionnantes telles que la messagerie priv\u00e9e, les profils d&rsquo;utilisateurs, les \u00e9tiquettes de sujet et bien plus encore. Que votre site Web soit un centre communautaire prosp\u00e8re ou fonctionne comme un forum de support client, la mise en \u0153uvre de BBPress pour AMP est absolument imp\u00e9rative afin d&rsquo;optimiser les performances globales du site Web et d&rsquo;attirer un plus grand nombre de visiteurs.<\/p>\n<ul>\n<li>Permet la compatibilit\u00e9 AMP pour les forums BBPress<\/li>\n<li>Am\u00e9liore l&rsquo;exp\u00e9rience utilisateur sur les appareils mobiles en permettant des temps de chargement plus rapides et une navigation plus fluide<\/li>\n<li>Am\u00e9liorer le classement des moteurs de recherche en mettant en \u0153uvre l&rsquo;optimisation des AMP sur les pages du forum<\/li>\n<li>Facile \u00e0 installer et \u00e0 activer sans aucune connaissance de codage requise<\/li>\n<li>Compatible avec tous les principaux th\u00e8mes et plugins WordPress<\/li>\n<li>G\u00e9n\u00e8re un balisage d&rsquo;ampli valide pour l&rsquo;index de recherche Google<\/li>\n<li>Fournit des options de personnalisation pour l&rsquo;image de marque et le style<\/li>\n<li>Support client 24\/7 et mises \u00e0 jour r\u00e9guli\u00e8res pour l&rsquo;optimisation et les fonctionnalit\u00e9s continues.<\/li>\n<\/ul>\n","protected":false},"excerpt":{"rendered":"<p>D\u00e9couvrez la puissance de combiner deux plugins WordPress renomm\u00e9s avec BBPress pour AMP. Cette solution permet une int\u00e9gration transparente de BBPress, un logiciel de forum leader, avec AMP (Pages mobiles acc\u00e9l\u00e9r\u00e9es), un projet soutenu par Google con\u00e7u pour rendre les pages mobiles plus rapides. En utilisant BBPress pour AMP, votre site Web facilitera non seulement les discussions d&rsquo;engagement du forum, mais assurera \u00e9galement une vitesse de chargement rapide, offrant une exp\u00e9rience utilisateur fluide. Ce plugin est parfait pour ceux qui d\u00e9sirent un forum interactif, optimis\u00e9 par mobile et am\u00e9lior\u00e9 par vitesse sur leur site Web. Ne laissez pas vos utilisateurs attendre. Donnez-leur la puissance de l&rsquo;acc\u00e8s instantan\u00e9 \u00e0 l&rsquo;information avec BBPress pour AMP.<\/p>\n","protected":false},"featured_media":143221,"comment_status":"open","ping_status":"open","template":"","meta":[],"product_brand":[2447],"product_cat":[1189,1181,1186],"product_tag":[2279],"class_list":{"0":"post-118371","1":"product","2":"type-product","3":"status-publish","4":"has-post-thumbnail","6":"product_brand-amp-wp","7":"product_cat-personnalisation","8":"product_cat-plugins","9":"product_cat-wordpress-plugins","10":"product_tag-amp-wp","11":"member-discount","12":"discount-restricted","14":"first","15":"instock","16":"sale","17":"downloadable","18":"virtual","19":"sold-individually","20":"purchasable","21":"product-type-simple"},"_links":{"self":[{"href":"https:\/\/gpl-love.com\/fr\/wp-json\/wp\/v2\/product\/118371","targetHints":{"allow":["GET"]}}],"collection":[{"href":"https:\/\/gpl-love.com\/fr\/wp-json\/wp\/v2\/product"}],"about":[{"href":"https:\/\/gpl-love.com\/fr\/wp-json\/wp\/v2\/types\/product"}],"replies":[{"embeddable":true,"href":"https:\/\/gpl-love.com\/fr\/wp-json\/wp\/v2\/comments?post=118371"}],"wp:featuredmedia":[{"embeddable":true,"href":"https:\/\/gpl-love.com\/fr\/wp-json\/wp\/v2\/media\/143221"}],"wp:attachment":[{"href":"https:\/\/gpl-love.com\/fr\/wp-json\/wp\/v2\/media?parent=118371"}],"wp:term":[{"taxonomy":"product_brand","embeddable":true,"href":"https:\/\/gpl-love.com\/fr\/wp-json\/wp\/v2\/product_brand?post=118371"},{"taxonomy":"product_cat","embeddable":true,"href":"https:\/\/gpl-love.com\/fr\/wp-json\/wp\/v2\/product_cat?post=118371"},{"taxonomy":"product_tag","embeddable":true,"href":"https:\/\/gpl-love.com\/fr\/wp-json\/wp\/v2\/product_tag?post=118371"}],"curies":[{"name":"wp","href":"https:\/\/api.w.org\/{rel}","templated":true}]}}