{"id":118369,"date":"2023-07-07T00:00:00","date_gmt":"2023-07-06T22:00:00","guid":{"rendered":"https:\/\/gpl-love.com\/fr\/produit\/ninja-forms-pour-amp\/"},"modified":"2026-04-10T18:34:13","modified_gmt":"2026-04-10T16:34:13","slug":"ninja-forms-pour-amp","status":"publish","type":"product","link":"https:\/\/gpl-love.com\/fr\/produit\/ninja-forms-pour-amp\/","title":{"rendered":"Ninja Forms pour AMP 1.2.11"},"content":{"rendered":"<h3>Ninja Forms pour AMP Traits<\/h3>\n<p>Les formulaires Ninja pour AMP sont un plugin WordPress incroyablement robuste et convivial, offrant aux propri\u00e9taires de sites Web la possibilit\u00e9 de g\u00e9n\u00e9rer une gamme de formulaires de contact, de sondages, de quiz et de contenu interactif suppl\u00e9mentaire. Ce plugin exceptionnel permet aux individus de construire sans effort des formes sur mesure qui sont m\u00e9ticuleusement optimis\u00e9es pour les pages mobiles acc\u00e9l\u00e9r\u00e9es (AMP). L&rsquo;int\u00e9gration transparente des formulaires Ninja pour AMP avec les it\u00e9rations les plus r\u00e9centes de WordPress et AMP assure des temps de chargement rapides et une exp\u00e9rience utilisateur in\u00e9gal\u00e9e. Que vous g\u00e9rez un blog, une plate-forme de commerce \u00e9lectronique ou un site Web d&rsquo;entreprise, les formulaires Ninja pour AMP sont un outil indispensable qui \u00e9l\u00e8vera sans aucun doute l&rsquo;engagement de votre utilisateur et renforcera vos taux de conversion.<\/p>\n<ul>\n<li>Permet la cr\u00e9ation de formulaires rapides et facile pour les pages mobiles acc\u00e9l\u00e9r\u00e9es (AMP)<\/li>\n<li>Permet d&rsquo;ajouter des formulaires \u00e0 vos pages AMP sans n\u00e9cessiter de comp\u00e9tences de codage<\/li>\n<li>Fournit une exp\u00e9rience utilisateur adapt\u00e9e aux mobiles pour les soumissions de formulaires<\/li>\n<li>Prend en charge divers types de champs de formulaire, y compris le nom, le courrier \u00e9lectronique, le t\u00e9l\u00e9phone, et plus encore<\/li>\n<li>Offre des options de personnalisation pour le style et la mise en page pour correspondre \u00e0 la conception de votre site Web<\/li>\n<li>Compatible avec les services de marketing par e-mail populaires pour l&rsquo;int\u00e9gration de donn\u00e9es transparente<\/li>\n<li>Permet une int\u00e9gration facile de formulaires n&rsquo;importe o\u00f9 sur vos pages d&rsquo;ampli<\/li>\n<li>Interface de glisser-d\u00e9poser simple et intuitive pour cr\u00e9er des formulaires<\/li>\n<li>Pr\u00e9vention des soumissions de spam avec une fonctionnalit\u00e9 RECAPTCHA int\u00e9gr\u00e9e<\/li>\n<li>Comprend une documentation d\u00e9taill\u00e9e et un support client pour le d\u00e9pannage et l&rsquo;assistance<\/li>\n<\/ul>\n","protected":false},"excerpt":{"rendered":"<p>Les formulaires Ninja pour AMP apparaissent comme un plugin WordPress tr\u00e8s puissant qui offre aux utilisateurs la possibilit\u00e9 de fabriquer rapidement et sans effort des formes personnalis\u00e9es propices \u00e0 leur contenu acc\u00e9l\u00e9r\u00e9 de pages mobiles (AMP). En vertu d&rsquo;une interface rationalis\u00e9e et conviviale de glisser-d\u00e9poser, les individus peuvent int\u00e9grer de mani\u00e8re transparente des champs, des \u00e9l\u00e9ments de style taser, \u00e9tablir des actions de soumission et entreprendre une pl\u00e9thore de t\u00e2ches suppl\u00e9mentaires &#8211; toutes m\u00e9ticuleusement optimis\u00e9es pour garantie la rapidit\u00e9 sans \u00e9gal en termes de temps de chargement pour les appareils mobiles. Le fait que son objectif tourne autour de la collecte des coordonn\u00e9es, de la sollicitation de commentaires, de la r\u00e9alisation d&rsquo;enqu\u00eates ou de l&rsquo;acquisition de toute autre forme de contribution, la fonctionnalit\u00e9 transparente des formulaires Ninja pour les utilisateurs AMP autorise \u00e0 \u00e9laborer sans effort la forme quintessentielle qui s&rsquo;adresse de mani\u00e8re transparente \u00e0 leur public mobile.<\/p>\n","protected":false},"featured_media":144772,"comment_status":"open","ping_status":"open","template":"","meta":[],"product_brand":[2447],"product_cat":[1189,1181,1186],"product_tag":[2279],"class_list":{"0":"post-118369","1":"product","2":"type-product","3":"status-publish","4":"has-post-thumbnail","6":"product_brand-amp-wp","7":"product_cat-personnalisation","8":"product_cat-plugins","9":"product_cat-wordpress-plugins","10":"product_tag-amp-wp","11":"member-discount","12":"discount-restricted","14":"first","15":"instock","16":"sale","17":"downloadable","18":"virtual","19":"sold-individually","20":"purchasable","21":"product-type-simple"},"_links":{"self":[{"href":"https:\/\/gpl-love.com\/fr\/wp-json\/wp\/v2\/product\/118369","targetHints":{"allow":["GET"]}}],"collection":[{"href":"https:\/\/gpl-love.com\/fr\/wp-json\/wp\/v2\/product"}],"about":[{"href":"https:\/\/gpl-love.com\/fr\/wp-json\/wp\/v2\/types\/product"}],"replies":[{"embeddable":true,"href":"https:\/\/gpl-love.com\/fr\/wp-json\/wp\/v2\/comments?post=118369"}],"wp:featuredmedia":[{"embeddable":true,"href":"https:\/\/gpl-love.com\/fr\/wp-json\/wp\/v2\/media\/144772"}],"wp:attachment":[{"href":"https:\/\/gpl-love.com\/fr\/wp-json\/wp\/v2\/media?parent=118369"}],"wp:term":[{"taxonomy":"product_brand","embeddable":true,"href":"https:\/\/gpl-love.com\/fr\/wp-json\/wp\/v2\/product_brand?post=118369"},{"taxonomy":"product_cat","embeddable":true,"href":"https:\/\/gpl-love.com\/fr\/wp-json\/wp\/v2\/product_cat?post=118369"},{"taxonomy":"product_tag","embeddable":true,"href":"https:\/\/gpl-love.com\/fr\/wp-json\/wp\/v2\/product_tag?post=118369"}],"curies":[{"name":"wp","href":"https:\/\/api.w.org\/{rel}","templated":true}]}}