{"id":118368,"date":"2025-11-17T00:00:00","date_gmt":"2025-11-16T23:00:00","guid":{"rendered":"https:\/\/gpl-love.com\/fr\/produit\/bookly-group-booking-addon\/"},"modified":"2026-03-20T22:56:51","modified_gmt":"2026-03-20T21:56:51","slug":"bookly-group-booking-addon","status":"publish","type":"product","link":"https:\/\/gpl-love.com\/fr\/produit\/bookly-group-booking-addon\/","title":{"rendered":"Bookly Group Booking Addon 3.2"},"content":{"rendered":"<h3>Bookly Group Booking Addon Traits<\/h3>\n<p>L&rsquo;addon de r\u00e9servation de groupe Bookly, un outil tr\u00e8s puissant, offre aux entreprises un moyen transparent de g\u00e9rer efficacement les r\u00e9servations de groupe. En utilisant cet addon, les entreprises peuvent g\u00e9n\u00e9rer et superviser sans effort les r\u00e9servations de groupe pour leur \u00e9ventail de services divers, \u00e9tablir des limites de la taille des groupes et allouer efficacement les ressources. En outre, l&rsquo;addon poss\u00e8de une personnalisation compl\u00e8te, permettant aux entreprises d&rsquo;\u00e9tablir leurs propres directives et pr\u00e9requis concernant les r\u00e9servations de groupe. De plus, l&rsquo;addon facilite les paiements en ligne, ce qui le rend pratique pour que les clients s&rsquo;affrontent pour leurs r\u00e9servations de groupe. L&rsquo;addon de r\u00e9servation de groupe Bookly se r\u00e9v\u00e8le particuli\u00e8rement avantageux pour les entreprises op\u00e9rant dans les domaines de l&rsquo;hospitalit\u00e9, du tourisme et de la gestion d&rsquo;\u00e9v\u00e9nements, o\u00f9 les r\u00e9servations de groupe sont constamment rencontr\u00e9es. Gr\u00e2ce \u00e0 l&rsquo;utilisation de cet addon, les entreprises ont la capacit\u00e9 de rationaliser leurs proc\u00e9dures de r\u00e9servation de groupe, d&rsquo;\u00e9conomiser du temps et d&rsquo;am\u00e9liorer consid\u00e9rablement les revenus.<\/p>\n<ul>\n<li>Permet aux utilisateurs de faire des r\u00e9servations de groupe pour des rendez-vous, des cours, des \u00e9v\u00e9nements ou des services.<\/li>\n<li>Permet aux organisateurs du groupe de d\u00e9finir le nombre maximum de participants et de s\u00e9lectionner les plages horaires disponibles.<\/li>\n<li>Fournit un calendrier de disponibilit\u00e9 en temps r\u00e9el qui emp\u00eache les r\u00e9servations et la surr\u00e9servation contradictoires.<\/li>\n<li>Envoie des confirmations, des rappels et des notifications automatiques aux membres du groupe et aux organisateurs.<\/li>\n<li>S&rsquo;int\u00e8gre \u00e0 diverses passerelles de paiement pour percevoir des frais de r\u00e9servation, des d\u00e9p\u00f4ts ou des paiements complets.<\/li>\n<li>Offre des options de personnalisation flexibles pour le formulaire de r\u00e9servation, les mod\u00e8les de messagerie et les r\u00e8gles de r\u00e9servation.<\/li>\n<li>Prend en charge plusieurs langues et devises pour les r\u00e9servations internationales.<\/li>\n<li>Fonctionne de mani\u00e8re transparente avec Bookly Pro et d&rsquo;autres modules compl\u00e9mentaires Bookly.<\/li>\n<li>Fournit une documentation compl\u00e8te, des tutoriels et une prise en charge pour une configuration et une utilisation faciles.<\/li>\n<li>Aide les entreprises et les organisations \u00e0 augmenter leurs revenus, leur satisfaction client et leur efficacit\u00e9 en simplifiant les r\u00e9servations de groupe.<\/li>\n<\/ul>\n","protected":false},"excerpt":{"rendered":"<p>D\u00e9couvrez la puissance de l&rsquo;addon de r\u00e9servation de groupe Bookly, un outil de pointe con\u00e7u pour r\u00e9volutionner votre processus de r\u00e9servation. Cet addon vous permet de g\u00e9rer plusieurs r\u00e9servations simultan\u00e9ment, ce qui en fait un atout pr\u00e9cieux pour les entreprises de toutes tailles. Avec son interface facile \u00e0 utiliser, vous pouvez planifier rapidement les r\u00e9servations de groupe, ce qui vous permet d&rsquo;\u00e9conomiser du temps et des ressources pr\u00e9cieux. Que vous poss\u00e9diez un studio de fitness, un centre de tutorat ou de g\u00e9rer une entreprise de guide, l&rsquo;addon de r\u00e9servation de groupe Bookly est con\u00e7u pour rationaliser vos op\u00e9rations, am\u00e9liorer la satisfaction du client et finalement augmenter vos r\u00e9sultats. D\u00e9couvrez les avantages de la gestion efficace de la r\u00e9servation avec Bookly Group Booking Addon.<\/p>\n","protected":false},"featured_media":143279,"comment_status":"open","ping_status":"open","template":"","meta":[],"product_brand":[2435],"product_cat":[1189,1181,1186],"product_tag":[1231],"class_list":{"0":"post-118368","1":"product","2":"type-product","3":"status-publish","4":"has-post-thumbnail","6":"product_brand-codecanyon","7":"product_cat-personnalisation","8":"product_cat-plugins","9":"product_cat-wordpress-plugins","10":"product_tag-codecanyon","11":"member-discount","12":"discount-restricted","14":"first","15":"instock","16":"sale","17":"downloadable","18":"virtual","19":"sold-individually","20":"purchasable","21":"product-type-simple"},"_links":{"self":[{"href":"https:\/\/gpl-love.com\/fr\/wp-json\/wp\/v2\/product\/118368","targetHints":{"allow":["GET"]}}],"collection":[{"href":"https:\/\/gpl-love.com\/fr\/wp-json\/wp\/v2\/product"}],"about":[{"href":"https:\/\/gpl-love.com\/fr\/wp-json\/wp\/v2\/types\/product"}],"replies":[{"embeddable":true,"href":"https:\/\/gpl-love.com\/fr\/wp-json\/wp\/v2\/comments?post=118368"}],"wp:featuredmedia":[{"embeddable":true,"href":"https:\/\/gpl-love.com\/fr\/wp-json\/wp\/v2\/media\/143279"}],"wp:attachment":[{"href":"https:\/\/gpl-love.com\/fr\/wp-json\/wp\/v2\/media?parent=118368"}],"wp:term":[{"taxonomy":"product_brand","embeddable":true,"href":"https:\/\/gpl-love.com\/fr\/wp-json\/wp\/v2\/product_brand?post=118368"},{"taxonomy":"product_cat","embeddable":true,"href":"https:\/\/gpl-love.com\/fr\/wp-json\/wp\/v2\/product_cat?post=118368"},{"taxonomy":"product_tag","embeddable":true,"href":"https:\/\/gpl-love.com\/fr\/wp-json\/wp\/v2\/product_tag?post=118368"}],"curies":[{"name":"wp","href":"https:\/\/api.w.org\/{rel}","templated":true}]}}