{"id":118367,"date":"2025-11-17T00:00:00","date_gmt":"2025-11-16T23:00:00","guid":{"rendered":"https:\/\/gpl-love.com\/fr\/produit\/bookly-ratings\/"},"modified":"2026-03-20T22:57:00","modified_gmt":"2026-03-20T21:57:00","slug":"bookly-ratings","status":"publish","type":"product","link":"https:\/\/gpl-love.com\/fr\/produit\/bookly-ratings\/","title":{"rendered":"Bookly Ratings 3.1"},"content":{"rendered":"<h3>Bookly Ratings Traits<\/h3>\n<p>Bookly Ratings, un outil de pointe, a \u00e9t\u00e9 ing\u00e9nieusement d\u00e9velopp\u00e9e pour r\u00e9pondre aux besoins des amateurs de livres dans leur qu\u00eate pour trouver leur prochain joyau litt\u00e9raire. Cette plate-forme remarquablement avanc\u00e9e permet aux utilisateurs un vaste r\u00e9pertoire de notes fiables et m\u00e9ticuleusement pr\u00e9cises concernant une gamme diversifi\u00e9e de livres, provenant de id\u00e9es inestimables fournies par de v\u00e9ritables lecteurs. En utilisant des notes en faveur de Bookly, les individus peuvent sans effort naviguer dans une vaste s\u00e9lection d&rsquo;\u0153uvres litt\u00e9raires, en les triageant selon les genres, les auteurs ou m\u00eame les titres, leur accordant ainsi un acc\u00e8s rapide \u00e0 une richesse d&rsquo;informations d\u00e9taill\u00e9es englobant la note, les critiques de chaque livre, et synopsis. Cette fonctionnalit\u00e9 inestimable offre aux utilisateurs les connaissances requises pour faire des choix judicieux concernant leurs s\u00e9lections de lecture, \u00e9liquant efficacement les pi\u00e8ges redout\u00e9s d&rsquo;investir du temps et de l&rsquo;argent pr\u00e9cieux sur des livres qui ne captivent pas leurs int\u00e9r\u00eats ou s&rsquo;alignent sur leurs attentes. Que l&rsquo;on soit un lecteur occasionnel qui se talte simplement dans les domaines de la litt\u00e9rature ou un fervent bibliophile dans la poursuite de leur prochaine obsession litt\u00e9raire, les \u00e9valuations de Bookly servent ind\u00e9niablement de v\u00e9ritable aubaine pour faciliter la d\u00e9couverte de son chef-d&rsquo;\u0153uvre litt\u00e9raire nascent.<\/p>\n<ul>\n<li>Suivre et stocker avec pr\u00e9cision les cotes des clients pour votre entreprise<\/li>\n<li>Un nombre illimit\u00e9 de notes peut \u00eatre enregistr\u00e9 et analys\u00e9<\/li>\n<li>Les mises \u00e0 jour en temps r\u00e9el vous permettent de voir vos notes instantan\u00e9ment<\/li>\n<li>Syst\u00e8me de notation personnalisable pour r\u00e9pondre aux besoins et objectifs de votre entreprise<\/li>\n<li>Interface facile \u00e0 utiliser pour les clients et le personnel<\/li>\n<li>Int\u00e9gration avec un logiciel de planification Bookly pour la gestion rationalis\u00e9e<\/li>\n<li>Les analyses et les rapports d\u00e9taill\u00e9s vous permettent de voir les mod\u00e8les et d&rsquo;am\u00e9liorer la satisfaction du client<\/li>\n<li>Un outil pr\u00e9cieux pour b\u00e2tir votre r\u00e9putation en ligne et augmenter la confiance des clients<\/li>\n<li>Compatible avec plusieurs plates-formes et appareils pour un acc\u00e8s pratique<\/li>\n<li>Stockage et protection des donn\u00e9es s\u00e9curis\u00e9es pour la confidentialit\u00e9 des clients<\/li>\n<\/ul>\n","protected":false},"excerpt":{"rendered":"<p>D\u00e9couvrez la puissance des \u00e9valuations Bookly, un outil innovant con\u00e7u pour \u00e9lever votre exp\u00e9rience de lecture. Que vous soyez un lecteur passionn\u00e9, un membre du club de lecture ou un passionn\u00e9 de litt\u00e9raire, Bookly Ratings vous offre une plate-forme unique pour \u00e9valuer et revoir vos lectures pr\u00e9f\u00e9r\u00e9es. Ce n&rsquo;est pas seulement une application; C&rsquo;est une communaut\u00e9 d&rsquo;amateurs de livres qui partagent leurs pens\u00e9es et leurs opinions sur divers livres. Imaginez avoir une biblioth\u00e8que virtuelle \u00e0 port\u00e9e de main o\u00f9 vous pouvez acc\u00e9der aux notes et aux avis \u00e0 tout moment, n&rsquo;importe o\u00f9. Cette plate-forme conviviale vous permet non seulement de partager vos avis, mais vous fournit \u00e9galement des recommandations en fonction de vos pr\u00e9f\u00e9rences de lecture. Avec Bookly Notes, vous ne lisez pas seulement un livre; Vous en faites l&rsquo;exp\u00e9rience. Alors pourquoi attendre? Plongez dans le monde des livres avec des notes Bookly aujourd&rsquo;hui!<\/p>\n","protected":false},"featured_media":143289,"comment_status":"open","ping_status":"open","template":"","meta":[],"product_brand":[2435],"product_cat":[1189,1181,1186],"product_tag":[1231],"class_list":{"0":"post-118367","1":"product","2":"type-product","3":"status-publish","4":"has-post-thumbnail","6":"product_brand-codecanyon","7":"product_cat-personnalisation","8":"product_cat-plugins","9":"product_cat-wordpress-plugins","10":"product_tag-codecanyon","11":"member-discount","12":"discount-restricted","14":"first","15":"instock","16":"sale","17":"downloadable","18":"virtual","19":"sold-individually","20":"purchasable","21":"product-type-simple"},"_links":{"self":[{"href":"https:\/\/gpl-love.com\/fr\/wp-json\/wp\/v2\/product\/118367","targetHints":{"allow":["GET"]}}],"collection":[{"href":"https:\/\/gpl-love.com\/fr\/wp-json\/wp\/v2\/product"}],"about":[{"href":"https:\/\/gpl-love.com\/fr\/wp-json\/wp\/v2\/types\/product"}],"replies":[{"embeddable":true,"href":"https:\/\/gpl-love.com\/fr\/wp-json\/wp\/v2\/comments?post=118367"}],"wp:featuredmedia":[{"embeddable":true,"href":"https:\/\/gpl-love.com\/fr\/wp-json\/wp\/v2\/media\/143289"}],"wp:attachment":[{"href":"https:\/\/gpl-love.com\/fr\/wp-json\/wp\/v2\/media?parent=118367"}],"wp:term":[{"taxonomy":"product_brand","embeddable":true,"href":"https:\/\/gpl-love.com\/fr\/wp-json\/wp\/v2\/product_brand?post=118367"},{"taxonomy":"product_cat","embeddable":true,"href":"https:\/\/gpl-love.com\/fr\/wp-json\/wp\/v2\/product_cat?post=118367"},{"taxonomy":"product_tag","embeddable":true,"href":"https:\/\/gpl-love.com\/fr\/wp-json\/wp\/v2\/product_tag?post=118367"}],"curies":[{"name":"wp","href":"https:\/\/api.w.org\/{rel}","templated":true}]}}