{"id":118366,"date":"2025-11-14T00:00:00","date_gmt":"2025-11-13T23:00:00","guid":{"rendered":"https:\/\/gpl-love.com\/fr\/produit\/bookly-custom-fields-addon\/"},"modified":"2026-03-20T22:56:45","modified_gmt":"2026-03-20T21:56:45","slug":"bookly-custom-fields-addon","status":"publish","type":"product","link":"https:\/\/gpl-love.com\/fr\/produit\/bookly-custom-fields-addon\/","title":{"rendered":"Bookly Custom Fields Addon 5.0"},"content":{"rendered":"<h3>Bookly Custom Fields Addon Traits<\/h3>\n<p>Addon Fields Custom Bookly, un outil remarquablement robuste, donne aux utilisateurs la possibilit\u00e9 de g\u00e9n\u00e9rer leurs propres champs personnalis\u00e9s \u00e0 utiliser dans leurs formulaires de r\u00e9servation. Cet addon exceptionnel s&rsquo;av\u00e8re \u00eatre un atout inestimable pour les entreprises qui n\u00e9cessitent l&rsquo;achat d&rsquo;informations pr\u00e9cises de leurs clients, leur permettant ainsi d&rsquo;offrir le plus grand nombre de services de service. Avec des champs personnalis\u00e9s complets, les utilisateurs sont en mesure d&rsquo;incorporer une myriade de champs tels que des cases \u00e0 cocher, des boutons radio et des champs de texte dans leurs formulaires de r\u00e9servation. Un tel addon est non seulement navigable sans effort mais aussi remarquablement adaptable, permettant aux utilisateurs d&rsquo;adapter leurs formulaires en fonction de leurs conditions uniques. Peu importe que l&rsquo;on soit propri\u00e9taire d&rsquo;un \u00e9tablissement \u00e0 \u00e9chelle modeste ou d&rsquo;un conglom\u00e9rat de proportions consid\u00e9rables, des champs personnalis\u00e9s sont en mesure d&rsquo;aider \u00e0 rationaliser le processus de r\u00e9servation tout en \u00e9levant simultan\u00e9ment l&rsquo;exp\u00e9rience client \u00e0 des hauteurs sans pr\u00e9c\u00e9dent.<\/p>\n<ul>\n<li>Permet aux utilisateurs d&rsquo;ajouter et de collecter des informations suppl\u00e9mentaires aupr\u00e8s des clients pendant le processus de r\u00e9servation<\/li>\n<li>Offre une flexibilit\u00e9 pour personnaliser les formulaires de r\u00e9servation pour r\u00e9pondre aux besoins commerciaux<\/li>\n<li>Permet la cr\u00e9ation de champs obligatoires et facultatifs pour garantir que des informations compl\u00e8tes et pr\u00e9cises sont collect\u00e9es<\/li>\n<li>Compatible avec les constructeurs de formulaires populaires tels que les formulaires de gravit\u00e9 et le formulaire de contact 7<\/li>\n<li>Int\u00e9gre parfaitement le plugin de base Bookly Base<\/li>\n<li>Rationalise le processus de r\u00e9servation en r\u00e9duisant le besoin de communication de suivi avec les clients<\/li>\n<li>Am\u00e9liore l&rsquo;exp\u00e9rience client en fournissant un formulaire de r\u00e9servation complet<\/li>\n<\/ul>\n","protected":false},"excerpt":{"rendered":"<p>L&rsquo;Addon de champs Custom Fields est un outil remarquable con\u00e7u pour am\u00e9liorer votre syst\u00e8me de r\u00e9servation en ligne. Cet addon vous offre la flexibilit\u00e9 pour personnaliser votre formulaire de r\u00e9servation, vous donnant un contr\u00f4le complet sur les informations que vous collectez aupr\u00e8s de vos clients. Il permet un service plus personnalis\u00e9, en vous assurant de rassembler tous les d\u00e9tails n\u00e9cessaires pour chaque rendez-vous. Que vous ayez besoin d&rsquo;ajouter des champs pour des instructions sp\u00e9cifiques, des pr\u00e9f\u00e9rences personnelles ou des ant\u00e9c\u00e9dents m\u00e9dicaux, l&rsquo;addon de champs Custom Fields le rend sans effort. Cet addon est convivial et peut facilement \u00eatre int\u00e9gr\u00e9 dans votre syst\u00e8me existant. Am\u00e9liorez votre exp\u00e9rience de r\u00e9servation en ligne avec l&rsquo;addon de champs de Bookly Custom.<\/p>\n","protected":false},"featured_media":143273,"comment_status":"open","ping_status":"open","template":"","meta":[],"product_brand":[2435],"product_cat":[1189,1181,1186],"product_tag":[1231],"class_list":{"0":"post-118366","1":"product","2":"type-product","3":"status-publish","4":"has-post-thumbnail","6":"product_brand-codecanyon","7":"product_cat-personnalisation","8":"product_cat-plugins","9":"product_cat-wordpress-plugins","10":"product_tag-codecanyon","11":"member-discount","12":"discount-restricted","14":"first","15":"instock","16":"sale","17":"downloadable","18":"virtual","19":"sold-individually","20":"purchasable","21":"product-type-simple"},"_links":{"self":[{"href":"https:\/\/gpl-love.com\/fr\/wp-json\/wp\/v2\/product\/118366","targetHints":{"allow":["GET"]}}],"collection":[{"href":"https:\/\/gpl-love.com\/fr\/wp-json\/wp\/v2\/product"}],"about":[{"href":"https:\/\/gpl-love.com\/fr\/wp-json\/wp\/v2\/types\/product"}],"replies":[{"embeddable":true,"href":"https:\/\/gpl-love.com\/fr\/wp-json\/wp\/v2\/comments?post=118366"}],"wp:featuredmedia":[{"embeddable":true,"href":"https:\/\/gpl-love.com\/fr\/wp-json\/wp\/v2\/media\/143273"}],"wp:attachment":[{"href":"https:\/\/gpl-love.com\/fr\/wp-json\/wp\/v2\/media?parent=118366"}],"wp:term":[{"taxonomy":"product_brand","embeddable":true,"href":"https:\/\/gpl-love.com\/fr\/wp-json\/wp\/v2\/product_brand?post=118366"},{"taxonomy":"product_cat","embeddable":true,"href":"https:\/\/gpl-love.com\/fr\/wp-json\/wp\/v2\/product_cat?post=118366"},{"taxonomy":"product_tag","embeddable":true,"href":"https:\/\/gpl-love.com\/fr\/wp-json\/wp\/v2\/product_tag?post=118366"}],"curies":[{"name":"wp","href":"https:\/\/api.w.org\/{rel}","templated":true}]}}