{"id":118365,"date":"2024-05-07T00:00:00","date_gmt":"2024-05-06T22:00:00","guid":{"rendered":"https:\/\/gpl-love.com\/fr\/produit\/bookly-special-days-addon\/"},"modified":"2026-03-20T22:57:02","modified_gmt":"2026-03-20T21:57:02","slug":"bookly-special-days-addon","status":"publish","type":"product","link":"https:\/\/gpl-love.com\/fr\/produit\/bookly-special-days-addon\/","title":{"rendered":"Bookly Special Days Addon 5.1"},"content":{"rendered":"<h3>Bookly Special Days Addon Traits<\/h3>\n<p>L&rsquo;Addon de Bookly Special Days, un outil indispensable pour les entreprises visant \u00e0 rationaliser et \u00e0 enrichir leur processus de r\u00e9servation de rendez-vous, sert de choix optimal. \u00c9quip\u00e9s de cet addon, les utilisateurs peuvent \u00e9tablir sans effort des formulaires de r\u00e9servation sur mesure qui s&rsquo;adressent \u00e0 des \u00e9v\u00e9nements sp\u00e9ciaux comme les anniversaires, les anniversaires et les vacances. Charge avec une pl\u00e9thore de fonctionnalit\u00e9s, l&rsquo;addon permet aux utilisateurs de configurer des prix et des remises personnalis\u00e9s, int\u00e9grer des certificats-cadeaux et des codes promotionnels et exp\u00e9dier des rappels automatis\u00e9s \u00e0 leur client\u00e8le estim\u00e9e. En conclusion, l&rsquo;addon de Bookly Special Days est une solution robuste et tr\u00e8s efficace, garantissant que les entreprises offrent \u00e0 leurs clients une exp\u00e9rience de r\u00e9servation personnalis\u00e9e et sans effort.<\/p>\n<ul>\n<li>\u00c9tend le syst\u00e8me de r\u00e9servation en ligne de Bookly pour inclure des jours sp\u00e9ciaux tels que les vacances, les anniversaires et les anniversaires.<\/li>\n<li>Permet aux entreprises de cr\u00e9er des promotions et des forfaits sp\u00e9ciaux personnalis\u00e9s pour leurs clients.<\/li>\n<li>Prend en charge les rappels et notifications par e-mail automatiques pour les jours sp\u00e9ciaux.<\/li>\n<li>Permet aux entreprises de collecter et de stocker des informations sur les clients li\u00e9es aux jours sp\u00e9ciaux, tels que les pr\u00e9f\u00e9rences des cadeaux ou les restrictions alimentaires.<\/li>\n<li>Offre une int\u00e9gration facile avec le plugin de planification Bookly Pro.<\/li>\n<li>Fournit aux entreprises des donn\u00e9es pr\u00e9cieuses sur le comportement des clients et les pr\u00e9f\u00e9rences li\u00e9es aux jours sp\u00e9ciaux.<\/li>\n<\/ul>\n","protected":false},"excerpt":{"rendered":"<p>Am\u00e9liorez votre exp\u00e9rience de planification avec notre addon aux jours sp\u00e9ciaux. Cette fonctionnalit\u00e9 unique vous permet de personnaliser vos horaires de travail pour des occasions sp\u00e9ciales. Qu&rsquo;il s&rsquo;agisse d&rsquo;une p\u00e9riode des f\u00eates, d&rsquo;un \u00e9v\u00e9nement personnel ou d&rsquo;un changement soudain dans votre routine, l&rsquo;addon de jours sp\u00e9ciaux peut ajuster votre horaire en cons\u00e9quence. Cet addon propose une interface intuitive, ce qui facilite la marque de vos journ\u00e9es sp\u00e9ciales et d&rsquo;ajuster vos services et vos heures de personnel. C&rsquo;est un excellent moyen de g\u00e9rer des changements inattendus, garantir que votre entreprise se d\u00e9roule bien, peu importe ce que la journ\u00e9e apporte. Profitez de la commodit\u00e9 de la planification flexible avec l&rsquo;addon de Bookly Special Days.<\/p>\n","protected":false},"featured_media":143292,"comment_status":"open","ping_status":"open","template":"","meta":[],"product_brand":[2435],"product_cat":[1189,1181,1186],"product_tag":[1231],"class_list":{"0":"post-118365","1":"product","2":"type-product","3":"status-publish","4":"has-post-thumbnail","6":"product_brand-codecanyon","7":"product_cat-personnalisation","8":"product_cat-plugins","9":"product_cat-wordpress-plugins","10":"product_tag-codecanyon","11":"member-discount","12":"discount-restricted","14":"first","15":"instock","16":"sale","17":"downloadable","18":"virtual","19":"sold-individually","20":"purchasable","21":"product-type-simple"},"_links":{"self":[{"href":"https:\/\/gpl-love.com\/fr\/wp-json\/wp\/v2\/product\/118365","targetHints":{"allow":["GET"]}}],"collection":[{"href":"https:\/\/gpl-love.com\/fr\/wp-json\/wp\/v2\/product"}],"about":[{"href":"https:\/\/gpl-love.com\/fr\/wp-json\/wp\/v2\/types\/product"}],"replies":[{"embeddable":true,"href":"https:\/\/gpl-love.com\/fr\/wp-json\/wp\/v2\/comments?post=118365"}],"wp:featuredmedia":[{"embeddable":true,"href":"https:\/\/gpl-love.com\/fr\/wp-json\/wp\/v2\/media\/143292"}],"wp:attachment":[{"href":"https:\/\/gpl-love.com\/fr\/wp-json\/wp\/v2\/media?parent=118365"}],"wp:term":[{"taxonomy":"product_brand","embeddable":true,"href":"https:\/\/gpl-love.com\/fr\/wp-json\/wp\/v2\/product_brand?post=118365"},{"taxonomy":"product_cat","embeddable":true,"href":"https:\/\/gpl-love.com\/fr\/wp-json\/wp\/v2\/product_cat?post=118365"},{"taxonomy":"product_tag","embeddable":true,"href":"https:\/\/gpl-love.com\/fr\/wp-json\/wp\/v2\/product_tag?post=118365"}],"curies":[{"name":"wp","href":"https:\/\/api.w.org\/{rel}","templated":true}]}}