{"id":118364,"date":"2025-11-14T00:00:00","date_gmt":"2025-11-13T23:00:00","guid":{"rendered":"https:\/\/gpl-love.com\/fr\/produit\/bookly-locations\/"},"modified":"2026-03-20T22:56:52","modified_gmt":"2026-03-20T21:56:52","slug":"bookly-locations","status":"publish","type":"product","link":"https:\/\/gpl-love.com\/fr\/produit\/bookly-locations\/","title":{"rendered":"Bookly Locations 6.2"},"content":{"rendered":"<h3>Bookly Locations Traits<\/h3>\n<p>Bookly Locations propose une solution robuste et efficace pour les entreprises qui cherchent \u00e0 optimiser et \u00e0 rationaliser leurs op\u00e9rations de planification. Ce logiciel pr\u00e9sente aux utilisateurs une myriade de capacit\u00e9s qui leur permettent de superviser et de coordonner sans effort plusieurs emplacements via un tableau de bord unifi\u00e9. En tirant parti de cette technologie, les entreprises peuvent surveiller et g\u00e9rer efficacement les rendez-vous et les horaires du personnel dans l&rsquo;ensemble de leur organisation. De plus, le syst\u00e8me poss\u00e8de une adaptabilit\u00e9 remarquable, offrant aux utilisateurs la possibilit\u00e9 de personnaliser les prix, la disponibilit\u00e9 et les dur\u00e9es de rendez-vous pour chaque emplacement sp\u00e9cifique. En outre, les entreprises peuvent g\u00e9n\u00e9rer et administrer sans effort les profils du personnel, facilitant l&rsquo;affectation de membres distincts de l&rsquo;\u00e9quipe \u00e0 divers emplacements et services. Par cons\u00e9quent, les emplacements Bookly sert d&rsquo;atout indispensable pour toute entreprise visant \u00e0 simplifier leurs processus de planification et \u00e0 am\u00e9liorer leur performance financi\u00e8re.<\/p>\n<ul>\n<li>G\u00e9rer sans effort plusieurs emplacements avec des emplacements boursiers<\/li>\n<li>Ajoutez ou supprimez facilement les emplacements \u00e0 votre syst\u00e8me de r\u00e9servation de rendez-vous en ligne<\/li>\n<li>Personnaliser les services et les prix sp\u00e9cifiques \u00e0 la localisation<\/li>\n<li>Afficher et g\u00e9rer les rendez-vous par emplacement<\/li>\n<li>Affecter les membres du personnel \u00e0 des emplacements sp\u00e9cifiques<\/li>\n<li>G\u00e9n\u00e9rer des rapports et des statistiques sp\u00e9cifiques \u00e0 la localisation<\/li>\n<li>Basculer facilement entre les emplacements dans le tableau de bord Bookly<\/li>\n<li>Am\u00e9liorez l&rsquo;exp\u00e9rience client avec la marque et la messagerie sp\u00e9cifiques \u00e0 la localisation<\/li>\n<li>Int\u00e9grez de mani\u00e8re transparente les emplacements Bookly avec votre site Web ou votre plateforme de r\u00e9servation existante<\/li>\n<li>Acc\u00e9dez \u00e0 un support client 24\/7 pour toute question ou pr\u00e9occupation.<\/li>\n<\/ul>\n","protected":false},"excerpt":{"rendered":"<p>Bookly Locations est un module compl\u00e9mentaire essentiel pour le plugin Bookly Pro pour WordPress. Avec ce plugin polyvalent, vous pouvez g\u00e9rer efficacement plusieurs emplacements pour votre entreprise. Il est parfait pour les entreprises avec plusieurs succursales ou pour les professionnels qui sont constamment en mouvement. Ce plugin permet \u00e0 vos clients de choisir un emplacement le plus pratique pour eux avant de prendre rendez-vous. Non seulement cela fait gagner du temps, mais cela am\u00e9liore \u00e9galement l&rsquo;exp\u00e9rience client en leur offrant des options qui r\u00e9pondent le mieux \u00e0 leurs besoins. Avec des emplacements boursiers, la gestion de vos rendez-vous \u00e0 diff\u00e9rents endroits devient un jeu d&rsquo;enfant. D\u00e9couvrez les avantages de ce plugin et assurez-vous que votre entreprise fonctionne bien, peu importe o\u00f9 vous ou vos clients.<\/p>\n","protected":false},"featured_media":143281,"comment_status":"open","ping_status":"open","template":"","meta":[],"product_brand":[2435],"product_cat":[1189,1181,1186],"product_tag":[1231],"class_list":{"0":"post-118364","1":"product","2":"type-product","3":"status-publish","4":"has-post-thumbnail","6":"product_brand-codecanyon","7":"product_cat-personnalisation","8":"product_cat-plugins","9":"product_cat-wordpress-plugins","10":"product_tag-codecanyon","11":"member-discount","12":"discount-restricted","14":"first","15":"instock","16":"sale","17":"downloadable","18":"virtual","19":"sold-individually","20":"purchasable","21":"product-type-simple"},"_links":{"self":[{"href":"https:\/\/gpl-love.com\/fr\/wp-json\/wp\/v2\/product\/118364","targetHints":{"allow":["GET"]}}],"collection":[{"href":"https:\/\/gpl-love.com\/fr\/wp-json\/wp\/v2\/product"}],"about":[{"href":"https:\/\/gpl-love.com\/fr\/wp-json\/wp\/v2\/types\/product"}],"replies":[{"embeddable":true,"href":"https:\/\/gpl-love.com\/fr\/wp-json\/wp\/v2\/comments?post=118364"}],"wp:featuredmedia":[{"embeddable":true,"href":"https:\/\/gpl-love.com\/fr\/wp-json\/wp\/v2\/media\/143281"}],"wp:attachment":[{"href":"https:\/\/gpl-love.com\/fr\/wp-json\/wp\/v2\/media?parent=118364"}],"wp:term":[{"taxonomy":"product_brand","embeddable":true,"href":"https:\/\/gpl-love.com\/fr\/wp-json\/wp\/v2\/product_brand?post=118364"},{"taxonomy":"product_cat","embeddable":true,"href":"https:\/\/gpl-love.com\/fr\/wp-json\/wp\/v2\/product_cat?post=118364"},{"taxonomy":"product_tag","embeddable":true,"href":"https:\/\/gpl-love.com\/fr\/wp-json\/wp\/v2\/product_tag?post=118364"}],"curies":[{"name":"wp","href":"https:\/\/api.w.org\/{rel}","templated":true}]}}