{"id":118363,"date":"2025-11-17T00:00:00","date_gmt":"2025-11-16T23:00:00","guid":{"rendered":"https:\/\/gpl-love.com\/fr\/produit\/bookly-staff-cabinet-addon\/"},"modified":"2026-03-20T22:57:06","modified_gmt":"2026-03-20T21:57:06","slug":"bookly-staff-cabinet-addon","status":"publish","type":"product","link":"https:\/\/gpl-love.com\/fr\/produit\/bookly-staff-cabinet-addon\/","title":{"rendered":"Bookly Staff Cabinet Addon 5.9"},"content":{"rendered":"<h3>Bookly Staff Cabinet Addon Traits<\/h3>\n<p>L&rsquo;addon de cabinet de personnel Bookly s&rsquo;av\u00e8re \u00eatre un outil extr\u00eamement robuste et puissant, servant de ressource indispensable pour les entreprises cherchant \u00e0 am\u00e9liorer l&rsquo;efficacit\u00e9 de la gestion du personnel. Cet addon remarquable permet aux utilisateurs d&rsquo;organiser et de d\u00e9signer sans effort les horaires, d&rsquo;attribuer des affectations, de superviser les profils des employ\u00e9s et de prendre de nombreuses autres t\u00e2ches essentielles. En outre, l&rsquo;interface conviviale assure un acc\u00e8s transparent \u00e0 toutes les informations requises, tandis que la possibilit\u00e9 d&rsquo;adapter le logiciel pour r\u00e9pondre aux exigences distinctes des entreprises via ses options personnalisables est une fonctionnalit\u00e9 inestimable. Par cons\u00e9quent, l&rsquo;addon de cabinet de personnel Bookly \u00e9conomise consid\u00e9rablement le temps et rationalise les op\u00e9rations, devenant ainsi un atout essentiel pour toute entreprise aspirant \u00e0 maximiser la productivit\u00e9 et \u00e0 minimiser les erreurs.<\/p>\n<ul>\n<li>Solution de stockage s\u00e9curis\u00e9e pour les effets personnels des membres du personnel<\/li>\n<li>Fait de mat\u00e9riaux durables pour assurer la long\u00e9vit\u00e9<\/li>\n<li>\u00c9tag\u00e8res r\u00e9glables pour accueillir divers articles et effets personnels<\/li>\n<li>Porte verrouillable pour une s\u00e9curit\u00e9 suppl\u00e9mentaire<\/li>\n<li>Personnalisation facultative avec les couleurs et le logo de votre marque<\/li>\n<li>Facile \u00e0 installer avec des instructions \u00e9tape par \u00e9tape et tout le mat\u00e9riel n\u00e9cessaire inclus<\/li>\n<li>Compatible avec Bookly Pro et Bookly Lite Plugins pour une int\u00e9gration transparente dans votre syst\u00e8me de r\u00e9servation<\/li>\n<li>\u00c9conomise de l&rsquo;espace en \u00e9liminant le besoin d&rsquo;unit\u00e9s de stockage s\u00e9par\u00e9es pour chaque membre du personnel<\/li>\n<li>Am\u00e9liore l&rsquo;organisation et l&rsquo;efficacit\u00e9 sur votre lieu de travail en fournissant un emplacement d\u00e9sign\u00e9 pour les effets personnels du personnel.<\/li>\n<\/ul>\n","protected":false},"excerpt":{"rendered":"<p>Explorez les avantages de Bookly Staff Cabinet Addon, un outil puissant con\u00e7u pour rationaliser vos op\u00e9rations commerciales. Avec cet addon, vous pouvez g\u00e9rer efficacement les horaires, les responsabilit\u00e9s de votre personnel et la dynamique globale du travail. C&rsquo;est un atout inestimable pour les superviseurs et les chefs d&rsquo;\u00e9quipe, permettant une gestion efficace de l&rsquo;\u00e9quipe et une allocation des ressources.<\/p>\n<p>Le Cabinet Addon de Bookly Staff offre aux membres du personnel leur propre connexion personnelle, apportant un nouveau niveau d&rsquo;autonomie et de transparence \u00e0 vos op\u00e9rations. Chaque membre du personnel peut acc\u00e9der \u00e0 son horaire, g\u00e9rer les rendez-vous et communiquer directement avec les clients. Cela fait non seulement gagner du temps, mais am\u00e9liore \u00e9galement l&rsquo;exp\u00e9rience client globale.<\/p>\n<p>De plus, cet addon s&rsquo;int\u00e8gre parfaitement au plugin Bookly Pro, garantissant une interface coh\u00e9rente et conviviale pour votre personnel. Il r\u00e9duit consid\u00e9rablement la courbe d&rsquo;apprentissage, permettant \u00e0 votre \u00e9quipe de naviguer et d&rsquo;utiliser facilement le logiciel.<\/p>\n<p>L&rsquo;addon de cabinet de personnel Bookly est un incontournable pour les entreprises visant \u00e0 optimiser leurs op\u00e9rations et \u00e0 fournir \u00e0 leur personnel un outil rationalis\u00e9 et intuitif. Avec cet addon, vous n&rsquo;\u00eates pas seulement<\/p>\n","protected":false},"featured_media":143294,"comment_status":"open","ping_status":"open","template":"","meta":[],"product_brand":[2435],"product_cat":[1189,1181,1186],"product_tag":[1231],"class_list":{"0":"post-118363","1":"product","2":"type-product","3":"status-publish","4":"has-post-thumbnail","6":"product_brand-codecanyon","7":"product_cat-personnalisation","8":"product_cat-plugins","9":"product_cat-wordpress-plugins","10":"product_tag-codecanyon","11":"member-discount","12":"discount-restricted","14":"first","15":"instock","16":"sale","17":"downloadable","18":"virtual","19":"sold-individually","20":"purchasable","21":"product-type-simple"},"_links":{"self":[{"href":"https:\/\/gpl-love.com\/fr\/wp-json\/wp\/v2\/product\/118363","targetHints":{"allow":["GET"]}}],"collection":[{"href":"https:\/\/gpl-love.com\/fr\/wp-json\/wp\/v2\/product"}],"about":[{"href":"https:\/\/gpl-love.com\/fr\/wp-json\/wp\/v2\/types\/product"}],"replies":[{"embeddable":true,"href":"https:\/\/gpl-love.com\/fr\/wp-json\/wp\/v2\/comments?post=118363"}],"wp:featuredmedia":[{"embeddable":true,"href":"https:\/\/gpl-love.com\/fr\/wp-json\/wp\/v2\/media\/143294"}],"wp:attachment":[{"href":"https:\/\/gpl-love.com\/fr\/wp-json\/wp\/v2\/media?parent=118363"}],"wp:term":[{"taxonomy":"product_brand","embeddable":true,"href":"https:\/\/gpl-love.com\/fr\/wp-json\/wp\/v2\/product_brand?post=118363"},{"taxonomy":"product_cat","embeddable":true,"href":"https:\/\/gpl-love.com\/fr\/wp-json\/wp\/v2\/product_cat?post=118363"},{"taxonomy":"product_tag","embeddable":true,"href":"https:\/\/gpl-love.com\/fr\/wp-json\/wp\/v2\/product_tag?post=118363"}],"curies":[{"name":"wp","href":"https:\/\/api.w.org\/{rel}","templated":true}]}}