{"id":118362,"date":"2025-11-14T00:00:00","date_gmt":"2025-11-13T23:00:00","guid":{"rendered":"https:\/\/gpl-love.com\/fr\/produit\/bookly-multiply-appointments-addon\/"},"modified":"2026-03-20T22:56:54","modified_gmt":"2026-03-20T21:56:54","slug":"bookly-multiply-appointments-addon","status":"publish","type":"product","link":"https:\/\/gpl-love.com\/fr\/produit\/bookly-multiply-appointments-addon\/","title":{"rendered":"Bookly Multiply Appointments Addon 2.8"},"content":{"rendered":"<h3>Bookly Multiply Appointments Addon Traits<\/h3>\n<p>Multipliser les rendez-vous par Books, Addon, un outil tr\u00e8s robuste et avanc\u00e9, a \u00e9t\u00e9 sp\u00e9cifiquement con\u00e7u pour r\u00e9pondre aux besoins des entreprises cherchant \u00e0 accueillir plusieurs rendez-vous pour leur client\u00e8le estim\u00e9e. En tirant parti de cet outil exceptionnel, les entreprises peuvent g\u00e9n\u00e9rer et g\u00e9rer sans effort une multitude de rendez-vous pour chaque client individuel, optimisant ainsi efficacement leur utilisation du temps et am\u00e9liorant l&rsquo;efficacit\u00e9 op\u00e9rationnelle globale. Int\u00e9gr\u00e9 de mani\u00e8re transparente au plugin Bookly, cet addon pr\u00e9sente une interface utilisateur navigable sans effort, le rendant remarquablement adapt\u00e9 \u00e0 l&rsquo;utilisateur et sans effort pour r\u00e9pondre aux exigences uniques. Les utilisateurs ont le privil\u00e8ge de planifier simultan\u00e9ment plusieurs rendez-vous, de personnaliser la dur\u00e9e et les intervalles de chaque rendez-vous, d&rsquo;\u00e9tablir une limite d\u00e9finitive sur le nombre de rendez-vous par jour et par semaine, et se servir d&rsquo;une pl\u00e9thore d&rsquo;autres caract\u00e9ristiques remarquables. Par cons\u00e9quent, avec les rendez-vous multipli\u00e9s par Books, les entreprises peuvent rationaliser de mani\u00e8re transparente leur processus de r\u00e9servation de rendez-vous tout en fournissant simultan\u00e9ment un niveau d&rsquo;excellence in\u00e9gal\u00e9 de service \u00e0 leur client\u00e8le estim\u00e9e.<\/p>\n<ul>\n<li>Permet \u00e0 plusieurs rendez-vous d&rsquo;\u00eatre r\u00e9serv\u00e9s imm\u00e9diatement<\/li>\n<li>Interface facile \u00e0 utiliser<\/li>\n<li>\u00c9conomise du temps pour le client et l&rsquo;entreprise<\/li>\n<li>Compatible avec Bookly Pro et Bookly Lite<\/li>\n<li>Peut \u00eatre personnalis\u00e9 pour r\u00e9pondre aux besoins de l&rsquo;entreprise<\/li>\n<li>Fournit des informations de rendez-vous d\u00e9taill\u00e9es et une planification<\/li>\n<li>R\u00e9duit les erreurs dans la planification et la r\u00e9servation<\/li>\n<li>Augmente l&rsquo;efficacit\u00e9 et la productivit\u00e9<\/li>\n<li>Am\u00e9liore l&rsquo;exp\u00e9rience client en offrant une flexibilit\u00e9 dans la planification<\/li>\n<li>Rationalise le processus de r\u00e9servation de rendez-vous.<\/li>\n<\/ul>\n","protected":false},"excerpt":{"rendered":"<p>L&rsquo;addition de rendez-vous multipli\u00e9 par Booking est un outil incontournable pour tous ceux qui cherchent \u00e0 optimiser leur processus de planification. Cette application innovante permet aux utilisateurs de r\u00e9server plusieurs rendez-vous \u00e0 la fois, ce qui le rend id\u00e9al pour les entreprises avec un trafic client \u00e9lev\u00e9. Avec son interface conviviale, vous pouvez facilement g\u00e9rer et suivre tous vos rendez-vous en un seul endroit, am\u00e9liorant l&rsquo;efficacit\u00e9 et la productivit\u00e9. Ses caract\u00e9ristiques cl\u00e9s incluent un syst\u00e8me de r\u00e9servation intuitif, des rappels automatiques et des mises \u00e0 jour en temps r\u00e9el, en vous assurant de ne jamais manquer une r\u00e9union ou un \u00e9v\u00e9nement important. L&rsquo;addon de rendez-vous multipli\u00e9 par Bookly n&rsquo;est pas seulement un utilitaire, il change la donne dans la gestion de votre temps et de votre entreprise. D\u00e9couvrez la commodit\u00e9 et l&rsquo;efficacit\u00e9 que cet addon offre et transformez votre processus de planification en une exp\u00e9rience fluide et sans tracas.<\/p>\n","protected":false},"featured_media":143283,"comment_status":"open","ping_status":"open","template":"","meta":[],"product_brand":[2435],"product_cat":[1189,1181,1186],"product_tag":[1231],"class_list":{"0":"post-118362","1":"product","2":"type-product","3":"status-publish","4":"has-post-thumbnail","6":"product_brand-codecanyon","7":"product_cat-personnalisation","8":"product_cat-plugins","9":"product_cat-wordpress-plugins","10":"product_tag-codecanyon","11":"member-discount","12":"discount-restricted","14":"first","15":"instock","16":"sale","17":"downloadable","18":"virtual","19":"sold-individually","20":"purchasable","21":"product-type-simple"},"_links":{"self":[{"href":"https:\/\/gpl-love.com\/fr\/wp-json\/wp\/v2\/product\/118362","targetHints":{"allow":["GET"]}}],"collection":[{"href":"https:\/\/gpl-love.com\/fr\/wp-json\/wp\/v2\/product"}],"about":[{"href":"https:\/\/gpl-love.com\/fr\/wp-json\/wp\/v2\/types\/product"}],"replies":[{"embeddable":true,"href":"https:\/\/gpl-love.com\/fr\/wp-json\/wp\/v2\/comments?post=118362"}],"wp:featuredmedia":[{"embeddable":true,"href":"https:\/\/gpl-love.com\/fr\/wp-json\/wp\/v2\/media\/143283"}],"wp:attachment":[{"href":"https:\/\/gpl-love.com\/fr\/wp-json\/wp\/v2\/media?parent=118362"}],"wp:term":[{"taxonomy":"product_brand","embeddable":true,"href":"https:\/\/gpl-love.com\/fr\/wp-json\/wp\/v2\/product_brand?post=118362"},{"taxonomy":"product_cat","embeddable":true,"href":"https:\/\/gpl-love.com\/fr\/wp-json\/wp\/v2\/product_cat?post=118362"},{"taxonomy":"product_tag","embeddable":true,"href":"https:\/\/gpl-love.com\/fr\/wp-json\/wp\/v2\/product_tag?post=118362"}],"curies":[{"name":"wp","href":"https:\/\/api.w.org\/{rel}","templated":true}]}}