{"id":118361,"date":"2024-05-03T00:00:00","date_gmt":"2024-05-02T22:00:00","guid":{"rendered":"https:\/\/gpl-love.com\/fr\/produit\/bookly-google-maps-address-addon\/"},"modified":"2026-03-20T22:56:50","modified_gmt":"2026-03-20T21:56:50","slug":"bookly-google-maps-address-addon","status":"publish","type":"product","link":"https:\/\/gpl-love.com\/fr\/produit\/bookly-google-maps-address-addon\/","title":{"rendered":"Bookly Google Maps Address Addon 2.0"},"content":{"rendered":"<h3>Bookly Google Maps Address Addon Traits<\/h3>\n<p>L&rsquo;adresse de Bookly Google Maps Addon est un outil incroyablement robuste et tr\u00e8s efficace que les entreprises peuvent utiliser afin de rationaliser et d&rsquo;optimiser leur processus de r\u00e9servation de rendez-vous. Cet addon dynamique et innovant offre aux utilisateurs la capacit\u00e9 transparente pour naviguer sans effort et identifier leur emplacement souhait\u00e9 sur une interface Google Map compl\u00e8te et interactive, am\u00e9liorant ainsi consid\u00e9rablement l&rsquo;efficacit\u00e9 et la convivialit\u00e9 de l&rsquo;utilisateur de la proc\u00e9dure de r\u00e9servation. De plus, avec sa capacit\u00e9 remarquable \u00e0 s&rsquo;int\u00e9grer de mani\u00e8re transparente \u00e0 votre logiciel Bookly pr\u00e9existant, cet addon exceptionnel pr\u00e9sente une solution remarquablement pratique et sans tracas qui r\u00e9pond aux divers besoins et aux exigences des entreprises couvrant un large \u00e9ventail de tailles et d&rsquo;industries, qui sont toutes cherchant avec impatience \u00e0 am\u00e9liorer et \u00e0 \u00e9lever leur exp\u00e9rience de r\u00e9servation en ligne. En cons\u00e9quence directe de l&rsquo;int\u00e9gration inestimable de l&rsquo;adresse de Bookly Google Maps, les entreprises ont la possibilit\u00e9 remarquable d&rsquo;augmenter exponentiellement les niveaux de satisfaction des clients, ce qui \u00e0 son tour conduit in\u00e9vitablement \u00e0 une augmentation consid\u00e9rable et substantielle de leur performance financi\u00e8re et de leur rentabilit\u00e9 globale.<\/p>\n<ul>\n<li>Simplifie le processus de planification des rendez-vous en permettant aux clients de saisir leur adresse directement dans Google Maps<\/li>\n<li>Remplit automatiquement les champs d&rsquo;adresse avec des informations pr\u00e9cises pour une r\u00e9servation facile<\/li>\n<li>\u00c9conomise du temps et de la frustration en \u00e9liminant le besoin d&rsquo;une entr\u00e9e manuelle ou d&rsquo;une copie \/ coller<\/li>\n<li>Am\u00e9liore l&rsquo;exp\u00e9rience client en offrant un processus de r\u00e9servation plus transparent<\/li>\n<li>Augmente l&rsquo;efficacit\u00e9 des fournisseurs de services en r\u00e9duisant les erreurs et en garantissant que des informations pr\u00e9cises sont collect\u00e9es<\/li>\n<li>Compatible avec Bookly Pro et Bookly Lite Versions 1 -0 et plus<\/li>\n<li>Disponible en tant que module compl\u00e9mentaire pour une int\u00e9gration facile avec le syst\u00e8me de planification existant de Bookly<\/li>\n<li>N\u00e9cessite une cl\u00e9 API Google Maps pour fonctionner et assurer des informations de mappage pr\u00e9cises<\/li>\n<\/ul>\n","protected":false},"excerpt":{"rendered":"<p>D\u00e9couvrez la commodit\u00e9 de l&rsquo;adresse automatique avec notre addition d&rsquo;adresse Bookly Google Maps. Cet addon riche en fonctionnalit\u00e9s offre plus que des services de localisation; Il offre \u00e0 vos clients une exp\u00e9rience utilisateur am\u00e9lior\u00e9e et une navigation transparente. Une fois install\u00e9, il sugg\u00e8re automatiquement les adresses \u00e0 mesure que vos clients tapent, leur faisant gagner du temps et emp\u00eacher les erreurs de frappe. De plus, il affiche une carte Google interactive pour les conseils visuels. Que vous ex\u00e9cutiez une boutique en ligne, une entreprise bas\u00e9e sur les services ou un blog, l&rsquo;addition d&rsquo;adresse Bookly Google Maps est un outil incontournable pour rationaliser le processus de r\u00e9servation et am\u00e9liorer la satisfaction du client. Mettez \u00e0 niveau les fonctionnalit\u00e9s de votre site Web aujourd&rsquo;hui avec cet addon facile \u00e0 utiliser, efficace et fiable.<\/p>\n","protected":false},"featured_media":143278,"comment_status":"open","ping_status":"open","template":"","meta":[],"product_brand":[2435],"product_cat":[1189,1181,1186],"product_tag":[1231],"class_list":{"0":"post-118361","1":"product","2":"type-product","3":"status-publish","4":"has-post-thumbnail","6":"product_brand-codecanyon","7":"product_cat-personnalisation","8":"product_cat-plugins","9":"product_cat-wordpress-plugins","10":"product_tag-codecanyon","11":"member-discount","12":"discount-restricted","14":"first","15":"instock","16":"sale","17":"downloadable","18":"virtual","19":"sold-individually","20":"purchasable","21":"product-type-simple"},"_links":{"self":[{"href":"https:\/\/gpl-love.com\/fr\/wp-json\/wp\/v2\/product\/118361","targetHints":{"allow":["GET"]}}],"collection":[{"href":"https:\/\/gpl-love.com\/fr\/wp-json\/wp\/v2\/product"}],"about":[{"href":"https:\/\/gpl-love.com\/fr\/wp-json\/wp\/v2\/types\/product"}],"replies":[{"embeddable":true,"href":"https:\/\/gpl-love.com\/fr\/wp-json\/wp\/v2\/comments?post=118361"}],"wp:featuredmedia":[{"embeddable":true,"href":"https:\/\/gpl-love.com\/fr\/wp-json\/wp\/v2\/media\/143278"}],"wp:attachment":[{"href":"https:\/\/gpl-love.com\/fr\/wp-json\/wp\/v2\/media?parent=118361"}],"wp:term":[{"taxonomy":"product_brand","embeddable":true,"href":"https:\/\/gpl-love.com\/fr\/wp-json\/wp\/v2\/product_brand?post=118361"},{"taxonomy":"product_cat","embeddable":true,"href":"https:\/\/gpl-love.com\/fr\/wp-json\/wp\/v2\/product_cat?post=118361"},{"taxonomy":"product_tag","embeddable":true,"href":"https:\/\/gpl-love.com\/fr\/wp-json\/wp\/v2\/product_tag?post=118361"}],"curies":[{"name":"wp","href":"https:\/\/api.w.org\/{rel}","templated":true}]}}