{"id":118360,"date":"2023-11-01T00:00:00","date_gmt":"2023-10-31T23:00:00","guid":{"rendered":"https:\/\/gpl-love.com\/fr\/produit\/bookly-special-hours\/"},"modified":"2026-03-20T22:57:03","modified_gmt":"2026-03-20T21:57:03","slug":"bookly-special-hours","status":"publish","type":"product","link":"https:\/\/gpl-love.com\/fr\/produit\/bookly-special-hours\/","title":{"rendered":"Bookly Special Hours 3.4"},"content":{"rendered":"<h3>Bookly Special Hours Traits<\/h3>\n<p>Bookly Special Hours est un outil incroyablement robuste et sophistiqu\u00e9, con\u00e7u sp\u00e9cifiquement pour r\u00e9pondre aux besoins complexes des entreprises, leur permettant de g\u00e9rer sans effort leurs heures de fonctionnement. En utilisant ce logiciel de pointe, les utilisateurs re\u00e7oivent la capacit\u00e9 remarquable d&rsquo;\u00e9tablir et de configurer des heures sp\u00e9ciales pour une myriade d&rsquo;occasions, que ce soit des vacances, des \u00e9v\u00e9nements ou toute autre situation qui n\u00e9cessite un \u00e9cart de leur horaire r\u00e9gulier. L&rsquo;une des caract\u00e9ristiques les plus remarquables de ce programme est sa convivialit\u00e9 in\u00e9gal\u00e9e, garantissant que m\u00eame ceux qui ont une expertise technique minimale peuvent naviguer et utiliser le logiciel avec facilit\u00e9. De plus, Bookly Special Hours poss\u00e8de une vaste gamme d&rsquo;options personnalisables, permettant aux entreprises d&rsquo;adapter le logiciel pr\u00e9cis\u00e9ment \u00e0 leurs exigences individuelles. En outre, l&rsquo;int\u00e9gration transparente de ce logiciel dans les syst\u00e8mes existants est vraiment louable, car elle devient sans effort un \u00e9l\u00e9ment transparent de tout flux de travail existant. Par cons\u00e9quent, il est sans aucun doute que Bookly Special Hours est un outil indispensable et inestimable pour les entreprises qui cherchent \u00e0 rationaliser leurs processus de planification, tout en garantissant simultan\u00e9ment que leurs clients estim\u00e9s re\u00e7oivent r\u00e9guli\u00e8rement des informations pr\u00e9cises et \u00e0 jour concernant leurs heures d&rsquo;ouverture op\u00e9ration.<\/p>\n<ul>\n<li>Permet aux entreprises de d\u00e9finir des heures d&rsquo;ouverture et de fermeture sp\u00e9ciales pour des dates sp\u00e9cifiques<\/li>\n<li>Aide \u00e0 \u00e9viter la confusion pour les clients pendant les p\u00e9riodes de vacances ou d&rsquo;autres \u00e9v\u00e9nements<\/li>\n<li>D\u00e9passe automatiquement les heures de fonctionnement r\u00e9guli\u00e8res les jours sp\u00e9cifi\u00e9s<\/li>\n<li>Peut \u00eatre personnalis\u00e9 pour diff\u00e9rents emplacements ou branches<\/li>\n<li>Offre aux entreprises de la flexibilit\u00e9 d&rsquo;ajuster leurs heures sans mettre \u00e0 jour manuellement leur horaire<\/li>\n<li>Am\u00e9liore la satisfaction des clients et r\u00e9duit le risque de r\u00e9troaction n\u00e9gative ou de plaintes<\/li>\n<li>Int\u00e9gre parfaitement avec d&rsquo;autres fonctionnalit\u00e9s de livre pour la planification et la gestion rationalis\u00e9es<\/li>\n<li>Gauche du temps et des efforts pour les gestionnaires et les employ\u00e9s en \u00e9liminant le besoin de mises \u00e0 jour manuelles<\/li>\n<li>Fournit un avantage concurrentiel en offrant une plus grande commodit\u00e9 et flexibilit\u00e9 par rapport aux autres entreprises de l&rsquo;industrie.<\/li>\n<\/ul>\n","protected":false},"excerpt":{"rendered":"<p>Bookly Special Hours est un plugin tr\u00e8s efficace et convivial qui vous permet de g\u00e9rer facilement vos heures d&rsquo;ouverture. Cet outil avanc\u00e9 offre une pl\u00e9thore de fonctionnalit\u00e9s con\u00e7ues pour vous aider \u00e0 rationaliser vos op\u00e9rations et \u00e0 am\u00e9liorer la satisfaction du client. Avec les heures sp\u00e9ciales de Bookly, vous pouvez personnaliser vos heures de travail pour diff\u00e9rents jours, d\u00e9finir des horaires exceptionnels pour les vacances et g\u00e9rer la disponibilit\u00e9 de votre personnel sans effort. Que vous ex\u00e9cutiez un salon, un studio de fitness ou toute autre entreprise bas\u00e9e sur des rendez-vous, ce plugin vous permet de r\u00e9pondre efficacement aux besoins de vos clients. Il s&rsquo;int\u00e8gre \u00e9galement de mani\u00e8re transparente au plugin Bookly Pro, vous offrant une solution compl\u00e8te de gestion d&rsquo;entreprise. D\u00e9couvrez la puissance de la flexibilit\u00e9 et du contr\u00f4le avec des heures sp\u00e9ciales en faveur de Bookly et amenez votre entreprise \u00e0 de nouveaux sommets.<\/p>\n","protected":false},"featured_media":143293,"comment_status":"open","ping_status":"open","template":"","meta":[],"product_brand":[2435],"product_cat":[1189,1181,1186],"product_tag":[1231],"class_list":{"0":"post-118360","1":"product","2":"type-product","3":"status-publish","4":"has-post-thumbnail","6":"product_brand-codecanyon","7":"product_cat-personnalisation","8":"product_cat-plugins","9":"product_cat-wordpress-plugins","10":"product_tag-codecanyon","11":"member-discount","12":"discount-restricted","14":"first","15":"instock","16":"sale","17":"downloadable","18":"virtual","19":"sold-individually","20":"purchasable","21":"product-type-simple"},"_links":{"self":[{"href":"https:\/\/gpl-love.com\/fr\/wp-json\/wp\/v2\/product\/118360","targetHints":{"allow":["GET"]}}],"collection":[{"href":"https:\/\/gpl-love.com\/fr\/wp-json\/wp\/v2\/product"}],"about":[{"href":"https:\/\/gpl-love.com\/fr\/wp-json\/wp\/v2\/types\/product"}],"replies":[{"embeddable":true,"href":"https:\/\/gpl-love.com\/fr\/wp-json\/wp\/v2\/comments?post=118360"}],"wp:featuredmedia":[{"embeddable":true,"href":"https:\/\/gpl-love.com\/fr\/wp-json\/wp\/v2\/media\/143293"}],"wp:attachment":[{"href":"https:\/\/gpl-love.com\/fr\/wp-json\/wp\/v2\/media?parent=118360"}],"wp:term":[{"taxonomy":"product_brand","embeddable":true,"href":"https:\/\/gpl-love.com\/fr\/wp-json\/wp\/v2\/product_brand?post=118360"},{"taxonomy":"product_cat","embeddable":true,"href":"https:\/\/gpl-love.com\/fr\/wp-json\/wp\/v2\/product_cat?post=118360"},{"taxonomy":"product_tag","embeddable":true,"href":"https:\/\/gpl-love.com\/fr\/wp-json\/wp\/v2\/product_tag?post=118360"}],"curies":[{"name":"wp","href":"https:\/\/api.w.org\/{rel}","templated":true}]}}