{"id":118359,"date":"2025-11-17T00:00:00","date_gmt":"2025-11-16T23:00:00","guid":{"rendered":"https:\/\/gpl-love.com\/fr\/produit\/bookly-chain-appointments-addon\/"},"modified":"2026-03-20T22:56:42","modified_gmt":"2026-03-20T21:56:42","slug":"bookly-chain-appointments-addon","status":"publish","type":"product","link":"https:\/\/gpl-love.com\/fr\/produit\/bookly-chain-appointments-addon\/","title":{"rendered":"Bookly Chain Appointments Addon 2.5"},"content":{"rendered":"<h3>Bookly Chain Appointments Addon Traits<\/h3>\n<p>Les rendez-vous \u00e0 la cha\u00eene Bookly, une solution incroyablement efficace destin\u00e9e aux entreprises qui ont besoin de r\u00e9servations de rendez-vous s\u00e9quentielles et interd\u00e9pendantes, s&rsquo;av\u00e8re \u00eatre la r\u00e9ponse id\u00e9ale. En offrant la capacit\u00e9 de planifier sans effort des rendez-vous impliquant plusieurs fournisseurs de services ou services n\u00e9cessitant plusieurs sessions, cet addon r\u00e9volutionne vraiment l&rsquo;exp\u00e9rience de r\u00e9servation. Il permet aux clients de r\u00e9server de mani\u00e8re transparente une s\u00e9rie de rendez-vous en un seul coup, simplifiant le processus global et garantissant efficacement que tous les services essentiels sont correctement programm\u00e9s. Cet addon est incroyablement polyvalent et vous donne la capacit\u00e9 d&rsquo;\u00e9tablir une cha\u00eene de rendez-vous accompagn\u00e9e de r\u00e8gles et de conditions flexibles. En incorporant l&rsquo;addition de rendez-vous \u00e0 la cha\u00eene Bookly dans vos op\u00e9rations, vous rationaliserez ind\u00e9niablement votre processus de r\u00e9servation, gagnerez efficacement le temps et vous offrez finalement une exp\u00e9rience sans tracas et sans faille pour vos pr\u00e9cieux clients.<\/p>\n<ul>\n<li>Rationalise le processus de r\u00e9servation de rendez-vous, ce qui rend la t\u00e2che facile et efficace pour les entreprises et leurs clients<\/li>\n<li>Permet aux utilisateurs de r\u00e9server plusieurs rendez-vous dans une cha\u00eene, afin qu&rsquo;ils puissent planifier une s\u00e9rie de rendez-vous en m\u00eame temps<\/li>\n<li>Offre la flexibilit\u00e9, avec la possibilit\u00e9 de d\u00e9finir des intervalles entre les rendez-vous, ajuster la dur\u00e9e de chaque rendez-vous, et plus<\/li>\n<li>Facilite la mise en place de rendez-vous r\u00e9currents, afin que les clients puissent planifier r\u00e9guli\u00e8rement des rendez-vous sans avoir \u00e0 r\u00e9server chacun individuellement<\/li>\n<li>Offre des formulaires de r\u00e9servation personnalisables, afin que les entreprises puissent collecter les informations dont ils ont besoin de leurs clients et adapter le processus de r\u00e9servation de rendez-vous \u00e0 leurs besoins sp\u00e9cifiques<\/li>\n<li>S&rsquo;int\u00e8gre parfaitement au plugin Bookly Pro et \u00e0 d&rsquo;autres modules compl\u00e9mentaires, fournissant une solution de r\u00e9servation compl\u00e8te pour les entreprises de tous types et tailles<\/li>\n<li>Permet aux entreprises de mettre en place des rappels et des notifications pour les rendez-vous \u00e0 venir, en r\u00e9duisant la probabilit\u00e9 de non-pr\u00e9sentation et de rendez-vous manqu\u00e9s<\/li>\n<li>Fournit des rapports et des analyses d\u00e9taill\u00e9s, donnant aux entreprises un aper\u00e7u de leur activit\u00e9 de r\u00e9servation et en les aidant \u00e0 optimiser leur processus de planification de rendez-vous pour une efficacit\u00e9 et une rentabilit\u00e9 maximales.<\/li>\n<\/ul>\n","protected":false},"excerpt":{"rendered":"<p>L&rsquo;addition de rendez-vous \u00e0 la cha\u00eene Bookly apporte un nouveau niveau d&rsquo;efficacit\u00e9 et de commodit\u00e9 \u00e0 vos besoins de planification. Avec cet addon, vous pouvez relier sans effort plusieurs rendez-vous de services ensemble, permettant \u00e0 vos clients de r\u00e9server plusieurs services en une seule visite. C&rsquo;est une solution id\u00e9ale pour les entreprises qui fournissent une gamme de services, tels que les salons de beaut\u00e9, les centres de bien-\u00eatre et les cliniques. Cet addon permet \u00e0 vos clients d&rsquo;\u00e9conomiser du temps et d&rsquo;assurer une exp\u00e9rience de r\u00e9servation fluide et transparente. Avec les rendez-vous \u00e0 la cha\u00eene Bookly, vous pouvez augmenter votre productivit\u00e9, am\u00e9liorer la satisfaction du client et rationaliser votre processus de r\u00e9servation. Mettez \u00e0 niveau votre syst\u00e8me de planification avec cet adddon polyvalent et convivial.<\/p>\n","protected":false},"featured_media":143269,"comment_status":"open","ping_status":"open","template":"","meta":[],"product_brand":[2435],"product_cat":[1189,1181,1186],"product_tag":[1231],"class_list":{"0":"post-118359","1":"product","2":"type-product","3":"status-publish","4":"has-post-thumbnail","6":"product_brand-codecanyon","7":"product_cat-personnalisation","8":"product_cat-plugins","9":"product_cat-wordpress-plugins","10":"product_tag-codecanyon","11":"member-discount","12":"discount-restricted","14":"first","15":"instock","16":"sale","17":"downloadable","18":"virtual","19":"sold-individually","20":"purchasable","21":"product-type-simple"},"_links":{"self":[{"href":"https:\/\/gpl-love.com\/fr\/wp-json\/wp\/v2\/product\/118359","targetHints":{"allow":["GET"]}}],"collection":[{"href":"https:\/\/gpl-love.com\/fr\/wp-json\/wp\/v2\/product"}],"about":[{"href":"https:\/\/gpl-love.com\/fr\/wp-json\/wp\/v2\/types\/product"}],"replies":[{"embeddable":true,"href":"https:\/\/gpl-love.com\/fr\/wp-json\/wp\/v2\/comments?post=118359"}],"wp:featuredmedia":[{"embeddable":true,"href":"https:\/\/gpl-love.com\/fr\/wp-json\/wp\/v2\/media\/143269"}],"wp:attachment":[{"href":"https:\/\/gpl-love.com\/fr\/wp-json\/wp\/v2\/media?parent=118359"}],"wp:term":[{"taxonomy":"product_brand","embeddable":true,"href":"https:\/\/gpl-love.com\/fr\/wp-json\/wp\/v2\/product_brand?post=118359"},{"taxonomy":"product_cat","embeddable":true,"href":"https:\/\/gpl-love.com\/fr\/wp-json\/wp\/v2\/product_cat?post=118359"},{"taxonomy":"product_tag","embeddable":true,"href":"https:\/\/gpl-love.com\/fr\/wp-json\/wp\/v2\/product_tag?post=118359"}],"curies":[{"name":"wp","href":"https:\/\/api.w.org\/{rel}","templated":true}]}}